{"id":9061,"date":"2018-04-21T16:15:29","date_gmt":"2018-04-21T15:15:29","guid":{"rendered":"https:\/\/www.alexetalex.com\/ca\/?page_id=9061"},"modified":"2019-08-08T07:19:35","modified_gmt":"2019-08-08T06:19:35","slug":"nefles-du-japon-bienfaits","status":"publish","type":"page","link":"https:\/\/www.alexetalex.com\/ca\/dossiers-fruites\/fruit-et-nutrition\/nefles-du-japon-bienfaits\/","title":{"rendered":"N\u00e8fle du Japon : le guide complet"},"content":{"rendered":"<h1>La\u00a0N\u00e8fle du Japon : le guide complet sur ce fruit peu connu<\/h1>\n<p>La N\u00e8fle du Japon\u00a0est\u00a0l&rsquo;un des premiers fruits du printemps, mais sa saison est tr\u00e8s courte : vous ne la retrouverez que quelques semaines en Avril et en Mai. De couleur jaune orang\u00e9e, et de forme ovale, ce fruit charnu a une taille d&rsquo;environ 3 \u00e0 4 cm.<\/p>\n<p>Sa peau est lisse, et l\u00e9g\u00e8rement duvet\u00e9. Sa chair est tendre et l\u00e9g\u00e8rement acidul\u00e9e. La N\u00e8fle du Japon contient g\u00e9n\u00e9ralement 3 \u00e0 5 gros noyaux (ou plut\u00f4t p\u00e9pins puisqu&rsquo;il s&rsquo;agit d&rsquo;une baie).<\/p>\n<p><img loading=\"lazy\" width=\"745\" height=\"462\" src=\"https:\/\/www.alexetalex.com\/ca\/wp-content\/uploads\/2018\/04\/Nefles-du-japon.jpg\" alt=\"Nefles du japon\" class=\"alignnone size-full wp-image-10716\" srcset=\"https:\/\/www.alexetalex.com\/ca\/wp-content\/uploads\/2018\/04\/Nefles-du-japon.jpg 745w, https:\/\/www.alexetalex.com\/ca\/wp-content\/uploads\/2018\/04\/Nefles-du-japon-600x372.jpg 600w, https:\/\/www.alexetalex.com\/ca\/wp-content\/uploads\/2018\/04\/Nefles-du-japon-250x155.jpg 250w, https:\/\/www.alexetalex.com\/ca\/wp-content\/uploads\/2018\/04\/Nefles-du-japon-700x434.jpg 700w, https:\/\/www.alexetalex.com\/ca\/wp-content\/uploads\/2018\/04\/Nefles-du-japon-120x74.jpg 120w, https:\/\/www.alexetalex.com\/ca\/wp-content\/uploads\/2018\/04\/Nefles-du-japon-320x198.jpg 320w\" sizes=\"(max-width: 745px) 100vw, 745px\" \/><\/p>\n<h2>I] La n\u00e8fle du Japon : tout savoir en 2 minutes<\/h2>\n<p>La n\u00e8fle du Japon est un fruit comestible qui est appr\u00e9ci\u00e9 par les consommateurs pour sa chair sucr\u00e9e. Il peut se consommer nature comme il se cuisine. Sur le march\u00e9, il est vendu \u00e0 un prix raisonnable.<\/p>\n<p>Pour profiter de ses nombreuses vertus, il est conseill\u00e9 de rep\u00e9rer les saisons pendant lesquelles le fruit est vendu en masse sur le march\u00e9.  D\u2019un autre c\u00f4t\u00e9, les amoureux de ce fruit seront subjugu\u00e9s par ses nombreux bienfaits. <\/p>\n<h3>La N\u00e8fle : le fruit m\u00e9connu du n\u00e9flier commun<\/h3>\n<p>Le n\u00e9flier commun ou Mespilus Germanica est un petit arbre qui appartient aux Rosac\u00e9es. De sa culture, on obtient les n\u00e8fles ou encore blets qui sont \u00e9galement des fruits \u00e0 p\u00e9pin.<\/p>\n<p>La n\u00e8fle du Japon n\u2019a rien de commun avec cette n\u00e8fle. Cependant, la confusion ne se fait pas attendre et les consommateurs prennent souvent les n\u00e8fles du japon pour de simples n\u00e8fles.<\/p>\n<h3>N\u00e8fle : saison<\/h3>\n<p>La saison de la n\u00e8fle du Japon se situe au printemps et en \u00e9t\u00e9. L\u2019arbre est mature au printemps. En France, dans le sud,  la n\u00e8fle du Japon se consomme en Mai et en Juin. Au Maghreb, le fruit se retrouve plut\u00f4t en mars et en avril.<\/p>\n<h3>Prix moyen de la N\u00e8fle : 5\u20ac \/ kg<\/h3>\n<p>La n\u00e8fle du Japon est un fruit extr\u00eamement appr\u00e9ci\u00e9 pour ses avantages et sa saveur acidul\u00e9e qui lui permet de relever les go\u00fbts de nombreux desserts. En saison, son prix avoisine les 5\u20ac le kilo.<\/p>\n<h2>II] Les bienfaits de la\u00a0N\u00e8fle du Japon<\/h2>\n<h3>Analyse nutritionnelle<\/h3>\n<p>Les N\u00e8fles du Japon sont rafra\u00eechissantes et peu caloriques (47 kcal \/ 100g). Elles sont notamment riches en Potassium (13% de la Valeur Nutritionnelle de R\u00e9f\u00e9rence pour 100g de fruit) ainsi qu&rsquo;en vitamines B6 et B9 (respectivement plus de 7% de la VNR pour 100g de fruit).<\/p>\n<p>Les N\u00e8fles du Japon contiennent de nombreux min\u00e9raux et oligo-\u00e9l\u00e9ments (valeur pour 100g de fruit) * :<br \/>\n<br \/>&#8211; potassium 266 mg<br \/>\n<br \/>&#8211; phosphore : 27 mg<br \/>\n<br \/>&#8211; calcium : 16 mg<br \/>\n<br \/>&#8211; magn\u00e9sium : 13 mg<br \/>\n<br \/>&#8211; sodium : 1 mg<br \/>\n<br \/>&#8211; fer : 0.28 mg<br \/>\n<br \/>&#8211; zinc : 50 \u00b5g<br \/>\n<br \/>&#8211; cuivre : 40 \u00b5g<\/p>\n<p>Les N\u00e8fles du Japon contiennent aussi de nombreuses vitamines (valeurs pour 100g de fruit) * :<br \/>\n<br \/>&#8211; vitamine A : 27 \u00b5g<br \/>\n<br \/>&#8211; vitamine C : 1 mg<br \/>\n<br \/>&#8211; vitamine B1 : 19 \u00b5g<br \/>\n<br \/>&#8211; vitamine B2 : 24 \u00b5g<br \/>\n<br \/>&#8211; vitamine B3\/PP\/Niacine : 180 \u00b5g<\/p>\n<p><i>(*) Source : Wikip\u00e9dia et Aprifel<\/i><\/p>\n<h3>Les bienfaits de la N\u00e8fle : conclusion de l&rsquo;analyse nutritionnelle<\/h3>\n<p>Ces caract\u00e9ristiques font des N\u00e8fles du Japon un fruit int\u00e9ressant sur le plan nutritionnel. Alors en saison, n&rsquo;h\u00e9sitez donc pas \u00e0 go\u00fbter ce fruit d\u00e9licieux !<\/p>\n<p><img loading=\"lazy\" width=\"560\" height=\"400\" src=\"https:\/\/www.alexetalex.com\/ca\/wp-content\/uploads\/2018\/04\/nefle-560x400bis.jpg\" alt=\"N\u00e8fle du Japon : bienfaits\" class=\"alignnone size-full wp-image-9064\" srcset=\"https:\/\/www.alexetalex.com\/ca\/wp-content\/uploads\/2018\/04\/nefle-560x400bis.jpg 560w, https:\/\/www.alexetalex.com\/ca\/wp-content\/uploads\/2018\/04\/nefle-560x400bis-250x179.jpg 250w, https:\/\/www.alexetalex.com\/ca\/wp-content\/uploads\/2018\/04\/nefle-560x400bis-120x86.jpg 120w, https:\/\/www.alexetalex.com\/ca\/wp-content\/uploads\/2018\/04\/nefle-560x400bis-320x229.jpg 320w\" sizes=\"(max-width: 560px) 100vw, 560px\" \/><\/p>\n<h3>Recette \u00e0 base de n\u00e8fles : la confiture de n\u00e8fles<\/h3>\n<p>Les n\u00e8fles du Japon sont int\u00e9gr\u00e9es dans de nombreuses recettes. En confiture, ce fruit est succulent. Pour ce faire, il faut pr\u00e9parer les fruits en les lavant puis en les pelant. Il convient de retirer les noyaux et de couper les fruits en morceau. Pour anticiper l\u2019oxydation, il est conseill\u00e9 d\u2019ajouter un peu de jus de citron au tout.<\/p>\n<p>L\u2019\u00e9tape suivante consiste en la mac\u00e9ration des fruits et au rajout de sucre. La mixture se conserve une nuit. Il faut la recouvrir d\u2019un torchon. Il est envisageable de saupoudrer un peu de cannelle sur le tout.<\/p>\n<p><img loading=\"lazy\" width=\"400\" height=\"237\" src=\"https:\/\/www.alexetalex.com\/ca\/wp-content\/uploads\/2018\/04\/Nefles-confitures.jpg\" alt=\"Nefles confitures\" class=\"alignnone size-full wp-image-10711\" srcset=\"https:\/\/www.alexetalex.com\/ca\/wp-content\/uploads\/2018\/04\/Nefles-confitures.jpg 400w, https:\/\/www.alexetalex.com\/ca\/wp-content\/uploads\/2018\/04\/Nefles-confitures-250x148.jpg 250w, https:\/\/www.alexetalex.com\/ca\/wp-content\/uploads\/2018\/04\/Nefles-confitures-120x71.jpg 120w, https:\/\/www.alexetalex.com\/ca\/wp-content\/uploads\/2018\/04\/Nefles-confitures-320x190.jpg 320w\" sizes=\"(max-width: 400px) 100vw, 400px\" \/><\/p>\n<p>La confiture se cuit 45 minutes \u00e0 partir de la premi\u00e8re \u00e9bullition. Pour g\u00e9lifier, il faut y ajouter un peu d\u2019agar-agar. Tant que la confiture est chaude, il faut la mettre en pot.<\/p>\n<h2>III] Retrouvez les bienfaits de la\u00a0N\u00e8fle du Japon sur votre lieu de travail<\/h2>\n<h3>Un fruit m\u00e9connu mais facile \u00e0 consommer<\/h3>\n<p>Nous sommes \u00e0 votre disposition pour vous proposer une offre adapt\u00e9e de corbeilles de fruits au bureau, fruits secs ou p\u00e2tisseries au bureau. Nous vous proposons un service cl\u00e9 en main de livraison de corbeilles de fruits en entreprise pour vous permettre d&rsquo;apporter bien-\u00eatre, sant\u00e9, convivialit\u00e9 et solidarit\u00e9 au profit de \u00ab\u00a0Tout le Monde Contre le Cancer\u00a0\u00bb toute l&rsquo;ann\u00e9e dans vos bureaux.<\/p>\n<p><img loading=\"lazy\" class=\"size-large wp-image-7799\" src=\"https:\/\/www.alexetalex.com\/ca\/wp-content\/uploads\/2017\/04\/Nefle-1-550x303.jpg\" width=\"550\" height=\"303\" srcset=\"https:\/\/www.alexetalex.com\/ca\/wp-content\/uploads\/2017\/04\/Nefle-1-550x303.jpg 550w, https:\/\/www.alexetalex.com\/ca\/wp-content\/uploads\/2017\/04\/Nefle-1-600x331.jpg 600w, https:\/\/www.alexetalex.com\/ca\/wp-content\/uploads\/2017\/04\/Nefle-1-270x149.jpg 270w, https:\/\/www.alexetalex.com\/ca\/wp-content\/uploads\/2017\/04\/Nefle-1-768x424.jpg 768w, https:\/\/www.alexetalex.com\/ca\/wp-content\/uploads\/2017\/04\/Nefle-1.jpg 776w\" sizes=\"(max-width: 550px) 100vw, 550px\" \/><\/p>\n<p><i>Ci-dessus, la coupe transversale d&rsquo;une N\u00e8fle du Japon, avec son gros noyau \u00e0 l&rsquo;int\u00e9rieur.<\/i><\/p>\n<h3>Pour continuer d&rsquo;apprendre<\/h3>\n<p>Retrouvez d&rsquo;autres articles similaires, sur les bienfaits de fruits, \u00e9galement r\u00e9dig\u00e9 par Camille, MsC in Life Science :<br \/>\n<br \/>&#8211; <a href=\"https:\/\/www.alexetalex.com\/ca\/dossiers-fruites\/fruit-et-nutrition\/ugli\/\" rel=\"noopener\" target=\"_blank\">L&rsquo;ugli : un fruit \u00e9galement originaire du Japon<\/a><br \/>\n<br \/>&#8211; <a href=\"https:\/\/www.alexetalex.com\/ca\/dossiers-fruites\/fruit-et-nutrition\/poire-cactus-description-et-bienfaits\/\" rel=\"noopener\" target=\"_blank\">Les bienfaits de la Figue de Barbarie<\/a><br \/>\n<br \/>&#8211; <a title=\"Calendrier des fruits et l\u00e9gumes de saison\" href=\"https:\/\/www.alexetalex.com\/ca\/dossiers-fruites\/composition-des-paniers\/calendrier-fruits-legumes-saison\/\" rel=\"noopener\" target=\"_blank\">Le calendrier des fruits et l\u00e9gumes de saison<\/a><\/p>\n<p>Cet article a fait l&rsquo;objet de mises \u00e0 jour le 28 avril 2018, et le 20 juin 2019.<\/p>\n<p><i>Retrouvez la N\u00e8fle du Japon ainsi que bien d&rsquo;autres <a title=\"Fruits au bureau\" href=\"https:\/\/www.alexetalex.com\/ca\/\">fruits au bureau<\/a> sur la page d\u00e9di\u00e9e \u00e0 notre activit\u00e9 professionnelle, la livraison de fruits au bureau.<\/i><\/p>\n<p><a title=\"Fruits au bureau\" href=\"https:\/\/www.alexetalex.com\/ca\/\"><img loading=\"lazy\" width=\"658\" height=\"280\" src=\"https:\/\/www.alexetalex.com\/ca\/wp-content\/uploads\/2018\/01\/Call-to-action-2.jpg\" alt=\"Call to action 2\" class=\"alignnone size-full wp-image-8638\" srcset=\"https:\/\/www.alexetalex.com\/ca\/wp-content\/uploads\/2018\/01\/Call-to-action-2.jpg 658w, https:\/\/www.alexetalex.com\/ca\/wp-content\/uploads\/2018\/01\/Call-to-action-2-600x255.jpg 600w, https:\/\/www.alexetalex.com\/ca\/wp-content\/uploads\/2018\/01\/Call-to-action-2-270x115.jpg 270w, https:\/\/www.alexetalex.com\/ca\/wp-content\/uploads\/2018\/01\/Call-to-action-2-550x234.jpg 550w\" sizes=\"(max-width: 658px) 100vw, 658px\" \/><\/a><\/p>\n","protected":false},"excerpt":{"rendered":"<p>La\u00a0N\u00e8fle du Japon : le guide complet sur ce fruit peu connu La N\u00e8fle du Japon\u00a0est\u00a0l&rsquo;un des premiers fruits du printemps, mais sa saison est tr\u00e8s courte : vous ne la retrouverez que quelques semaines en Avril et en Mai. De couleur jaune orang\u00e9e, et de forme ovale, ce fruit charnu a une taille d&rsquo;environ [&hellip;]<\/p>\n","protected":false},"author":4,"featured_media":9064,"parent":8698,"menu_order":0,"comment_status":"closed","ping_status":"closed","template":"template-single-dossiers-fruites.php","meta":{"_et_pb_use_builder":"","_et_pb_old_content":"","_et_gb_content_width":""},"acf":[],"yoast_head":"<!-- This site is optimized with the Yoast SEO plugin v17.6 - https:\/\/yoast.com\/wordpress\/plugins\/seo\/ -->\n<title>N\u00e8fle du Japon : le guide complet - Bienfaits, recettes, saison, prix<\/title>\n<meta name=\"description\" content=\"Les N\u00e8fles du Japon sont rafra\u00eechissantes et peu caloriques. Elles sont notamment riches en Potassium (13% de la VNR), en vitamines B6 et B9 (7% de la VNR)\" \/>\n<meta name=\"robots\" content=\"index, follow, max-snippet:-1, max-image-preview:large, max-video-preview:-1\" \/>\n<link rel=\"canonical\" href=\"https:\/\/www.alexetalex.com\/ca\/dossiers-fruites\/fruit-et-nutrition\/nefles-du-japon-bienfaits\/\" \/>\n<meta property=\"og:locale\" content=\"fr_FR\" \/>\n<meta property=\"og:type\" content=\"article\" \/>\n<meta property=\"og:title\" content=\"N\u00e8fle du Japon : le guide complet - Bienfaits, recettes, saison, prix\" \/>\n<meta property=\"og:description\" content=\"Les N\u00e8fles du Japon sont rafra\u00eechissantes et peu caloriques. Elles sont notamment riches en Potassium (13% de la VNR), en vitamines B6 et B9 (7% de la VNR)\" \/>\n<meta property=\"og:url\" content=\"https:\/\/www.alexetalex.com\/ca\/dossiers-fruites\/fruit-et-nutrition\/nefles-du-japon-bienfaits\/\" \/>\n<meta property=\"article:modified_time\" content=\"2019-08-08T06:19:35+00:00\" \/>\n<meta property=\"og:image\" content=\"https:\/\/www.alexetalex.com\/ca\/wp-content\/uploads\/2018\/04\/nefle-560x400bis.jpg\" \/>\n\t<meta property=\"og:image:width\" content=\"560\" \/>\n\t<meta property=\"og:image:height\" content=\"400\" \/>\n<meta name=\"twitter:label1\" content=\"Dur\u00e9e de lecture estim\u00e9e\" \/>\n\t<meta name=\"twitter:data1\" content=\"4 minutes\" \/>\n<script type=\"application\/ld+json\" class=\"yoast-schema-graph\">{\"@context\":\"https:\/\/schema.org\",\"@graph\":[{\"@type\":\"Organization\",\"@id\":\"https:\/\/www.alexetalex.com\/ca\/#organization\",\"name\":\"Alex & Alex\",\"url\":\"https:\/\/www.alexetalex.com\/ca\/\",\"sameAs\":[],\"logo\":{\"@type\":\"ImageObject\",\"@id\":\"https:\/\/www.alexetalex.com\/ca\/#logo\",\"inLanguage\":\"fr-FR\",\"url\":\"https:\/\/www.alexetalex.com\/ca\/wp-content\/uploads\/2020\/04\/alexalex-1.png\",\"contentUrl\":\"https:\/\/www.alexetalex.com\/ca\/wp-content\/uploads\/2020\/04\/alexalex-1.png\",\"width\":51,\"height\":50,\"caption\":\"Alex & Alex\"},\"image\":{\"@id\":\"https:\/\/www.alexetalex.com\/ca\/#logo\"}},{\"@type\":\"WebSite\",\"@id\":\"https:\/\/www.alexetalex.com\/ca\/#website\",\"url\":\"https:\/\/www.alexetalex.com\/ca\/\",\"name\":\"\",\"description\":\"\",\"publisher\":{\"@id\":\"https:\/\/www.alexetalex.com\/ca\/#organization\"},\"potentialAction\":[{\"@type\":\"SearchAction\",\"target\":{\"@type\":\"EntryPoint\",\"urlTemplate\":\"https:\/\/www.alexetalex.com\/ca\/?s={search_term_string}\"},\"query-input\":\"required name=search_term_string\"}],\"inLanguage\":\"fr-FR\"},{\"@type\":\"ImageObject\",\"@id\":\"https:\/\/www.alexetalex.com\/ca\/dossiers-fruites\/fruit-et-nutrition\/nefles-du-japon-bienfaits\/#primaryimage\",\"inLanguage\":\"fr-FR\",\"url\":\"https:\/\/www.alexetalex.com\/ca\/wp-content\/uploads\/2018\/04\/nefle-560x400bis.jpg\",\"contentUrl\":\"https:\/\/www.alexetalex.com\/ca\/wp-content\/uploads\/2018\/04\/nefle-560x400bis.jpg\",\"width\":560,\"height\":400,\"caption\":\"N\\u00e8fle du Japon : bienfaits\"},{\"@type\":\"WebPage\",\"@id\":\"https:\/\/www.alexetalex.com\/ca\/dossiers-fruites\/fruit-et-nutrition\/nefles-du-japon-bienfaits\/#webpage\",\"url\":\"https:\/\/www.alexetalex.com\/ca\/dossiers-fruites\/fruit-et-nutrition\/nefles-du-japon-bienfaits\/\",\"name\":\"N\\u00e8fle du Japon : le guide complet - Bienfaits, recettes, saison, prix\",\"isPartOf\":{\"@id\":\"https:\/\/www.alexetalex.com\/ca\/#website\"},\"primaryImageOfPage\":{\"@id\":\"https:\/\/www.alexetalex.com\/ca\/dossiers-fruites\/fruit-et-nutrition\/nefles-du-japon-bienfaits\/#primaryimage\"},\"datePublished\":\"2018-04-21T15:15:29+00:00\",\"dateModified\":\"2019-08-08T06:19:35+00:00\",\"description\":\"Les N\\u00e8fles du Japon sont rafra\\u00eechissantes et peu caloriques. Elles sont notamment riches en Potassium (13% de la VNR), en vitamines B6 et B9 (7% de la VNR)\",\"breadcrumb\":{\"@id\":\"https:\/\/www.alexetalex.com\/ca\/dossiers-fruites\/fruit-et-nutrition\/nefles-du-japon-bienfaits\/#breadcrumb\"},\"inLanguage\":\"fr-FR\",\"potentialAction\":[{\"@type\":\"ReadAction\",\"target\":[\"https:\/\/www.alexetalex.com\/ca\/dossiers-fruites\/fruit-et-nutrition\/nefles-du-japon-bienfaits\/\"]}]},{\"@type\":\"BreadcrumbList\",\"@id\":\"https:\/\/www.alexetalex.com\/ca\/dossiers-fruites\/fruit-et-nutrition\/nefles-du-japon-bienfaits\/#breadcrumb\",\"itemListElement\":[{\"@type\":\"ListItem\",\"position\":1,\"name\":\"Magazine\",\"item\":\"https:\/\/www.alexetalex.com\/ca\/dossiers-fruites\/\"},{\"@type\":\"ListItem\",\"position\":2,\"name\":\"Nutrition\",\"item\":\"https:\/\/www.alexetalex.com\/ca\/dossiers-fruites\/fruit-et-nutrition\/\"},{\"@type\":\"ListItem\",\"position\":3,\"name\":\"Dossier\"}]}]}<\/script>\n<!-- \/ Yoast SEO plugin. -->","yoast_head_json":{"title":"N\u00e8fle du Japon : le guide complet - Bienfaits, recettes, saison, prix","description":"Les N\u00e8fles du Japon sont rafra\u00eechissantes et peu caloriques. Elles sont notamment riches en Potassium (13% de la VNR), en vitamines B6 et B9 (7% de la VNR)","robots":{"index":"index","follow":"follow","max-snippet":"max-snippet:-1","max-image-preview":"max-image-preview:large","max-video-preview":"max-video-preview:-1"},"canonical":"https:\/\/www.alexetalex.com\/ca\/dossiers-fruites\/fruit-et-nutrition\/nefles-du-japon-bienfaits\/","og_locale":"fr_FR","og_type":"article","og_title":"N\u00e8fle du Japon : le guide complet - Bienfaits, recettes, saison, prix","og_description":"Les N\u00e8fles du Japon sont rafra\u00eechissantes et peu caloriques. Elles sont notamment riches en Potassium (13% de la VNR), en vitamines B6 et B9 (7% de la VNR)","og_url":"https:\/\/www.alexetalex.com\/ca\/dossiers-fruites\/fruit-et-nutrition\/nefles-du-japon-bienfaits\/","article_modified_time":"2019-08-08T06:19:35+00:00","og_image":[{"width":560,"height":400,"url":"https:\/\/www.alexetalex.com\/ca\/wp-content\/uploads\/2018\/04\/nefle-560x400bis.jpg","type":"image\/jpeg"}],"twitter_misc":{"Dur\u00e9e de lecture estim\u00e9e":"4 minutes"},"schema":{"@context":"https:\/\/schema.org","@graph":[{"@type":"Organization","@id":"https:\/\/www.alexetalex.com\/ca\/#organization","name":"Alex & Alex","url":"https:\/\/www.alexetalex.com\/ca\/","sameAs":[],"logo":{"@type":"ImageObject","@id":"https:\/\/www.alexetalex.com\/ca\/#logo","inLanguage":"fr-FR","url":"https:\/\/www.alexetalex.com\/ca\/wp-content\/uploads\/2020\/04\/alexalex-1.png","contentUrl":"https:\/\/www.alexetalex.com\/ca\/wp-content\/uploads\/2020\/04\/alexalex-1.png","width":51,"height":50,"caption":"Alex & Alex"},"image":{"@id":"https:\/\/www.alexetalex.com\/ca\/#logo"}},{"@type":"WebSite","@id":"https:\/\/www.alexetalex.com\/ca\/#website","url":"https:\/\/www.alexetalex.com\/ca\/","name":"","description":"","publisher":{"@id":"https:\/\/www.alexetalex.com\/ca\/#organization"},"potentialAction":[{"@type":"SearchAction","target":{"@type":"EntryPoint","urlTemplate":"https:\/\/www.alexetalex.com\/ca\/?s={search_term_string}"},"query-input":"required name=search_term_string"}],"inLanguage":"fr-FR"},{"@type":"ImageObject","@id":"https:\/\/www.alexetalex.com\/ca\/dossiers-fruites\/fruit-et-nutrition\/nefles-du-japon-bienfaits\/#primaryimage","inLanguage":"fr-FR","url":"https:\/\/www.alexetalex.com\/ca\/wp-content\/uploads\/2018\/04\/nefle-560x400bis.jpg","contentUrl":"https:\/\/www.alexetalex.com\/ca\/wp-content\/uploads\/2018\/04\/nefle-560x400bis.jpg","width":560,"height":400,"caption":"N\u00e8fle du Japon : bienfaits"},{"@type":"WebPage","@id":"https:\/\/www.alexetalex.com\/ca\/dossiers-fruites\/fruit-et-nutrition\/nefles-du-japon-bienfaits\/#webpage","url":"https:\/\/www.alexetalex.com\/ca\/dossiers-fruites\/fruit-et-nutrition\/nefles-du-japon-bienfaits\/","name":"N\u00e8fle du Japon : le guide complet - Bienfaits, recettes, saison, prix","isPartOf":{"@id":"https:\/\/www.alexetalex.com\/ca\/#website"},"primaryImageOfPage":{"@id":"https:\/\/www.alexetalex.com\/ca\/dossiers-fruites\/fruit-et-nutrition\/nefles-du-japon-bienfaits\/#primaryimage"},"datePublished":"2018-04-21T15:15:29+00:00","dateModified":"2019-08-08T06:19:35+00:00","description":"Les N\u00e8fles du Japon sont rafra\u00eechissantes et peu caloriques. Elles sont notamment riches en Potassium (13% de la VNR), en vitamines B6 et B9 (7% de la VNR)","breadcrumb":{"@id":"https:\/\/www.alexetalex.com\/ca\/dossiers-fruites\/fruit-et-nutrition\/nefles-du-japon-bienfaits\/#breadcrumb"},"inLanguage":"fr-FR","potentialAction":[{"@type":"ReadAction","target":["https:\/\/www.alexetalex.com\/ca\/dossiers-fruites\/fruit-et-nutrition\/nefles-du-japon-bienfaits\/"]}]},{"@type":"BreadcrumbList","@id":"https:\/\/www.alexetalex.com\/ca\/dossiers-fruites\/fruit-et-nutrition\/nefles-du-japon-bienfaits\/#breadcrumb","itemListElement":[{"@type":"ListItem","position":1,"name":"Magazine","item":"https:\/\/www.alexetalex.com\/ca\/dossiers-fruites\/"},{"@type":"ListItem","position":2,"name":"Nutrition","item":"https:\/\/www.alexetalex.com\/ca\/dossiers-fruites\/fruit-et-nutrition\/"},{"@type":"ListItem","position":3,"name":"Dossier"}]}]}},"_links":{"self":[{"href":"https:\/\/www.alexetalex.com\/ca\/wp-json\/wp\/v2\/pages\/9061"}],"collection":[{"href":"https:\/\/www.alexetalex.com\/ca\/wp-json\/wp\/v2\/pages"}],"about":[{"href":"https:\/\/www.alexetalex.com\/ca\/wp-json\/wp\/v2\/types\/page"}],"author":[{"embeddable":true,"href":"https:\/\/www.alexetalex.com\/ca\/wp-json\/wp\/v2\/users\/4"}],"replies":[{"embeddable":true,"href":"https:\/\/www.alexetalex.com\/ca\/wp-json\/wp\/v2\/comments?post=9061"}],"version-history":[{"count":1,"href":"https:\/\/www.alexetalex.com\/ca\/wp-json\/wp\/v2\/pages\/9061\/revisions"}],"predecessor-version":[{"id":16900,"href":"https:\/\/www.alexetalex.com\/ca\/wp-json\/wp\/v2\/pages\/9061\/revisions\/16900"}],"up":[{"embeddable":true,"href":"https:\/\/www.alexetalex.com\/ca\/wp-json\/wp\/v2\/pages\/8698"}],"wp:featuredmedia":[{"embeddable":true,"href":"https:\/\/www.alexetalex.com\/ca\/wp-json\/wp\/v2\/media\/9064"}],"wp:attachment":[{"href":"https:\/\/www.alexetalex.com\/ca\/wp-json\/wp\/v2\/media?parent=9061"}],"curies":[{"name":"wp","href":"https:\/\/api.w.org\/{rel}","templated":true}]}}