{"id":9067,"date":"2018-04-21T16:45:45","date_gmt":"2018-04-21T15:45:45","guid":{"rendered":"https:\/\/www.alexetalex.com\/ca\/?page_id=9067"},"modified":"2020-05-04T16:14:15","modified_gmt":"2020-05-04T15:14:15","slug":"la-tomate-fruit-ou-legume","status":"publish","type":"page","link":"https:\/\/www.alexetalex.com\/ca\/dossiers-fruites\/route-des-fruits\/la-tomate-fruit-ou-legume\/","title":{"rendered":"Tomate : fruit ou l\u00e9gume ?"},"content":{"rendered":"<p><H1>La tomate est-elle un fruit ou un l\u00e9gume ?<\/H1><\/p>\n<p>La classification entre les fruits et les l\u00e9gumes est un th\u00e8me que nous avons trait\u00e9 dans sa globalit\u00e9 (cf. <a href=\"https:\/\/www.alexetalex.ca\/fruit-legume-comment-les-distinguer\/\" rel=\"noopener noreferrer\" target=\"_blank\">fruits vs l\u00e9gumes<\/a>), mais dans le pr\u00e9sent article, int\u00e9ressons-nous ici \u00e0 un cas bien particulier, celui de la tomate : est-ce un fruit ou bien un l\u00e9gume ?<\/p>\n<p><\/p>\n<p><img loading=\"lazy\" width=\"560\" height=\"400\" src=\"https:\/\/www.alexetalex.com\/ca\/wp-content\/uploads\/2018\/04\/saviez-vous-tomate-560x400.jpg\" alt=\"La tomate : fruit ou l\u00e9gume ? Pourquoi la tomate est-elle un fruit !\" title=\"tomate fruit ou l\u00e9gume\" class=\"alignnone size-full wp-image-9068\" srcset=\"https:\/\/www.alexetalex.com\/ca\/wp-content\/uploads\/2018\/04\/saviez-vous-tomate-560x400.jpg 560w, https:\/\/www.alexetalex.com\/ca\/wp-content\/uploads\/2018\/04\/saviez-vous-tomate-560x400-250x179.jpg 250w, https:\/\/www.alexetalex.com\/ca\/wp-content\/uploads\/2018\/04\/saviez-vous-tomate-560x400-120x86.jpg 120w, https:\/\/www.alexetalex.com\/ca\/wp-content\/uploads\/2018\/04\/saviez-vous-tomate-560x400-320x229.jpg 320w\" sizes=\"(max-width: 560px) 100vw, 560px\" \/><\/p>\n<p><H2>I] Le fruit : d\u00e9finition botanique<\/H2><\/p>\n<p>Au sens botanique du terme, le fruit est l\u2019organe v\u00e9g\u00e9tal qui succ\u00e8de \u00e0 la fleur : l\u2019ovule f\u00e9cond\u00e9e donne la graine, et la paroi de l\u2019ovaire forme le p\u00e9ricarpe (c\u2019est-\u00e0-dire toute la partie du fruit qui n\u2019appartient pas \u00e0 la graine).<\/p>\n<h3>La tomate : fruit ou l\u00e9gume ?<\/h3>\n<p>La tomate contenant bien des graines, et provenant bien d\u2019une fleur f\u00e9cond\u00e9e, on peut affirmer qu\u2019au sens botanique du terme, la tomate se classe bel et bien dans la cat\u00e9gorie des fruits. N\u00e9anmoins, bien qu\u2019il s\u2019agisse d\u2019un fruit au sens botanique, la tomate est commun\u00e9ment utilis\u00e9e comme un l\u00e9gume.<\/p>\n<p>Au supermarch\u00e9 par exemple, on la trouve rarement entre les bananes et l\u2019ananas\u2026 mais plut\u00f4t avec les \u00ab vrais l\u00e9gumes \u00bb tels que la carotte, le navet, le chou\u2026etc.<\/p>\n<p>Pourquoi cette confusion ? Cela vient de la d\u00e9finition courante d\u2019un l\u00e9gume.<\/p>\n<h3>Le l\u00e9gume : d\u00e9finition courante<\/h3>\n<p>La d\u00e9finition courante ou commune d\u2019un l\u00e9gume fait r\u00e9f\u00e9rence \u00e0 l\u2019usage que nous en faisons dans nos habitudes alimentaires. Ainsi, on qualifie commun\u00e9ment de l\u00e9gume une plante, ou partie de plante potag\u00e8re, qui est peu sucr\u00e9e et qui entre dans la composition de nos entr\u00e9es ou de nos plats principaux.<\/p>\n<p>C\u2019est en ce sens que l\u2019on qualifie plut\u00f4t la tomate de l\u00e9gume, bien que cela soit en contradiction avec la d\u00e9finition botanique. D\u2019autant que la diversit\u00e9 au sein de la classification botanique des l\u00e9gumes est importante. Un l\u00e9gume peut en effet se pr\u00e9senter sous diff\u00e9rentes formes :<br \/>\n<br \/>&#8211; Avec des feuilles (salade, carde, \u00e9pinard, poireau chou\u2026etc.)<br \/>\n<br \/>&#8211; Sous forme de tubercules ou racines (pomme de terre, carotte, radis, navet, rave)<br \/>\n<br \/>&#8211; Sous forme de bulbes (ail, oignon, \u00e9chalotte)<br \/>\n<br \/>&#8211; Sous forme de germes (germe de soja, germe de brocolis)<br \/>\n<br \/>&#8211; En tiges ou en pousses (asperge, poireau, bambou)<br \/>\n<br \/>&#8211; Mais aussi sous forme de graines (pois chiches, lentilles)<\/p>\n<p>Quoi qu\u2019il en soit, l\u00e9gume ou pas l\u00e9gume, la tomate est un aliment tr\u00e8s int\u00e9ressant sur le plan nutritionnel, et facile \u00e0 int\u00e9grer dans notre alimentation au quotidien, comme nous allons le voir dans les deux parties suivantes.<\/p>\n<h2>II] La tomate : bienfaits et apports nutritionnels<\/h2>\n<h3>Analyse nutritionnelle<\/h3>\n<p>Les donn\u00e9es pr\u00e9sent\u00e9es ci-dessous correspondent \u00e0 la quantit\u00e9 moyenne pour 100g de tomate crue.<\/p>\n<p>Analyse des macronutriments pour 100g de fruit * :<br \/>\n<br \/>&#8211; Eau : 95.50 g<br \/>\n<br \/>&#8211; Prot\u00e9ines : 0.80 g<br \/>\n<br \/>&#8211; Lipides : 0.26 g<br \/>\n<br \/>&#8211; Glucides : 1.72g (dont 1.32g de sucres)<br \/>\n<br \/>&#8211; Fibres : 1.72g<\/p>\n<p>Analyse de la composition en vitamines pour 100g de fruit * :<br \/>\n<br \/>&#8211; Vitamine C : 14.3 mg (soit 17.9% de la VNR)<br \/>\n<br \/>&#8211; Vitamine E : 1.11 mg<br \/>\n<br \/>&#8211; Vitamine B1 : 0.06 mg<br \/>\n<br \/>&#8211; Vitamine B2 : 0.04 mg<br \/>\n<br \/>&#8211; Vitamine B3 : 0.6 mg<br \/>\n<br \/>&#8211; Vitamine B5 : 0.27 mg<br \/>\n<br \/>&#8211; Vitamine B6 : 0.08 mg<br \/>\n<br \/>&#8211; Vitamine B9 : 20.50 \u00b5g (soit 10.3% de la VNR)<br \/>\n<br \/>&#8211; Vitamine A : 28.93 \u00b5g<\/p>\n<p>Analyse de la composition en min\u00e9raux pour 100g de fruit * :<br \/>\n<br \/>&#8211; Potassium : 251 mg (soit 12.5% de la VNR)<br \/>\n<br \/>&#8211; Phosphore : 19.3 mg<br \/>\n<br \/>&#8211; Magn\u00e9sium : 10.1 mg<br \/>\n<br \/>&#8211; Calcium : 8.3 mg<\/p>\n<p><i>(*) Sources : Aprifel<\/i><\/p>\n<h3>Conclusion de l&rsquo;analyse nutritionnelle<\/h3>\n<p>Ces caract\u00e9ristiques font de la tomate crue un \u00e9l\u00e9ment int\u00e9ressant sur le plan nutritionnel, source importante de vitamine 9 (puisqu\u2019elle couvre plus de 10% de la Valeur Nutritionnelle de R\u00e9f\u00e9rence), et de vitamine C (avec presque 18% de la Valeur Nutritionnelle de R\u00e9f\u00e9rence), faible en calories, et peu sucr\u00e9e. Elle apporte aussi \u00e0 notre organisme certains min\u00e9raux indispensables et notamment du Potassium (avec 12.5% de la VNR).<\/p>\n<p>La tomate est aussi particuli\u00e8rement int\u00e9ressante lorsqu\u2019elle est consomm\u00e9e cuite, notamment pour ses propri\u00e9t\u00e9s anti-cancer.<\/p>\n<h2>III] La tomate : vertus anti-cancer<\/h2>\n<p><H3>Etudes scientifiques men\u00e9es sur la tomate<\/H3><\/p>\n<p>Le professeur Richard B\u00e9liveau, PH. D du laboratoire de m\u00e9decine mol\u00e9culaire de l\u2019h\u00f4pital Sainte Justine de Montr\u00e9al a montr\u00e9, dans son ouvrage \u00ab Les aliments anti-cancer \u00bb, le potentiel anti-angiog\u00e9nique (terme qui d\u00e9signe un m\u00e9canisme de r\u00e9sistance au d\u00e9veloppement d\u2019un cancer) de la tomate cuisin\u00e9e avec de l\u2019huile d\u2019olive.<\/p>\n<p>La chaleur de la cuisson permet en effet de combiner les principes actifs de la tomate et de l\u2019huile d\u2019olive et d\u2019obtenir un \u00ab cocktail \u00bb anti-cancer particuli\u00e8rement efficace. Il suffit pour cela de faire r\u00e9chauffer, par exemple \u00e0 la po\u00eale, une tomate avec un filet d\u2019huile d\u2019olive.<\/p>\n<p><H3>Utilisation concr\u00e8te<\/H3><\/p>\n<p>En ajoutant \u00e0 cela, par exemple, une pinc\u00e9e de curry** ainsi que du chou** et en laissant mijoter, vous pouvez ainsi r\u00e9aliser un plat d\u00e9licieux, et v\u00e9ritable \u00ab bombe \u00bb anti-cancer !<\/p>\n<p><i>(**) Deux aliments cit\u00e9s par Richard B\u00e9liveau comme ayant des propri\u00e9t\u00e9s anti-cancer parmi les plus int\u00e9ressantes.<\/i><\/p>\n<p>A vos assiettes !<\/p>\n<p><H2>IV] Quizz sur les fruits et l\u00e9gumes<\/H2><\/p>\n<p><H3>Pour tester les connaissances que vous venez d&rsquo;apprendre<\/H3><\/p>\n<p>&#8211; <a href=\"https:\/\/www.alexetalex.com\/ca\/pourquoi-la-courgette-est-elle-un-fruit\/\">Pourquoi la courgette est-elle un fruit<\/a> ?<br \/>\n<br \/>&#8211; <a href=\"https:\/\/www.alexetalex.com\/ca\/pourquoi-lavocat-est-il-un-fruit\/\">L&rsquo;avocat est-il un fruit ou un l\u00e9gume<\/a> ?<br \/>\n<br \/>&#8211; <a href=\"https:\/\/www.alexetalex.com\/ca\/dossiers-fruites\/le-saviez-vous\/concombre-fruit-ou-legume\/\">Le concombre : fruit ou l\u00e9gume<\/a> ?<\/p>\n<p>Cliquez sur ces liens pour obtenir la r\u00e9ponse tir\u00e9e de la classification g\u00e9n\u00e9rale en botanique.<\/p>\n<p><H3>Le jeu des diff\u00e9rences<\/H3><\/p>\n<p>&#8211; <a href=\"https:\/\/www.alexetalex.com\/ca\/dossiers-fruites\/le-saviez-vous\/clementine-mandarine\/\">Cl\u00e9mentine ou mandarine<\/a> : savez-vous faire la diff\u00e9rence ?<\/p>\n<p><\/p>\n<p>&#8211; <a href=\"https:\/\/www.alexetalex.com\/ca\/dossiers-fruites\/le-saviez-vous\/chataigne-marron\/\">Ch\u00e2taigne ou marron<\/a> : comment ne pas se tromper ?<\/p>\n<p><\/p>\n<p>&#8211; <a href=\"https:\/\/www.alexetalex.com\/ca\/dossiers-fruites\/route-des-fruits\/fraise-des-bois\/\">Fraise des bois (comestible) ou fraisier des Indes (toxique) ?<\/a> Sauriez-vous les reconna\u00eetre dans la nature ?<\/p>\n<p><H3>Les fruits commen\u00e7ants par la lettre&#8230;<\/H3><\/p>\n<p>Et pour finir en beaut\u00e9, sauriez-vous citer des fruits commen\u00e7ant par :<br \/>\n<br \/>&#8211; <a href=\"https:\/\/www.alexetalex.com\/ca\/dossiers-fruites\/le-saviez-vous\/fruits-legumes-en-i\/\">la lettre i<\/a> (pas \u00e9vident, il n&rsquo;en existe qu&rsquo;un seul en fran\u00e7ais)<br \/>\n<br \/>&#8211; <a href=\"https:\/\/www.alexetalex.com\/ca\/dossiers-fruites\/le-saviez-vous\/fruits-legumes-en-s\/\">la lettre s<\/a> (indice : il en existe 5, mais ils sont peu communs)<br \/>\n<br \/>&#8211; <a href=\"https:\/\/www.alexetalex.com\/ca\/dossiers-fruites\/le-saviez-vous\/fruits-legumes-en-e\/\">la lettre e<\/a> (attention, question pi\u00e8ge&#8230;)<\/p>\n<p>Article r\u00e9dig\u00e9 par Camille Dentas, MSc in Life Science.<\/p>\n<p><i>Retrouvez bien d&rsquo;autres fruits (des vrais !), sur la page d\u00e9di\u00e9e \u00e0 notre activit\u00e9 professionnelle : le service de <a title=\"Fruits au bureau\" href=\"https:\/\/www.alexetalex.com\/ca\/\">fruits au bureau<\/a>. Ce service est disponible pour les entreprises, \u00e0 Paris ainsi qu&rsquo;\u00e0 Montr\u00e9al.<\/i><\/p>\n<p><a title=\"Fruits au bureau\" href=\"https:\/\/www.alexetalex.com\/ca\/\"><img loading=\"lazy\" width=\"658\" height=\"280\" src=\"https:\/\/www.alexetalex.com\/ca\/wp-content\/uploads\/2018\/01\/Call-to-action-2.jpg\" alt=\"Call to action 2\" class=\"alignnone size-full wp-image-8638\" srcset=\"https:\/\/www.alexetalex.com\/ca\/wp-content\/uploads\/2018\/01\/Call-to-action-2.jpg 658w, https:\/\/www.alexetalex.com\/ca\/wp-content\/uploads\/2018\/01\/Call-to-action-2-600x255.jpg 600w, https:\/\/www.alexetalex.com\/ca\/wp-content\/uploads\/2018\/01\/Call-to-action-2-270x115.jpg 270w, https:\/\/www.alexetalex.com\/ca\/wp-content\/uploads\/2018\/01\/Call-to-action-2-550x234.jpg 550w\" sizes=\"(max-width: 658px) 100vw, 658px\" \/><\/a><\/p>\n","protected":false},"excerpt":{"rendered":"<p>La tomate est-elle un fruit ou un l\u00e9gume ? La classification entre les fruits et les l\u00e9gumes est un th\u00e8me que nous avons trait\u00e9 dans sa globalit\u00e9 (cf. fruits vs l\u00e9gumes), mais dans le pr\u00e9sent article, int\u00e9ressons-nous ici \u00e0 un cas bien particulier, celui de la tomate : est-ce un fruit ou bien un l\u00e9gume [&hellip;]<\/p>\n","protected":false},"author":4,"featured_media":9068,"parent":8732,"menu_order":0,"comment_status":"closed","ping_status":"closed","template":"","meta":{"_et_pb_use_builder":"","_et_pb_old_content":"","_et_gb_content_width":""},"acf":[],"yoast_head":"<!-- This site is optimized with the Yoast SEO plugin v17.6 - https:\/\/yoast.com\/wordpress\/plugins\/seo\/ -->\n<title>La Tomate : fruit ou l\u00e9gume ? Dossier par Camille, MsC in Life Science<\/title>\n<meta name=\"description\" content=\"La tomate contenant bien des graines, et provenant bien d\u2019une fleur f\u00e9cond\u00e9e, on peut affirmer qu\u2019au sens botanique du terme, la tomate est un fruit.\" \/>\n<meta name=\"robots\" content=\"index, follow, max-snippet:-1, max-image-preview:large, max-video-preview:-1\" \/>\n<link rel=\"canonical\" href=\"https:\/\/www.alexetalex.com\/ca\/dossiers-fruites\/route-des-fruits\/la-tomate-fruit-ou-legume\/\" \/>\n<meta property=\"og:locale\" content=\"fr_FR\" \/>\n<meta property=\"og:type\" content=\"article\" \/>\n<meta property=\"og:title\" content=\"La Tomate : fruit ou l\u00e9gume ? Dossier par Camille, MsC in Life Science\" \/>\n<meta property=\"og:description\" content=\"La tomate contenant bien des graines, et provenant bien d\u2019une fleur f\u00e9cond\u00e9e, on peut affirmer qu\u2019au sens botanique du terme, la tomate est un fruit.\" \/>\n<meta property=\"og:url\" content=\"https:\/\/www.alexetalex.com\/ca\/dossiers-fruites\/route-des-fruits\/la-tomate-fruit-ou-legume\/\" \/>\n<meta property=\"article:modified_time\" content=\"2020-05-04T15:14:15+00:00\" \/>\n<meta property=\"og:image\" content=\"https:\/\/www.alexetalex.com\/ca\/wp-content\/uploads\/2018\/04\/saviez-vous-tomate-560x400.jpg\" \/>\n\t<meta property=\"og:image:width\" content=\"560\" \/>\n\t<meta property=\"og:image:height\" content=\"400\" \/>\n<meta name=\"twitter:label1\" content=\"Dur\u00e9e de lecture estim\u00e9e\" \/>\n\t<meta name=\"twitter:data1\" content=\"5 minutes\" \/>\n<script type=\"application\/ld+json\" class=\"yoast-schema-graph\">{\"@context\":\"https:\/\/schema.org\",\"@graph\":[{\"@type\":\"Organization\",\"@id\":\"https:\/\/www.alexetalex.com\/ca\/#organization\",\"name\":\"Alex & Alex\",\"url\":\"https:\/\/www.alexetalex.com\/ca\/\",\"sameAs\":[],\"logo\":{\"@type\":\"ImageObject\",\"@id\":\"https:\/\/www.alexetalex.com\/ca\/#logo\",\"inLanguage\":\"fr-FR\",\"url\":\"https:\/\/www.alexetalex.com\/ca\/wp-content\/uploads\/2020\/04\/alexalex-1.png\",\"contentUrl\":\"https:\/\/www.alexetalex.com\/ca\/wp-content\/uploads\/2020\/04\/alexalex-1.png\",\"width\":51,\"height\":50,\"caption\":\"Alex & Alex\"},\"image\":{\"@id\":\"https:\/\/www.alexetalex.com\/ca\/#logo\"}},{\"@type\":\"WebSite\",\"@id\":\"https:\/\/www.alexetalex.com\/ca\/#website\",\"url\":\"https:\/\/www.alexetalex.com\/ca\/\",\"name\":\"\",\"description\":\"\",\"publisher\":{\"@id\":\"https:\/\/www.alexetalex.com\/ca\/#organization\"},\"potentialAction\":[{\"@type\":\"SearchAction\",\"target\":{\"@type\":\"EntryPoint\",\"urlTemplate\":\"https:\/\/www.alexetalex.com\/ca\/?s={search_term_string}\"},\"query-input\":\"required name=search_term_string\"}],\"inLanguage\":\"fr-FR\"},{\"@type\":\"ImageObject\",\"@id\":\"https:\/\/www.alexetalex.com\/ca\/dossiers-fruites\/route-des-fruits\/la-tomate-fruit-ou-legume\/#primaryimage\",\"inLanguage\":\"fr-FR\",\"url\":\"https:\/\/www.alexetalex.com\/ca\/wp-content\/uploads\/2018\/04\/saviez-vous-tomate-560x400.jpg\",\"contentUrl\":\"https:\/\/www.alexetalex.com\/ca\/wp-content\/uploads\/2018\/04\/saviez-vous-tomate-560x400.jpg\",\"width\":560,\"height\":400,\"caption\":\"La tomate : fruit ou l\\u00e9gume ? Pourquoi la tomate est-elle un fruit !\"},{\"@type\":\"WebPage\",\"@id\":\"https:\/\/www.alexetalex.com\/ca\/dossiers-fruites\/route-des-fruits\/la-tomate-fruit-ou-legume\/#webpage\",\"url\":\"https:\/\/www.alexetalex.com\/ca\/dossiers-fruites\/route-des-fruits\/la-tomate-fruit-ou-legume\/\",\"name\":\"La Tomate : fruit ou l\\u00e9gume ? Dossier par Camille, MsC in Life Science\",\"isPartOf\":{\"@id\":\"https:\/\/www.alexetalex.com\/ca\/#website\"},\"primaryImageOfPage\":{\"@id\":\"https:\/\/www.alexetalex.com\/ca\/dossiers-fruites\/route-des-fruits\/la-tomate-fruit-ou-legume\/#primaryimage\"},\"datePublished\":\"2018-04-21T15:45:45+00:00\",\"dateModified\":\"2020-05-04T15:14:15+00:00\",\"description\":\"La tomate contenant bien des graines, et provenant bien d\\u2019une fleur f\\u00e9cond\\u00e9e, on peut affirmer qu\\u2019au sens botanique du terme, la tomate est un fruit.\",\"breadcrumb\":{\"@id\":\"https:\/\/www.alexetalex.com\/ca\/dossiers-fruites\/route-des-fruits\/la-tomate-fruit-ou-legume\/#breadcrumb\"},\"inLanguage\":\"fr-FR\",\"potentialAction\":[{\"@type\":\"ReadAction\",\"target\":[\"https:\/\/www.alexetalex.com\/ca\/dossiers-fruites\/route-des-fruits\/la-tomate-fruit-ou-legume\/\"]}]},{\"@type\":\"BreadcrumbList\",\"@id\":\"https:\/\/www.alexetalex.com\/ca\/dossiers-fruites\/route-des-fruits\/la-tomate-fruit-ou-legume\/#breadcrumb\",\"itemListElement\":[{\"@type\":\"ListItem\",\"position\":1,\"name\":\"Magazine\",\"item\":\"https:\/\/www.alexetalex.com\/ca\/dossiers-fruites\/\"},{\"@type\":\"ListItem\",\"position\":2,\"name\":\"Fruits\",\"item\":\"https:\/\/www.alexetalex.com\/ca\/dossiers-fruites\/route-des-fruits\/\"},{\"@type\":\"ListItem\",\"position\":3,\"name\":\"Dossier\"}]}]}<\/script>\n<!-- \/ Yoast SEO plugin. -->","yoast_head_json":{"title":"La Tomate : fruit ou l\u00e9gume ? Dossier par Camille, MsC in Life Science","description":"La tomate contenant bien des graines, et provenant bien d\u2019une fleur f\u00e9cond\u00e9e, on peut affirmer qu\u2019au sens botanique du terme, la tomate est un fruit.","robots":{"index":"index","follow":"follow","max-snippet":"max-snippet:-1","max-image-preview":"max-image-preview:large","max-video-preview":"max-video-preview:-1"},"canonical":"https:\/\/www.alexetalex.com\/ca\/dossiers-fruites\/route-des-fruits\/la-tomate-fruit-ou-legume\/","og_locale":"fr_FR","og_type":"article","og_title":"La Tomate : fruit ou l\u00e9gume ? Dossier par Camille, MsC in Life Science","og_description":"La tomate contenant bien des graines, et provenant bien d\u2019une fleur f\u00e9cond\u00e9e, on peut affirmer qu\u2019au sens botanique du terme, la tomate est un fruit.","og_url":"https:\/\/www.alexetalex.com\/ca\/dossiers-fruites\/route-des-fruits\/la-tomate-fruit-ou-legume\/","article_modified_time":"2020-05-04T15:14:15+00:00","og_image":[{"width":560,"height":400,"url":"https:\/\/www.alexetalex.com\/ca\/wp-content\/uploads\/2018\/04\/saviez-vous-tomate-560x400.jpg","type":"image\/jpeg"}],"twitter_misc":{"Dur\u00e9e de lecture estim\u00e9e":"5 minutes"},"schema":{"@context":"https:\/\/schema.org","@graph":[{"@type":"Organization","@id":"https:\/\/www.alexetalex.com\/ca\/#organization","name":"Alex & Alex","url":"https:\/\/www.alexetalex.com\/ca\/","sameAs":[],"logo":{"@type":"ImageObject","@id":"https:\/\/www.alexetalex.com\/ca\/#logo","inLanguage":"fr-FR","url":"https:\/\/www.alexetalex.com\/ca\/wp-content\/uploads\/2020\/04\/alexalex-1.png","contentUrl":"https:\/\/www.alexetalex.com\/ca\/wp-content\/uploads\/2020\/04\/alexalex-1.png","width":51,"height":50,"caption":"Alex & Alex"},"image":{"@id":"https:\/\/www.alexetalex.com\/ca\/#logo"}},{"@type":"WebSite","@id":"https:\/\/www.alexetalex.com\/ca\/#website","url":"https:\/\/www.alexetalex.com\/ca\/","name":"","description":"","publisher":{"@id":"https:\/\/www.alexetalex.com\/ca\/#organization"},"potentialAction":[{"@type":"SearchAction","target":{"@type":"EntryPoint","urlTemplate":"https:\/\/www.alexetalex.com\/ca\/?s={search_term_string}"},"query-input":"required name=search_term_string"}],"inLanguage":"fr-FR"},{"@type":"ImageObject","@id":"https:\/\/www.alexetalex.com\/ca\/dossiers-fruites\/route-des-fruits\/la-tomate-fruit-ou-legume\/#primaryimage","inLanguage":"fr-FR","url":"https:\/\/www.alexetalex.com\/ca\/wp-content\/uploads\/2018\/04\/saviez-vous-tomate-560x400.jpg","contentUrl":"https:\/\/www.alexetalex.com\/ca\/wp-content\/uploads\/2018\/04\/saviez-vous-tomate-560x400.jpg","width":560,"height":400,"caption":"La tomate : fruit ou l\u00e9gume ? Pourquoi la tomate est-elle un fruit !"},{"@type":"WebPage","@id":"https:\/\/www.alexetalex.com\/ca\/dossiers-fruites\/route-des-fruits\/la-tomate-fruit-ou-legume\/#webpage","url":"https:\/\/www.alexetalex.com\/ca\/dossiers-fruites\/route-des-fruits\/la-tomate-fruit-ou-legume\/","name":"La Tomate : fruit ou l\u00e9gume ? Dossier par Camille, MsC in Life Science","isPartOf":{"@id":"https:\/\/www.alexetalex.com\/ca\/#website"},"primaryImageOfPage":{"@id":"https:\/\/www.alexetalex.com\/ca\/dossiers-fruites\/route-des-fruits\/la-tomate-fruit-ou-legume\/#primaryimage"},"datePublished":"2018-04-21T15:45:45+00:00","dateModified":"2020-05-04T15:14:15+00:00","description":"La tomate contenant bien des graines, et provenant bien d\u2019une fleur f\u00e9cond\u00e9e, on peut affirmer qu\u2019au sens botanique du terme, la tomate est un fruit.","breadcrumb":{"@id":"https:\/\/www.alexetalex.com\/ca\/dossiers-fruites\/route-des-fruits\/la-tomate-fruit-ou-legume\/#breadcrumb"},"inLanguage":"fr-FR","potentialAction":[{"@type":"ReadAction","target":["https:\/\/www.alexetalex.com\/ca\/dossiers-fruites\/route-des-fruits\/la-tomate-fruit-ou-legume\/"]}]},{"@type":"BreadcrumbList","@id":"https:\/\/www.alexetalex.com\/ca\/dossiers-fruites\/route-des-fruits\/la-tomate-fruit-ou-legume\/#breadcrumb","itemListElement":[{"@type":"ListItem","position":1,"name":"Magazine","item":"https:\/\/www.alexetalex.com\/ca\/dossiers-fruites\/"},{"@type":"ListItem","position":2,"name":"Fruits","item":"https:\/\/www.alexetalex.com\/ca\/dossiers-fruites\/route-des-fruits\/"},{"@type":"ListItem","position":3,"name":"Dossier"}]}]}},"_links":{"self":[{"href":"https:\/\/www.alexetalex.com\/ca\/wp-json\/wp\/v2\/pages\/9067"}],"collection":[{"href":"https:\/\/www.alexetalex.com\/ca\/wp-json\/wp\/v2\/pages"}],"about":[{"href":"https:\/\/www.alexetalex.com\/ca\/wp-json\/wp\/v2\/types\/page"}],"author":[{"embeddable":true,"href":"https:\/\/www.alexetalex.com\/ca\/wp-json\/wp\/v2\/users\/4"}],"replies":[{"embeddable":true,"href":"https:\/\/www.alexetalex.com\/ca\/wp-json\/wp\/v2\/comments?post=9067"}],"version-history":[{"count":1,"href":"https:\/\/www.alexetalex.com\/ca\/wp-json\/wp\/v2\/pages\/9067\/revisions"}],"predecessor-version":[{"id":16596,"href":"https:\/\/www.alexetalex.com\/ca\/wp-json\/wp\/v2\/pages\/9067\/revisions\/16596"}],"up":[{"embeddable":true,"href":"https:\/\/www.alexetalex.com\/ca\/wp-json\/wp\/v2\/pages\/8732"}],"wp:featuredmedia":[{"embeddable":true,"href":"https:\/\/www.alexetalex.com\/ca\/wp-json\/wp\/v2\/media\/9068"}],"wp:attachment":[{"href":"https:\/\/www.alexetalex.com\/ca\/wp-json\/wp\/v2\/media?parent=9067"}],"curies":[{"name":"wp","href":"https:\/\/api.w.org\/{rel}","templated":true}]}}