{"id":9071,"date":"2018-04-21T16:54:48","date_gmt":"2018-04-21T15:54:48","guid":{"rendered":"https:\/\/www.alexetalex.com\/ca\/?page_id=9071"},"modified":"2020-05-04T16:13:44","modified_gmt":"2020-05-04T15:13:44","slug":"concombre-fruit-ou-legume","status":"publish","type":"page","link":"https:\/\/www.alexetalex.com\/ca\/dossiers-fruites\/route-des-fruits\/concombre-fruit-ou-legume\/","title":{"rendered":"Le concombre : fruit ou l\u00e9gume ?"},"content":{"rendered":"<p><H1>Le concombre est-il un fruit ou un l\u00e9gume ?<\/H1><\/p>\n<p><H2>I] Le fruit : d\u00e9finition botanique<\/H2><\/p>\n<p>D\u2019un point de vue botanique, le fruit est la partie comestible d\u2019une plante. C\u2019est l\u2019organe v\u00e9g\u00e9tal qui succ\u00e8de \u00e0 la fleur, apr\u00e8s f\u00e9condation : l\u2019ovule donne la graine, et la paroi de l\u2019ovaire forme le p\u00e9ricarpe, c\u2019est-\u00e0-dire toute la partie du fruit qui n\u2019appartient pas \u00e0 la graine.<\/p>\n<p>Sur le cas particulier du concombre, qu\u2019est-ce que cette d\u00e9finition g\u00e9n\u00e9rale nous permet-elle de conclure ?<\/p>\n<p><img loading=\"lazy\" width=\"560\" height=\"400\" src=\"https:\/\/www.alexetalex.com\/ca\/wp-content\/uploads\/2018\/04\/concombre-560x400.jpg\" alt=\"Concombre : fruit ou l\u00e9gume ? Pourquoi le concombre est consid\u00e9r\u00e9 comme un fruit ?\" class=\"alignnone size-full wp-image-9072\" srcset=\"https:\/\/www.alexetalex.com\/ca\/wp-content\/uploads\/2018\/04\/concombre-560x400.jpg 560w, https:\/\/www.alexetalex.com\/ca\/wp-content\/uploads\/2018\/04\/concombre-560x400-250x179.jpg 250w, https:\/\/www.alexetalex.com\/ca\/wp-content\/uploads\/2018\/04\/concombre-560x400-120x86.jpg 120w, https:\/\/www.alexetalex.com\/ca\/wp-content\/uploads\/2018\/04\/concombre-560x400-320x229.jpg 320w\" sizes=\"(max-width: 560px) 100vw, 560px\" \/><\/p>\n<h2>II] Concombre : fruit ou l\u00e9gume ?<\/h2>\n<h3>D\u00e9couvrez pourquoi le concombre est un fruit<\/h3>\n<p>Le concombre contenant des graines, et provenant de la f\u00e9condation d\u2019une fleur, on peut affirmer qu\u2019au sens botanique, le concombre est un fruit. Et ce, bien que commun\u00e9ment utilis\u00e9 comme un l\u00e9gume dans nos habitudes alimentaires.<\/p>\n<p>N\u00e9anmoins, bien qu\u2019il s\u2019agisse d\u2019un fruit au sens botanique, le concombre est, au sens populaire, plut\u00f4t class\u00e9 parmi les l\u00e9gumes.<\/p>\n<p>En effet, dans nos assiettes notamment, on le retrouve souvent en entr\u00e9e ou en salade, entour\u00e9 de \u00ab vrais l\u00e9gumes \u00bb. Mais alors, un \u00ab vrai l\u00e9gume \u00bb, c\u2019est quoi au juste ?<\/p>\n<h3>Le l\u00e9gume : d\u00e9finition courante<\/h3>\n<p>La d\u00e9finition courante d\u2019un l\u00e9gume fait \u00e9cho \u00e0 l\u2019usage que nous en faisons dans nos habitudes alimentaires : on qualifie couramment de l\u00e9gume, une plante potag\u00e8re, qui est peu sucr\u00e9e et qui entre dans la composition de nos entr\u00e9es ou de nos plats principaux.<\/p>\n<p>C\u2019est en ce sens que l\u2019on consid\u00e8re le concombre comme un l\u00e9gume. Cette classification populaire est-elle pour autant en contradiction avec la classification botanique ?<\/p>\n<h3>Le l\u00e9gume : d\u00e9finition botanique<\/h3>\n<p>Un l\u00e9gume, d\u2019un point de vue botanique, est la partie comestible d\u2019une plante. Il peut se pr\u00e9senter sous diff\u00e9rentes formes :<br \/>\n<br \/>&#8211; Feuilles (comme la salade, les \u00e9pinards, ou encore le chou)<br \/>\n<br \/>&#8211; Tubercules (comme la betterave rouge, le navet, le topinambour)<br \/>\n<br \/>&#8211; Racines (comme la carotte, le gingembre)<br \/>\n<br \/>&#8211; Bulbes (comme l\u2019ail, l\u2019oignon, les \u00e9chalottes)<br \/>\n<br \/>&#8211; Germes (germe de soja, germe de brocolis)<br \/>\n<br \/>&#8211; Graines (comme les pois chiches, les lentilles)<br \/>\n<br \/>&#8211; Tiges (comme l\u2019asperge)<br \/>\n<br \/>&#8211; Pousses (comme le bambou)<br \/>\n<br \/>&#8211; Fruits (comme les poires, les pommes, les cl\u00e9mentines\u2026etc.)<\/p>\n<p>Les fruits sont donc, au sens botanique, une sous-cat\u00e9gorie de celle des l\u00e9gumes. En botanique, tous les fruits sont des l\u00e9gumes !<\/p>\n<p>On peut donc dire que le concombre, tout en \u00e9tant un fruit au sens botanique, est aussi un l\u00e9gume au sens botanique. La classification populaire n\u2019est ainsi pas en totale contradiction avec la classification botanique.<\/p>\n<h2>III] A vous de tester vos connaissances avec notre QUIZZ !<\/h2>\n<p><H3>Mettez en pratique ce que vous avez appris dans cet article<\/H3><\/p>\n<p>Si vous avez \u00e9t\u00e9 attentif(ve) \u00e0 la lecture de cet article, vous devriez pour r\u00e9pondre aux questions suivantes :<\/p>\n<p><a href=\"https:\/\/www.alexetalex.com\/ca\/la-tomate-est-elle-un-fruit-ou-un-legume\/\">Peut-on consid\u00e9rer la tomate comme un fruit ou un l\u00e9gume<\/a> ?<\/p>\n<p><\/p>\n<p><a href=\"https:\/\/www.alexetalex.com\/ca\/pourquoi-lavocat-est-il-un-fruit\/\">L\u2019avocat est-il un fruit ou un l\u00e9gume<\/a> ?<\/p>\n<p><\/p>\n<p><a href=\"https:\/\/www.alexetalex.com\/ca\/pourquoi-la-courgette-est-elle-un-fruit\/\">Pourquoi la courgette est-elle un fruit<\/a> ?<\/p>\n<p>V\u00e9rifier les r\u00e9ponses si besoin, car vous verrez, le classement g\u00e9n\u00e9ral en botanique ne correspond pas du tout au sens commun !<\/p>\n<p><H3>Les fruits et l\u00e9gumes commen\u00e7ants par la lettre&#8230;<\/H3><\/p>\n<p>Un grand classique du jeu \u00ab\u00a0le baccalaur\u00e9at\u00a0\u00bb, sauriez-vous citer des fruits et des l\u00e9gumes commen\u00e7ant par les lettres ci-dessous :<\/p>\n<p>&#8211; <a href=\"https:\/\/www.alexetalex.com\/ca\/dossiers-fruites\/le-saviez-vous\/fruits-legumes-en-i\/\">fruits et l\u00e9gumes en i<\/a> (pas \u00e9vident, il n&rsquo;existe qu&rsquo;un seul fruit et qu&rsquo;un seul l\u00e9gume en fran\u00e7ais)<br \/>\n<br \/>&#8211; <a href=\"https:\/\/www.alexetalex.com\/ca\/dossiers-fruites\/le-saviez-vous\/fruits-legumes-en-s\/\">fruits et l\u00e9gumes en s<\/a> (indice : il existe 5 fruits, mais ils sont peu communs ; et il existe un seul et unique l\u00e9gume commen\u00e7ant par \u00ab\u00a0s\u00a0\u00bb)<br \/>\n<br \/>&#8211; <a href=\"https:\/\/www.alexetalex.com\/ca\/dossiers-fruites\/le-saviez-vous\/fruits-legumes-en-e\/\">fruits et l\u00e9gumes en e<\/a> (attention au pi\u00e8ge)<\/p>\n<p>Article r\u00e9dig\u00e9 par Camille Dentas MSc in Life Science.<\/p>\n<p><i>Retrouvez de d\u00e9licieux fruits (des vrais !), et surtout des fruits au bureau, sur la page d\u00e9di\u00e9e \u00e0 notre activit\u00e9 professionnelle : le <a title=\"Fruits au bureau\" href=\"https:\/\/www.alexetalex.com\/ca\/\">service de fruits au bureau<\/a>.<\/i><\/p>\n<p><a title=\"Le N\u00b01 des Fruits au bureau - Alex &#038; Alex\" href=\"https:\/\/www.alexetalex.com\/ca\/\"><img loading=\"lazy\" width=\"658\" height=\"280\" src=\"https:\/\/www.alexetalex.com\/ca\/wp-content\/uploads\/2018\/01\/Call-to-action-2.jpg\" alt=\"Call to action 2\" class=\"alignnone size-full wp-image-8638\" srcset=\"https:\/\/www.alexetalex.com\/ca\/wp-content\/uploads\/2018\/01\/Call-to-action-2.jpg 658w, https:\/\/www.alexetalex.com\/ca\/wp-content\/uploads\/2018\/01\/Call-to-action-2-600x255.jpg 600w, https:\/\/www.alexetalex.com\/ca\/wp-content\/uploads\/2018\/01\/Call-to-action-2-270x115.jpg 270w, https:\/\/www.alexetalex.com\/ca\/wp-content\/uploads\/2018\/01\/Call-to-action-2-550x234.jpg 550w\" sizes=\"(max-width: 658px) 100vw, 658px\" \/><\/a><\/p>\n","protected":false},"excerpt":{"rendered":"<p>Le concombre est-il un fruit ou un l\u00e9gume ? I] Le fruit : d\u00e9finition botanique D\u2019un point de vue botanique, le fruit est la partie comestible d\u2019une plante. C\u2019est l\u2019organe v\u00e9g\u00e9tal qui succ\u00e8de \u00e0 la fleur, apr\u00e8s f\u00e9condation : l\u2019ovule donne la graine, et la paroi de l\u2019ovaire forme le p\u00e9ricarpe, c\u2019est-\u00e0-dire toute la partie [&hellip;]<\/p>\n","protected":false},"author":4,"featured_media":9072,"parent":8732,"menu_order":0,"comment_status":"closed","ping_status":"closed","template":"","meta":{"_et_pb_use_builder":"","_et_pb_old_content":"","_et_gb_content_width":""},"acf":[],"yoast_head":"<!-- This site is optimized with the Yoast SEO plugin v17.6 - https:\/\/yoast.com\/wordpress\/plugins\/seo\/ -->\n<title>Concombre : fruit ou l\u00e9gume ?<\/title>\n<meta name=\"description\" content=\"Le concombre contenant des graines, et provenant de la f\u00e9condation d\u2019une fleur, on peut affirmer qu\u2019au sens botanique, le concombre est un fruit.\" \/>\n<meta name=\"robots\" content=\"index, follow, max-snippet:-1, max-image-preview:large, max-video-preview:-1\" \/>\n<link rel=\"canonical\" href=\"https:\/\/www.alexetalex.com\/ca\/dossiers-fruites\/route-des-fruits\/concombre-fruit-ou-legume\/\" \/>\n<meta property=\"og:locale\" content=\"fr_FR\" \/>\n<meta property=\"og:type\" content=\"article\" \/>\n<meta property=\"og:title\" content=\"Concombre : fruit ou l\u00e9gume ?\" \/>\n<meta property=\"og:description\" content=\"Le concombre contenant des graines, et provenant de la f\u00e9condation d\u2019une fleur, on peut affirmer qu\u2019au sens botanique, le concombre est un fruit.\" \/>\n<meta property=\"og:url\" content=\"https:\/\/www.alexetalex.com\/ca\/dossiers-fruites\/route-des-fruits\/concombre-fruit-ou-legume\/\" \/>\n<meta property=\"article:modified_time\" content=\"2020-05-04T15:13:44+00:00\" \/>\n<meta property=\"og:image\" content=\"https:\/\/www.alexetalex.com\/ca\/wp-content\/uploads\/2018\/04\/concombre-560x400.jpg\" \/>\n\t<meta property=\"og:image:width\" content=\"560\" \/>\n\t<meta property=\"og:image:height\" content=\"400\" \/>\n<meta name=\"twitter:label1\" content=\"Dur\u00e9e de lecture estim\u00e9e\" \/>\n\t<meta name=\"twitter:data1\" content=\"3 minutes\" \/>\n<script type=\"application\/ld+json\" class=\"yoast-schema-graph\">{\"@context\":\"https:\/\/schema.org\",\"@graph\":[{\"@type\":\"Organization\",\"@id\":\"https:\/\/www.alexetalex.com\/ca\/#organization\",\"name\":\"Alex & Alex\",\"url\":\"https:\/\/www.alexetalex.com\/ca\/\",\"sameAs\":[],\"logo\":{\"@type\":\"ImageObject\",\"@id\":\"https:\/\/www.alexetalex.com\/ca\/#logo\",\"inLanguage\":\"fr-FR\",\"url\":\"https:\/\/www.alexetalex.com\/ca\/wp-content\/uploads\/2020\/04\/alexalex-1.png\",\"contentUrl\":\"https:\/\/www.alexetalex.com\/ca\/wp-content\/uploads\/2020\/04\/alexalex-1.png\",\"width\":51,\"height\":50,\"caption\":\"Alex & Alex\"},\"image\":{\"@id\":\"https:\/\/www.alexetalex.com\/ca\/#logo\"}},{\"@type\":\"WebSite\",\"@id\":\"https:\/\/www.alexetalex.com\/ca\/#website\",\"url\":\"https:\/\/www.alexetalex.com\/ca\/\",\"name\":\"\",\"description\":\"\",\"publisher\":{\"@id\":\"https:\/\/www.alexetalex.com\/ca\/#organization\"},\"potentialAction\":[{\"@type\":\"SearchAction\",\"target\":{\"@type\":\"EntryPoint\",\"urlTemplate\":\"https:\/\/www.alexetalex.com\/ca\/?s={search_term_string}\"},\"query-input\":\"required name=search_term_string\"}],\"inLanguage\":\"fr-FR\"},{\"@type\":\"ImageObject\",\"@id\":\"https:\/\/www.alexetalex.com\/ca\/dossiers-fruites\/route-des-fruits\/concombre-fruit-ou-legume\/#primaryimage\",\"inLanguage\":\"fr-FR\",\"url\":\"https:\/\/www.alexetalex.com\/ca\/wp-content\/uploads\/2018\/04\/concombre-560x400.jpg\",\"contentUrl\":\"https:\/\/www.alexetalex.com\/ca\/wp-content\/uploads\/2018\/04\/concombre-560x400.jpg\",\"width\":560,\"height\":400,\"caption\":\"Le concombre : fruit ou l\\u00e9gume ? Pourquoi le concombre est-il un fruit !\"},{\"@type\":\"WebPage\",\"@id\":\"https:\/\/www.alexetalex.com\/ca\/dossiers-fruites\/route-des-fruits\/concombre-fruit-ou-legume\/#webpage\",\"url\":\"https:\/\/www.alexetalex.com\/ca\/dossiers-fruites\/route-des-fruits\/concombre-fruit-ou-legume\/\",\"name\":\"Concombre : fruit ou l\\u00e9gume ?\",\"isPartOf\":{\"@id\":\"https:\/\/www.alexetalex.com\/ca\/#website\"},\"primaryImageOfPage\":{\"@id\":\"https:\/\/www.alexetalex.com\/ca\/dossiers-fruites\/route-des-fruits\/concombre-fruit-ou-legume\/#primaryimage\"},\"datePublished\":\"2018-04-21T15:54:48+00:00\",\"dateModified\":\"2020-05-04T15:13:44+00:00\",\"description\":\"Le concombre contenant des graines, et provenant de la f\\u00e9condation d\\u2019une fleur, on peut affirmer qu\\u2019au sens botanique, le concombre est un fruit.\",\"breadcrumb\":{\"@id\":\"https:\/\/www.alexetalex.com\/ca\/dossiers-fruites\/route-des-fruits\/concombre-fruit-ou-legume\/#breadcrumb\"},\"inLanguage\":\"fr-FR\",\"potentialAction\":[{\"@type\":\"ReadAction\",\"target\":[\"https:\/\/www.alexetalex.com\/ca\/dossiers-fruites\/route-des-fruits\/concombre-fruit-ou-legume\/\"]}]},{\"@type\":\"BreadcrumbList\",\"@id\":\"https:\/\/www.alexetalex.com\/ca\/dossiers-fruites\/route-des-fruits\/concombre-fruit-ou-legume\/#breadcrumb\",\"itemListElement\":[{\"@type\":\"ListItem\",\"position\":1,\"name\":\"Magazine\",\"item\":\"https:\/\/www.alexetalex.com\/ca\/dossiers-fruites\/\"},{\"@type\":\"ListItem\",\"position\":2,\"name\":\"Fruits\",\"item\":\"https:\/\/www.alexetalex.com\/ca\/dossiers-fruites\/route-des-fruits\/\"},{\"@type\":\"ListItem\",\"position\":3,\"name\":\"Dossier\"}]}]}<\/script>\n<!-- \/ Yoast SEO plugin. -->","yoast_head_json":{"title":"Concombre : fruit ou l\u00e9gume ?","description":"Le concombre contenant des graines, et provenant de la f\u00e9condation d\u2019une fleur, on peut affirmer qu\u2019au sens botanique, le concombre est un fruit.","robots":{"index":"index","follow":"follow","max-snippet":"max-snippet:-1","max-image-preview":"max-image-preview:large","max-video-preview":"max-video-preview:-1"},"canonical":"https:\/\/www.alexetalex.com\/ca\/dossiers-fruites\/route-des-fruits\/concombre-fruit-ou-legume\/","og_locale":"fr_FR","og_type":"article","og_title":"Concombre : fruit ou l\u00e9gume ?","og_description":"Le concombre contenant des graines, et provenant de la f\u00e9condation d\u2019une fleur, on peut affirmer qu\u2019au sens botanique, le concombre est un fruit.","og_url":"https:\/\/www.alexetalex.com\/ca\/dossiers-fruites\/route-des-fruits\/concombre-fruit-ou-legume\/","article_modified_time":"2020-05-04T15:13:44+00:00","og_image":[{"width":560,"height":400,"url":"https:\/\/www.alexetalex.com\/ca\/wp-content\/uploads\/2018\/04\/concombre-560x400.jpg","type":"image\/jpeg"}],"twitter_misc":{"Dur\u00e9e de lecture estim\u00e9e":"3 minutes"},"schema":{"@context":"https:\/\/schema.org","@graph":[{"@type":"Organization","@id":"https:\/\/www.alexetalex.com\/ca\/#organization","name":"Alex & Alex","url":"https:\/\/www.alexetalex.com\/ca\/","sameAs":[],"logo":{"@type":"ImageObject","@id":"https:\/\/www.alexetalex.com\/ca\/#logo","inLanguage":"fr-FR","url":"https:\/\/www.alexetalex.com\/ca\/wp-content\/uploads\/2020\/04\/alexalex-1.png","contentUrl":"https:\/\/www.alexetalex.com\/ca\/wp-content\/uploads\/2020\/04\/alexalex-1.png","width":51,"height":50,"caption":"Alex & Alex"},"image":{"@id":"https:\/\/www.alexetalex.com\/ca\/#logo"}},{"@type":"WebSite","@id":"https:\/\/www.alexetalex.com\/ca\/#website","url":"https:\/\/www.alexetalex.com\/ca\/","name":"","description":"","publisher":{"@id":"https:\/\/www.alexetalex.com\/ca\/#organization"},"potentialAction":[{"@type":"SearchAction","target":{"@type":"EntryPoint","urlTemplate":"https:\/\/www.alexetalex.com\/ca\/?s={search_term_string}"},"query-input":"required name=search_term_string"}],"inLanguage":"fr-FR"},{"@type":"ImageObject","@id":"https:\/\/www.alexetalex.com\/ca\/dossiers-fruites\/route-des-fruits\/concombre-fruit-ou-legume\/#primaryimage","inLanguage":"fr-FR","url":"https:\/\/www.alexetalex.com\/ca\/wp-content\/uploads\/2018\/04\/concombre-560x400.jpg","contentUrl":"https:\/\/www.alexetalex.com\/ca\/wp-content\/uploads\/2018\/04\/concombre-560x400.jpg","width":560,"height":400,"caption":"Le concombre : fruit ou l\u00e9gume ? Pourquoi le concombre est-il un fruit !"},{"@type":"WebPage","@id":"https:\/\/www.alexetalex.com\/ca\/dossiers-fruites\/route-des-fruits\/concombre-fruit-ou-legume\/#webpage","url":"https:\/\/www.alexetalex.com\/ca\/dossiers-fruites\/route-des-fruits\/concombre-fruit-ou-legume\/","name":"Concombre : fruit ou l\u00e9gume ?","isPartOf":{"@id":"https:\/\/www.alexetalex.com\/ca\/#website"},"primaryImageOfPage":{"@id":"https:\/\/www.alexetalex.com\/ca\/dossiers-fruites\/route-des-fruits\/concombre-fruit-ou-legume\/#primaryimage"},"datePublished":"2018-04-21T15:54:48+00:00","dateModified":"2020-05-04T15:13:44+00:00","description":"Le concombre contenant des graines, et provenant de la f\u00e9condation d\u2019une fleur, on peut affirmer qu\u2019au sens botanique, le concombre est un fruit.","breadcrumb":{"@id":"https:\/\/www.alexetalex.com\/ca\/dossiers-fruites\/route-des-fruits\/concombre-fruit-ou-legume\/#breadcrumb"},"inLanguage":"fr-FR","potentialAction":[{"@type":"ReadAction","target":["https:\/\/www.alexetalex.com\/ca\/dossiers-fruites\/route-des-fruits\/concombre-fruit-ou-legume\/"]}]},{"@type":"BreadcrumbList","@id":"https:\/\/www.alexetalex.com\/ca\/dossiers-fruites\/route-des-fruits\/concombre-fruit-ou-legume\/#breadcrumb","itemListElement":[{"@type":"ListItem","position":1,"name":"Magazine","item":"https:\/\/www.alexetalex.com\/ca\/dossiers-fruites\/"},{"@type":"ListItem","position":2,"name":"Fruits","item":"https:\/\/www.alexetalex.com\/ca\/dossiers-fruites\/route-des-fruits\/"},{"@type":"ListItem","position":3,"name":"Dossier"}]}]}},"_links":{"self":[{"href":"https:\/\/www.alexetalex.com\/ca\/wp-json\/wp\/v2\/pages\/9071"}],"collection":[{"href":"https:\/\/www.alexetalex.com\/ca\/wp-json\/wp\/v2\/pages"}],"about":[{"href":"https:\/\/www.alexetalex.com\/ca\/wp-json\/wp\/v2\/types\/page"}],"author":[{"embeddable":true,"href":"https:\/\/www.alexetalex.com\/ca\/wp-json\/wp\/v2\/users\/4"}],"replies":[{"embeddable":true,"href":"https:\/\/www.alexetalex.com\/ca\/wp-json\/wp\/v2\/comments?post=9071"}],"version-history":[{"count":1,"href":"https:\/\/www.alexetalex.com\/ca\/wp-json\/wp\/v2\/pages\/9071\/revisions"}],"predecessor-version":[{"id":16592,"href":"https:\/\/www.alexetalex.com\/ca\/wp-json\/wp\/v2\/pages\/9071\/revisions\/16592"}],"up":[{"embeddable":true,"href":"https:\/\/www.alexetalex.com\/ca\/wp-json\/wp\/v2\/pages\/8732"}],"wp:featuredmedia":[{"embeddable":true,"href":"https:\/\/www.alexetalex.com\/ca\/wp-json\/wp\/v2\/media\/9072"}],"wp:attachment":[{"href":"https:\/\/www.alexetalex.com\/ca\/wp-json\/wp\/v2\/media?parent=9071"}],"curies":[{"name":"wp","href":"https:\/\/api.w.org\/{rel}","templated":true}]}}