{"id":9132,"date":"2018-04-24T17:55:14","date_gmt":"2018-04-24T16:55:14","guid":{"rendered":"https:\/\/www.alexetalex.com\/ca\/?page_id=9132"},"modified":"2020-11-18T11:23:51","modified_gmt":"2020-11-18T10:23:51","slug":"avocat-fruit-ou-legume","status":"publish","type":"page","link":"https:\/\/www.alexetalex.com\/ca\/dossiers-fruites\/route-des-fruits\/avocat-fruit-ou-legume\/","title":{"rendered":"Avocat : fruit ou l\u00e9gume ?"},"content":{"rendered":"<p><H1>L&rsquo;avocat : s&rsquo;agit-il d&rsquo;un fruit ou d&rsquo;un l\u00e9gume ?<\/H1><\/p>\n<p><\/br><br \/>\n<img loading=\"lazy\" src=\"https:\/\/www.alexetalex.com\/wp-content\/uploads\/2020\/05\/avocat.jpg\" alt=\"\" width=\"830\" height=\"563\" class=\"alignnone size-full wp-image-17032\" \/><br \/>\n<\/br><\/p>\n<p>Au sens botanique, le fruit est l\u2019organe v\u00e9g\u00e9tal qui succ\u00e8de \u00e0 la fleur : le (ou les) ovule(s) de la fleur donne(nt) la graine (ou les graines), et la paroi de l\u2019ovaire forme le p\u00e9ricarpe. C\u2019est-\u00e0-dire toute la partie du fruit qui n\u2019appartient pas \u00e0 la graine.<\/p>\n<p><\/br><\/p>\n<h2>I] L\u2019avocat : l\u00e9gume ou fruit ?<\/h2>\n<p><\/br><br \/>\n<\/br><\/p>\n <div class=\"hsg-featured-numb\">\n    <div>\n <p>1<\/p>\n <p><\/p>\n<h3>Pourquoi l'avocat est-il un fruit ?<\/h3>\n<p><\/p>\n\n<\/div>\n  \n<\/div>\n<p><\/br><\/p>\n<p>L&rsquo;avocat est un fruit au sens botanique en d\u00e9pit du fait qu&rsquo;il soit couramment utilis\u00e9 dans nos assiette comme un l\u00e9gume. Contenant un noyau (c&rsquo;est \u00e0 dire une graine), et provenant d\u2019une fleur f\u00e9cond\u00e9e (celle de l\u2019avocatier), botaniquement parlant, l&rsquo;avocat se classe bel et bien dans la cat\u00e9gorie des fruits.<\/p>\n<p><\/br><\/p>\n<p><img loading=\"lazy\" width=\"560\" height=\"400\" src=\"https:\/\/www.alexetalex.com\/wp-content\/uploads\/2018\/04\/Avocat-560x400.jpg\" alt=\"L'avocat : fruit ou l\u00e9gume ?\" class=\"alignnone size-full wp-image-9133\" srcset=\"https:\/\/www.alexetalex.com\/ca\/wp-content\/uploads\/2018\/04\/Avocat-560x400.jpg 560w, https:\/\/www.alexetalex.com\/ca\/wp-content\/uploads\/2018\/04\/Avocat-560x400-250x179.jpg 250w, https:\/\/www.alexetalex.com\/ca\/wp-content\/uploads\/2018\/04\/Avocat-560x400-120x86.jpg 120w, https:\/\/www.alexetalex.com\/ca\/wp-content\/uploads\/2018\/04\/Avocat-560x400-320x229.jpg 320w\" sizes=\"(max-width: 560px) 100vw, 560px\" \/><\/p>\n<p><\/br><\/p>\n<p>N\u00e9anmoins, bien qu\u2019il s\u2019agisse d\u2019un fruit au sens botanique, l\u2019avocat est, au sens populaire, plut\u00f4t class\u00e9 parmi les l\u00e9gumes. En effet, dans nos habitudes culinaires, tout comme au supermarch\u00e9, on le retrouve plut\u00f4t au c\u00f4t\u00e9 les \u00ab vrais l\u00e9gumes \u00bb. Il s&rsquo;agit notamment des l\u00e9gumes tel que le poireau, le navet ou encore la carotte.<\/p>\n<p>Alors pourquoi cette confusion ? Cela provient directement de la d\u00e9finition commune d\u2019un l\u00e9gume.<\/p>\n<p><\/br><\/p>\n <div class=\"hsg-featured-numb\">\n    <div>\n <p>2<\/p>\n <p><\/p>\n<h3>Le l\u00e9gume : d\u00e9finition commune<\/h3>\n<p><\/p>\n\n<\/div>\n  \n<\/div>\n<p><\/br><\/p>\n<p>La d\u00e9finition commune d\u2019un l\u00e9gume fait r\u00e9f\u00e9rence \u00e0 l\u2019usage que nous en faisons dans nos habitudes alimentaires. Ainsi, on qualifie commun\u00e9ment de l\u00e9gume une plante, ou partie de plante potag\u00e8re, qui est peu sucr\u00e9e et qui entre dans la composition de nos entr\u00e9es ou de nos plats principaux.<\/p>\n<p>C\u2019est en ce sens que l\u2019on qualifie plut\u00f4t l\u2019avocat de l\u00e9gume, bien que cela soit en contradiction avec la d\u00e9finition botanique. La diversit\u00e9 au sein de la classification botanique des l\u00e9gumes entretien \u00e0 n\u2019en pas douter cette confusion\u2026 En effet, un l\u00e9gume peut se pr\u00e9senter sous une multitude de formes :<br \/>\n<br \/>&#8211; Avec des feuilles (salade, carde, \u00e9pinard, poireau chou\u2026etc.)<br \/>\n<br \/>&#8211; Sous forme de tubercules ou racines (pomme de terre, carotte, radis, navet, rave)<br \/>\n<br \/>&#8211; Ou sous forme de bulbes (ail, oignon, \u00e9chalote)<br \/>\n<br \/>&#8211; Ou encore sous forme de germes (germe de soja, germe de brocolis)<br \/>\n<br \/>&#8211; En tiges ou en pousses (asperge, poireau, bambou)<br \/>\n<br \/>&#8211; Mais aussi sous forme de graines (pois chiches, lentilles)<\/p>\n<p>Quoi qu\u2019il en soit, l\u00e9gume ou pas l\u00e9gume, l\u2019avocat est un aliment tr\u00e8s int\u00e9ressant sur le plan nutritionnel. De plus, il facile \u00e0 int\u00e9grer dans notre alimentation au quotidien, comme nous allons le voir dans la rubrique suivante.<\/p>\n<p><\/br><\/p>\n<h2>II] L\u2019avocat : bienfaits et apports nutritionnels<\/h2>\n<p><\/br><\/p>\n <div class=\"hsg-featured-numb\">\n    <div>\n <p>1<\/p>\n <p><\/p>\n<h3>Bienfaits sant\u00e9<\/h3>\n<p><\/p>\n\n<\/div>\n  \n<\/div>\n<p><\/br><\/p>\n<p>L\u2019avocat est riche en fibres (21% de la VNR), en lipides (16g pour 100g de fruit). Aussi, il repr\u00e9sente une excellente source de vitamine B9 (39% de la VNR), B5 (16% de la VNR) et vitamine E (20% de la VNR).<\/p>\n<p>Cette forte teneur en lipides conf\u00e8re \u00e0 l\u2019avocat l\u2019un des apports \u00e9nerg\u00e9tiques le plus importants parmi les fruits et l\u00e9gumes. En effet, il contient 685 kJ pour 100g (soit pr\u00e8s de 170 kcal). Il s\u2019agit principalement de \u00ab bons \u00bb lipides, les acides gras monoinsatur\u00e9s et polyinsatur\u00e9s (respectivement 11.50 g + 2.50 g) ; contre seulement 2.00 g d\u2019acides gras satur\u00e9s.<\/p>\n<p><\/br><\/p>\n <div class=\"hsg-featured-numb\">\n    <div>\n <p>2<\/p>\n <p><\/p>\n<h3>Composition nutritionnelle de l'avocat<\/h3>\n<p><\/p>\n\n<\/div>\n  \n<\/div>\n<p><\/br><\/p>\n<p>Analyse des macronutriments pour 100g de fruit * :<br \/>\n<br \/>&#8211; Eau : 74.00 g<br \/>\n<br \/>&#8211; Prot\u00e9ines : 1.80 g<br \/>\n<br \/>&#8211; Lipides : 16.00 g<br \/>\n<br \/>&#8211; Glucides : 3.13g (dont 1.03g de sucres)<br \/>\n<br \/>&#8211; Fibres : 5.07g<\/p>\n<p><\/br><\/p>\n<p>Analyse de la composition en vitamines pour 100g de fruit * :<br \/>\n<br \/>&#8211; Vitamine C : 7.49 mg (soit 9.36% de la VNR)<br \/>\n<br \/>&#8211; Vitamine E : 2.36 mg (soit 19.67% de la VNR)<br \/>\n<br \/>&#8211; La vitamine B1 : 0.08 mg<br \/>\n<br \/>&#8211; Vitamine B2 : 0.15 mg<br \/>\n<br \/>&#8211; Vitamine B3 : 1.28 mg<br \/>\n<br \/>&#8211; La vitamine B5 : 0.94 mg<br \/>\n<br \/>&#8211; Vitamine B6 : 0.24 mg<br \/>\n<br \/>&#8211; Vitamine B9 : 78.50 \u00b5g (soit 39.25% de la VNR)<br \/>\n<br \/>&#8211; La vitamine A : 10.00 \u00b5g<\/p>\n<p><\/br><\/p>\n<p>Puis, pour finir, analyse de la composition en min\u00e9raux pour 100g de fruit * :<br \/>\n<br \/>&#8211; Cuivre : 0.53 mg (soit 53% de la VNR)<br \/>\n<br \/>&#8211; Potassium : 412 mg (soit 20.6% de la VNR)<br \/>\n<br \/>&#8211; Magn\u00e9sium : 10.1 mg<br \/>&#8211; Phosphore : 41.9 mg<\/p>\n<p><i>(*) Sources : Aprifel<\/i><\/p>\n<p><\/br><\/p>\n<p><H2>III] Testez vos connaissances sur les fruits et l\u00e9gumes<\/H2><\/p>\n<p><\/br><\/p>\n <div class=\"hsg-featured-numb\">\n    <div>\n <p>1<\/p>\n <p><H3>Le jeu des diff\u00e9rences<\/H3><\/p>\n\n<\/div>\n  \n<\/div>\n<p><\/br><\/p>\n<p>&#8211; <a href=\"https:\/\/www.alexetalex.com\/ca\/dossiers-fruites\/le-saviez-vous\/clementine-mandarine\/\">Cl\u00e9mentine ou mandarine<\/a> : savez-vous faire la diff\u00e9rence ?<\/p>\n<p><\/p>\n<p>&#8211; <a href=\"https:\/\/www.alexetalex.com\/ca\/dossiers-fruites\/le-saviez-vous\/chataigne-marron\/\">Ch\u00e2taigne ou marron<\/a> : comment ne pas se tromper ?<\/p>\n<p><\/p>\n<p>&#8211; <a href=\"https:\/\/www.alexetalex.com\/ca\/dossiers-fruites\/route-des-fruits\/fraise-des-bois\/\">Fraise des bois (comestible) ou fraisier des Indes (toxique) ?<\/a> Sauriez-vous les reconna\u00eetre dans la nature ?<\/p>\n<p><\/br><\/p>\n <div class=\"hsg-featured-numb\">\n    <div>\n <p>2<\/p>\n <p><H3>En botanique : est-ce un fruit ou un l\u00e9gume ?<\/H3><\/p>\n\n<\/div>\n  \n<\/div>\n<p><\/br><\/p>\n<p>Ainsi, si vous avez bien lu cet article, vous pouvez tester vos connaissances avec les exemples ci-dessous :<\/p>\n<p>&#8211; <a href=\"https:\/\/www.alexetalex.com\/ca\/pourquoi-la-courgette-est-elle-un-fruit\/\">La courgette : un fruit ou un l\u00e9gume<\/a> ?<br \/>\n<br \/>&#8211; <a href=\"https:\/\/www.alexetalex.com\/ca\/la-tomate-est-elle-un-fruit-ou-un-legume\/\">La tomate est-elle un fruit ou un l\u00e9gume<\/a> ?<br \/>\n<br \/>&#8211; <a href=\"https:\/\/www.alexetalex.com\/ca\/dossiers-fruites\/le-saviez-vous\/fraise-fruit-ou-legume\/\">La fraise : est-ce un fruit ou bien un l\u00e9gume<\/a> ?<\/p>\n<p>En cliquant sur ces liens, on vous donne la r\u00e9ponse qui se base sur la classification g\u00e9n\u00e9rale en botanique. Donc Pas d&rsquo;ambigu\u00eft\u00e9 : vous serez fix\u00e9(e) une bonne fois pour toute. <strong>En effet, les r\u00e9ponses sont parfois surprenantes !<\/strong><\/p>\n<p><\/br><\/p>\n <div class=\"hsg-featured-numb\">\n    <div>\n <p>3<\/p>\n <p><H3>Les fruits qui commencent par la lettre<\/H3><\/p>\n\n<\/div>\n  \n<\/div>\n<p><\/br><\/p>\n<p>Dernier petit d\u00e9fi : sauriez-vous citer un fruit commen\u00e7ant par les lettres suivantes \u00ab\u00a0i\u00a0\u00bb, \u00ab\u00a0s\u00a0\u00bb et \u00ab\u00a0e\u00a0\u00bb :<br \/>\n<br \/>&#8211; Les <a href=\"https:\/\/www.alexetalex.com\/ca\/dossiers-fruites\/le-saviez-vous\/fruits-legumes-en-i\/\">fruits en i<\/a> (pas \u00e9vident, il n&rsquo;en existe qu&rsquo;un seul en fran\u00e7ais)<br \/>\n<br \/>&#8211; <a href=\"https:\/\/www.alexetalex.com\/ca\/dossiers-fruites\/le-saviez-vous\/fruits-legumes-en-s\/\">Fruits en s<\/a> (indice : il en existe 5, mais ils sont peu communs)<br \/>\n<br \/>&#8211; Les <a href=\"https:\/\/www.alexetalex.com\/ca\/dossiers-fruites\/le-saviez-vous\/fruits-legumes-en-e\/\">fruits en e<\/a> (attention, question pi\u00e8ge !)<\/p>\n<p>Article r\u00e9dig\u00e9 par Camille Dentas, MSc in Life Science.<\/p>\n<p><i>Retrouvez l&rsquo;Avocat, mais aussi bien d&rsquo;autres fruits (et des vrais !) sur la page d\u00e9di\u00e9e \u00e0 notre activit\u00e9 professionnelle \u00e0 Montr\u00e9al : le service de livraison de <a title=\"Fruits au bureau\" href=\"https:\/\/www.alexetalex.com\/ca\/\">fruits au bureau<\/a>.<\/i> Par ailleurs, retrouver tous nos services en cliquant <a href=\"https:\/\/www.alexetalex.com\/ca\/#nos-services\" rel=\"noopener noreferrer\" target=\"_blank\">ici<\/a>.<\/p>\n<p><a title=\"Les Fruits au bureau - by Alex &#038; Alex\" href=\"https:\/\/www.alexetalex.com\/ca\/\"><img loading=\"lazy\" width=\"658\" height=\"280\" src=\"https:\/\/www.alexetalex.com\/wp-content\/uploads\/2018\/01\/Call-to-action-2.jpg\" alt=\"Call to action 2\" class=\"alignnone size-full wp-image-8638\" srcset=\"https:\/\/www.alexetalex.com\/ca\/wp-content\/uploads\/2018\/01\/Call-to-action-2.jpg 658w, https:\/\/www.alexetalex.com\/ca\/wp-content\/uploads\/2018\/01\/Call-to-action-2-600x255.jpg 600w, https:\/\/www.alexetalex.com\/ca\/wp-content\/uploads\/2018\/01\/Call-to-action-2-270x115.jpg 270w, https:\/\/www.alexetalex.com\/ca\/wp-content\/uploads\/2018\/01\/Call-to-action-2-550x234.jpg 550w\" sizes=\"(max-width: 658px) 100vw, 658px\" \/><\/a><\/p>\n","protected":false},"excerpt":{"rendered":"<p>L&rsquo;avocat : s&rsquo;agit-il d&rsquo;un fruit ou d&rsquo;un l\u00e9gume ? Au sens botanique, le fruit est l\u2019organe v\u00e9g\u00e9tal qui succ\u00e8de \u00e0 la fleur : le (ou les) ovule(s) de la fleur donne(nt) la graine (ou les graines), et la paroi de l\u2019ovaire forme le p\u00e9ricarpe. C\u2019est-\u00e0-dire toute la partie du fruit qui n\u2019appartient pas \u00e0 la [&hellip;]<\/p>\n","protected":false},"author":4,"featured_media":9133,"parent":8732,"menu_order":0,"comment_status":"closed","ping_status":"closed","template":"","meta":{"_et_pb_use_builder":"","_et_pb_old_content":"","_et_gb_content_width":""},"acf":[],"yoast_head":"<!-- This site is optimized with the Yoast SEO plugin v17.6 - https:\/\/yoast.com\/wordpress\/plugins\/seo\/ -->\n<title>L&#039;avocat : est-ce un fruit ou un l\u00e9gume? D\u00e9couvrons-le!<\/title>\n<meta name=\"description\" content=\"L\u2019avocat contient des graines, et provient d\u2019une fleur f\u00e9cond\u00e9e, donc on peut affirmer qu\u2019au sens botanique du terme, l&#039;avocat est un fruit\" \/>\n<meta name=\"robots\" content=\"index, follow, max-snippet:-1, max-image-preview:large, max-video-preview:-1\" \/>\n<link rel=\"canonical\" href=\"https:\/\/www.alexetalex.com\/ca\/dossiers-fruites\/route-des-fruits\/avocat-fruit-ou-legume\/\" \/>\n<meta property=\"og:locale\" content=\"fr_FR\" \/>\n<meta property=\"og:type\" content=\"article\" \/>\n<meta property=\"og:title\" content=\"L&#039;avocat : est-ce un fruit ou un l\u00e9gume? D\u00e9couvrons-le!\" \/>\n<meta property=\"og:description\" content=\"L\u2019avocat contient des graines, et provient d\u2019une fleur f\u00e9cond\u00e9e, donc on peut affirmer qu\u2019au sens botanique du terme, l&#039;avocat est un fruit\" \/>\n<meta property=\"og:url\" content=\"https:\/\/www.alexetalex.com\/ca\/dossiers-fruites\/route-des-fruits\/avocat-fruit-ou-legume\/\" \/>\n<meta property=\"article:modified_time\" content=\"2020-11-18T10:23:51+00:00\" \/>\n<meta property=\"og:image\" content=\"https:\/\/www.alexetalex.com\/ca\/wp-content\/uploads\/2018\/04\/Avocat-560x400.jpg\" \/>\n\t<meta property=\"og:image:width\" content=\"560\" \/>\n\t<meta property=\"og:image:height\" content=\"400\" \/>\n<meta name=\"twitter:label1\" content=\"Dur\u00e9e de lecture estim\u00e9e\" \/>\n\t<meta name=\"twitter:data1\" content=\"5 minutes\" \/>\n<script type=\"application\/ld+json\" class=\"yoast-schema-graph\">{\"@context\":\"https:\/\/schema.org\",\"@graph\":[{\"@type\":\"Organization\",\"@id\":\"https:\/\/www.alexetalex.com\/ca\/#organization\",\"name\":\"Alex & Alex\",\"url\":\"https:\/\/www.alexetalex.com\/ca\/\",\"sameAs\":[],\"logo\":{\"@type\":\"ImageObject\",\"@id\":\"https:\/\/www.alexetalex.com\/ca\/#logo\",\"inLanguage\":\"fr-FR\",\"url\":\"https:\/\/www.alexetalex.com\/ca\/wp-content\/uploads\/2020\/04\/alexalex-1.png\",\"contentUrl\":\"https:\/\/www.alexetalex.com\/ca\/wp-content\/uploads\/2020\/04\/alexalex-1.png\",\"width\":51,\"height\":50,\"caption\":\"Alex & Alex\"},\"image\":{\"@id\":\"https:\/\/www.alexetalex.com\/ca\/#logo\"}},{\"@type\":\"WebSite\",\"@id\":\"https:\/\/www.alexetalex.com\/ca\/#website\",\"url\":\"https:\/\/www.alexetalex.com\/ca\/\",\"name\":\"\",\"description\":\"\",\"publisher\":{\"@id\":\"https:\/\/www.alexetalex.com\/ca\/#organization\"},\"potentialAction\":[{\"@type\":\"SearchAction\",\"target\":{\"@type\":\"EntryPoint\",\"urlTemplate\":\"https:\/\/www.alexetalex.com\/ca\/?s={search_term_string}\"},\"query-input\":\"required name=search_term_string\"}],\"inLanguage\":\"fr-FR\"},{\"@type\":\"ImageObject\",\"@id\":\"https:\/\/www.alexetalex.com\/ca\/dossiers-fruites\/route-des-fruits\/avocat-fruit-ou-legume\/#primaryimage\",\"inLanguage\":\"fr-FR\",\"url\":\"https:\/\/www.alexetalex.com\/ca\/wp-content\/uploads\/2018\/04\/Avocat-560x400.jpg\",\"contentUrl\":\"https:\/\/www.alexetalex.com\/ca\/wp-content\/uploads\/2018\/04\/Avocat-560x400.jpg\",\"width\":560,\"height\":400,\"caption\":\"L'avocat : fruit ou l\\u00e9gume ?\"},{\"@type\":\"WebPage\",\"@id\":\"https:\/\/www.alexetalex.com\/ca\/dossiers-fruites\/route-des-fruits\/avocat-fruit-ou-legume\/#webpage\",\"url\":\"https:\/\/www.alexetalex.com\/ca\/dossiers-fruites\/route-des-fruits\/avocat-fruit-ou-legume\/\",\"name\":\"L'avocat : est-ce un fruit ou un l\\u00e9gume? D\\u00e9couvrons-le!\",\"isPartOf\":{\"@id\":\"https:\/\/www.alexetalex.com\/ca\/#website\"},\"primaryImageOfPage\":{\"@id\":\"https:\/\/www.alexetalex.com\/ca\/dossiers-fruites\/route-des-fruits\/avocat-fruit-ou-legume\/#primaryimage\"},\"datePublished\":\"2018-04-24T16:55:14+00:00\",\"dateModified\":\"2020-11-18T10:23:51+00:00\",\"description\":\"L\\u2019avocat contient des graines, et provient d\\u2019une fleur f\\u00e9cond\\u00e9e, donc on peut affirmer qu\\u2019au sens botanique du terme, l'avocat est un fruit\",\"breadcrumb\":{\"@id\":\"https:\/\/www.alexetalex.com\/ca\/dossiers-fruites\/route-des-fruits\/avocat-fruit-ou-legume\/#breadcrumb\"},\"inLanguage\":\"fr-FR\",\"potentialAction\":[{\"@type\":\"ReadAction\",\"target\":[\"https:\/\/www.alexetalex.com\/ca\/dossiers-fruites\/route-des-fruits\/avocat-fruit-ou-legume\/\"]}]},{\"@type\":\"BreadcrumbList\",\"@id\":\"https:\/\/www.alexetalex.com\/ca\/dossiers-fruites\/route-des-fruits\/avocat-fruit-ou-legume\/#breadcrumb\",\"itemListElement\":[{\"@type\":\"ListItem\",\"position\":1,\"name\":\"Magazine\",\"item\":\"https:\/\/www.alexetalex.com\/ca\/dossiers-fruites\/\"},{\"@type\":\"ListItem\",\"position\":2,\"name\":\"Fruits\",\"item\":\"https:\/\/www.alexetalex.com\/ca\/dossiers-fruites\/route-des-fruits\/\"},{\"@type\":\"ListItem\",\"position\":3,\"name\":\"Dossier\"}]}]}<\/script>\n<!-- \/ Yoast SEO plugin. -->","yoast_head_json":{"title":"L'avocat : est-ce un fruit ou un l\u00e9gume? D\u00e9couvrons-le!","description":"L\u2019avocat contient des graines, et provient d\u2019une fleur f\u00e9cond\u00e9e, donc on peut affirmer qu\u2019au sens botanique du terme, l'avocat est un fruit","robots":{"index":"index","follow":"follow","max-snippet":"max-snippet:-1","max-image-preview":"max-image-preview:large","max-video-preview":"max-video-preview:-1"},"canonical":"https:\/\/www.alexetalex.com\/ca\/dossiers-fruites\/route-des-fruits\/avocat-fruit-ou-legume\/","og_locale":"fr_FR","og_type":"article","og_title":"L'avocat : est-ce un fruit ou un l\u00e9gume? D\u00e9couvrons-le!","og_description":"L\u2019avocat contient des graines, et provient d\u2019une fleur f\u00e9cond\u00e9e, donc on peut affirmer qu\u2019au sens botanique du terme, l'avocat est un fruit","og_url":"https:\/\/www.alexetalex.com\/ca\/dossiers-fruites\/route-des-fruits\/avocat-fruit-ou-legume\/","article_modified_time":"2020-11-18T10:23:51+00:00","og_image":[{"width":560,"height":400,"url":"https:\/\/www.alexetalex.com\/ca\/wp-content\/uploads\/2018\/04\/Avocat-560x400.jpg","type":"image\/jpeg"}],"twitter_misc":{"Dur\u00e9e de lecture estim\u00e9e":"5 minutes"},"schema":{"@context":"https:\/\/schema.org","@graph":[{"@type":"Organization","@id":"https:\/\/www.alexetalex.com\/ca\/#organization","name":"Alex & Alex","url":"https:\/\/www.alexetalex.com\/ca\/","sameAs":[],"logo":{"@type":"ImageObject","@id":"https:\/\/www.alexetalex.com\/ca\/#logo","inLanguage":"fr-FR","url":"https:\/\/www.alexetalex.com\/ca\/wp-content\/uploads\/2020\/04\/alexalex-1.png","contentUrl":"https:\/\/www.alexetalex.com\/ca\/wp-content\/uploads\/2020\/04\/alexalex-1.png","width":51,"height":50,"caption":"Alex & Alex"},"image":{"@id":"https:\/\/www.alexetalex.com\/ca\/#logo"}},{"@type":"WebSite","@id":"https:\/\/www.alexetalex.com\/ca\/#website","url":"https:\/\/www.alexetalex.com\/ca\/","name":"","description":"","publisher":{"@id":"https:\/\/www.alexetalex.com\/ca\/#organization"},"potentialAction":[{"@type":"SearchAction","target":{"@type":"EntryPoint","urlTemplate":"https:\/\/www.alexetalex.com\/ca\/?s={search_term_string}"},"query-input":"required name=search_term_string"}],"inLanguage":"fr-FR"},{"@type":"ImageObject","@id":"https:\/\/www.alexetalex.com\/ca\/dossiers-fruites\/route-des-fruits\/avocat-fruit-ou-legume\/#primaryimage","inLanguage":"fr-FR","url":"https:\/\/www.alexetalex.com\/ca\/wp-content\/uploads\/2018\/04\/Avocat-560x400.jpg","contentUrl":"https:\/\/www.alexetalex.com\/ca\/wp-content\/uploads\/2018\/04\/Avocat-560x400.jpg","width":560,"height":400,"caption":"L'avocat : fruit ou l\u00e9gume ?"},{"@type":"WebPage","@id":"https:\/\/www.alexetalex.com\/ca\/dossiers-fruites\/route-des-fruits\/avocat-fruit-ou-legume\/#webpage","url":"https:\/\/www.alexetalex.com\/ca\/dossiers-fruites\/route-des-fruits\/avocat-fruit-ou-legume\/","name":"L'avocat : est-ce un fruit ou un l\u00e9gume? D\u00e9couvrons-le!","isPartOf":{"@id":"https:\/\/www.alexetalex.com\/ca\/#website"},"primaryImageOfPage":{"@id":"https:\/\/www.alexetalex.com\/ca\/dossiers-fruites\/route-des-fruits\/avocat-fruit-ou-legume\/#primaryimage"},"datePublished":"2018-04-24T16:55:14+00:00","dateModified":"2020-11-18T10:23:51+00:00","description":"L\u2019avocat contient des graines, et provient d\u2019une fleur f\u00e9cond\u00e9e, donc on peut affirmer qu\u2019au sens botanique du terme, l'avocat est un fruit","breadcrumb":{"@id":"https:\/\/www.alexetalex.com\/ca\/dossiers-fruites\/route-des-fruits\/avocat-fruit-ou-legume\/#breadcrumb"},"inLanguage":"fr-FR","potentialAction":[{"@type":"ReadAction","target":["https:\/\/www.alexetalex.com\/ca\/dossiers-fruites\/route-des-fruits\/avocat-fruit-ou-legume\/"]}]},{"@type":"BreadcrumbList","@id":"https:\/\/www.alexetalex.com\/ca\/dossiers-fruites\/route-des-fruits\/avocat-fruit-ou-legume\/#breadcrumb","itemListElement":[{"@type":"ListItem","position":1,"name":"Magazine","item":"https:\/\/www.alexetalex.com\/ca\/dossiers-fruites\/"},{"@type":"ListItem","position":2,"name":"Fruits","item":"https:\/\/www.alexetalex.com\/ca\/dossiers-fruites\/route-des-fruits\/"},{"@type":"ListItem","position":3,"name":"Dossier"}]}]}},"_links":{"self":[{"href":"https:\/\/www.alexetalex.com\/ca\/wp-json\/wp\/v2\/pages\/9132"}],"collection":[{"href":"https:\/\/www.alexetalex.com\/ca\/wp-json\/wp\/v2\/pages"}],"about":[{"href":"https:\/\/www.alexetalex.com\/ca\/wp-json\/wp\/v2\/types\/page"}],"author":[{"embeddable":true,"href":"https:\/\/www.alexetalex.com\/ca\/wp-json\/wp\/v2\/users\/4"}],"replies":[{"embeddable":true,"href":"https:\/\/www.alexetalex.com\/ca\/wp-json\/wp\/v2\/comments?post=9132"}],"version-history":[{"count":6,"href":"https:\/\/www.alexetalex.com\/ca\/wp-json\/wp\/v2\/pages\/9132\/revisions"}],"predecessor-version":[{"id":17510,"href":"https:\/\/www.alexetalex.com\/ca\/wp-json\/wp\/v2\/pages\/9132\/revisions\/17510"}],"up":[{"embeddable":true,"href":"https:\/\/www.alexetalex.com\/ca\/wp-json\/wp\/v2\/pages\/8732"}],"wp:featuredmedia":[{"embeddable":true,"href":"https:\/\/www.alexetalex.com\/ca\/wp-json\/wp\/v2\/media\/9133"}],"wp:attachment":[{"href":"https:\/\/www.alexetalex.com\/ca\/wp-json\/wp\/v2\/media?parent=9132"}],"curies":[{"name":"wp","href":"https:\/\/api.w.org\/{rel}","templated":true}]}}