{"id":9136,"date":"2018-04-24T18:06:03","date_gmt":"2018-04-24T17:06:03","guid":{"rendered":"https:\/\/www.alexetalex.com\/ca\/?page_id=9136"},"modified":"2020-05-04T16:13:53","modified_gmt":"2020-05-04T15:13:53","slug":"poivron-fruit-ou-legume","status":"publish","type":"page","link":"https:\/\/www.alexetalex.com\/ca\/dossiers-fruites\/route-des-fruits\/poivron-fruit-ou-legume\/","title":{"rendered":"Le poivron : fruit ou l\u00e9gume"},"content":{"rendered":"<p><H1>Le poivron est-il un fruit ou un l\u00e9gume ?<\/H1><\/p>\n<p>L\u2019objectif de cet article est de vous expliquer pourquoi, d\u2019un point de vue botanique, le poivron peut \u00eatre consid\u00e9r\u00e9 comme un fruit. Mais aussi de montrer qu\u2019il n\u2019est pas faux pour autant de le ranger dans la famille des l\u00e9gumes.<\/p>\n<p><img loading=\"lazy\" width=\"560\" height=\"400\" src=\"https:\/\/www.alexetalex.com\/ca\/wp-content\/uploads\/2018\/04\/Poivron-560x400.jpg\" alt=\"Poivron : fruit ou l\u00e9gume ?\" class=\"alignnone size-full wp-image-9137\" srcset=\"https:\/\/www.alexetalex.com\/ca\/wp-content\/uploads\/2018\/04\/Poivron-560x400.jpg 560w, https:\/\/www.alexetalex.com\/ca\/wp-content\/uploads\/2018\/04\/Poivron-560x400-250x179.jpg 250w, https:\/\/www.alexetalex.com\/ca\/wp-content\/uploads\/2018\/04\/Poivron-560x400-120x86.jpg 120w, https:\/\/www.alexetalex.com\/ca\/wp-content\/uploads\/2018\/04\/Poivron-560x400-320x229.jpg 320w\" sizes=\"(max-width: 560px) 100vw, 560px\" \/><\/p>\n<h2>I] Le fruit : d\u00e9finition botanique<\/h2>\n<p>Botaniquement parlant, le fruit est la partie comestible d\u2019une plante. C\u2019est l\u2019organe qui succ\u00e8de \u00e0 la fleur f\u00e9cond\u00e9e : l\u2019ovule donne la graine, et la paroi de l\u2019ovaire forme le p\u00e9ricarpe, c\u2019est-\u00e0-dire toute la partie du fruit qui n\u2019appartient pas \u00e0 la graine.<\/p>\n<p>Que peut-on d\u00e9duire de cette d\u00e9finition g\u00e9n\u00e9rale pour ce qui concerne notre cas particulier du poivron ?<\/p>\n<h2>II] Pourquoi le poivron est un fruit ?<\/h2>\n<h3>Le poivron est bel et bien un fruit<\/h3>\n<p>Le Poivron est botaniquement un fruit que nous consommons comme un l\u00e9gume. Parce qu&rsquo;il provient de la f\u00e9condation d&rsquo;une fleur, et parce qu&rsquo;il contient des graines c&rsquo;est un fruit en botanique. Nous le consommons n\u00e9anmoins, dans nos habitudes alimentaires, comme un l\u00e9gume, d&rsquo;o\u00f9 parfois, la confusion.<\/p>\n<p>En effet, bien qu\u2019il s\u2019agisse d\u2019un fruit au sens botanique, le poivron est, au sens populaire, plut\u00f4t class\u00e9 parmi les l\u00e9gumes. Et ce, que ce soit au supermarch\u00e9 ou bien encore dans nos assiettes.<\/p>\n<p>Mais, un \u00ab l\u00e9gume \u00bb, c\u2019est quoi au juste ?<\/p>\n<h3>Le l\u00e9gume : d\u00e9finition courante<\/h3>\n<p>La d\u00e9finition courante d\u2019un l\u00e9gume fait \u00e9cho \u00e0 l\u2019usage que nous en faisons dans nos habitudes alimentaires : on qualifie couramment de l\u00e9gume, une plante potag\u00e8re, qui est peu sucr\u00e9e et qui entre dans la composition de nos entr\u00e9es ou de nos plats principaux.<\/p>\n<p>C\u2019est en ce sens que l\u2019on consid\u00e8re le poivron comme un l\u00e9gume. Cette classification populaire est-elle pour autant en contradiction avec la classification botanique ?<\/p>\n<h3>Le l\u00e9gume : d\u00e9finition botanique<\/h3>\n<p>Un l\u00e9gume, d\u2019un point de vue botanique, est la partie comestible d\u2019une plante. Il peut se pr\u00e9senter sous diff\u00e9rentes formes :<br \/>\n<br \/>&#8211; Feuille (comme la salade, les)<br \/>\n<br \/>&#8211; Tubercule (comme la betterave rouge, le navet, le topinambour)<br \/>\n<br \/>&#8211; Racine (comme la carotte, le gingembre)<br \/>\n<br \/>&#8211; Bulbe (comme l\u2019ail, l\u2019oignon, les \u00e9chalottes)<br \/>\n<br \/>&#8211; Germe (germe de soja, germe de brocolis)<br \/>\n<br \/>&#8211; Graine (comme les pois chiches, les lentilles)<br \/>\n<br \/>&#8211; Tige (comme l\u2019asperge)<br \/>\n<br \/>&#8211; Pousse (comme le bambou)<br \/>\n<br \/>&#8211; Fruit (comme les poires, les pommes, les cl\u00e9mentines\u2026etc.)<\/p>\n<p>Les fruits sont donc, au sens botanique, une sous-cat\u00e9gorie de celle des l\u00e9gumes. En effet, en botanique, tous les fruits sont des l\u00e9gumes !<\/p>\n<p>On peut donc dire que le poivron, tout en \u00e9tant un fruit au sens botanique, est aussi un l\u00e9gume au sens botanique. La classification populaire n\u2019est ainsi pas en totale contradiction avec la classification botanique.<\/p>\n<p><H2>III] Quizz sur les fruits et les l\u00e9gumes<\/H2><\/p>\n<p><H3>Pour tester ce que vous venez d&rsquo;apprendre dans cet article<\/H3><\/p>\n<p>&#8211; <a href=\"https:\/\/www.alexetalex.com\/ca\/dossiers-fruites\/le-saviez-vous\/la-tomate-fruit-ou-legume\/\">La tomate est-elle un l\u00e9gume ou un fruit<\/a> ?<br \/>\n<br \/>&#8211; <a href=\"https:\/\/www.alexetalex.com\/ca\/pourquoi-lavocat-est-il-un-fruit\/\">L&rsquo;avocat est-il un fruit ou un l\u00e9gume<\/a> ?<br \/>\n<br \/>&#8211; <a href=\"https:\/\/www.alexetalex.com\/ca\/dossiers-fruites\/le-saviez-vous\/concombre-fruit-ou-legume\/\">Le concombre : fruit ou l\u00e9gume<\/a> ?<\/p>\n<p>Faites le test, en consultant ces articles, vous verrez, les r\u00e9ponses ne sont pas forc\u00e9ment intuitives !<\/p>\n<p><H3>Le jeu des diff\u00e9rences<\/H3><\/p>\n<p>&#8211; <a href=\"https:\/\/www.alexetalex.com\/ca\/dossiers-fruites\/le-saviez-vous\/clementine-mandarine\/\">Mandarine ou Cl\u00e9mentine<\/a> : connaissez-vous les diff\u00e9rences ?<\/p>\n<p><\/p>\n<p>&#8211; <a href=\"https:\/\/www.alexetalex.com\/ca\/dossiers-fruites\/le-saviez-vous\/chataigne-marron\/\">Ch\u00e2taigne ou marron<\/a> : quelles diff\u00e9rences ?<\/p>\n<p><\/p>\n<p>&#8211; <a href=\"https:\/\/www.alexetalex.com\/ca\/dossiers-fruites\/route-des-fruits\/fraise-des-bois\/\">Fraise des bois (comestible) ou fraisier des Indes (toxique) ?<\/a> Sauriez-vous les reconna\u00eetre lors d&rsquo;une balade en for\u00eat ?<\/p>\n<p><H3>Les fruits commen\u00e7ants par les lettres \u00ab\u00a0i\u00a0\u00bb, \u00ab\u00a0s\u00a0\u00bb, et \u00ab\u00a0e\u00a0\u00bb<\/H3><\/p>\n<p>Et pour finir en beaut\u00e9, sauriez-vous citer des fruits commen\u00e7ant par :<br \/>\n<br \/>&#8211; la lettre i (<a href=\"https:\/\/www.alexetalex.com\/ca\/dossiers-fruites\/le-saviez-vous\/fruits-legumes-en-i\/\">les fruits en i<\/a>)<br \/>\n<br \/>&#8211; la lettre s (<a href=\"https:\/\/www.alexetalex.com\/ca\/dossiers-fruites\/le-saviez-vous\/fruits-legumes-en-s\/\">les fruits en s<\/a>)<br \/>\n<br \/>&#8211; la lettre e (<a href=\"https:\/\/www.alexetalex.com\/ca\/dossiers-fruites\/le-saviez-vous\/fruits-legumes-en-e\/\">les fruits en e<\/a>)<\/p>\n<p>Forc\u00e9ment, nous ne vous avons pas s\u00e9lectionn\u00e9 les lettres les plus simples \ud83d\ude42 N&rsquo;h\u00e9sitez pas \u00e0 consulter ces articles si vous souhaitez conna\u00eetre les r\u00e9ponses. Ils sont d&rsquo;ailleurs tous illustr\u00e9s de jolies infographies.<\/p>\n<p>Bonne lecture<\/p>\n<p>Article r\u00e9dig\u00e9 par Camille Dentas, MSc in Life Science.<\/p>\n<p><i>Des poivrons dans les paniers de fruits Alex &#038; Alex ? Non, rassurez-vous. Pas de poivrons dans nos paniers de fruits. Retrouvez bien d&rsquo;autres fruits (des vrais !), sur la page d\u00e9di\u00e9e \u00e0 notre activit\u00e9 professionnelle : le service de <a title=\"Fruits au bureau\" href=\"https:\/\/www.alexetalex.com\/ca\/\">fruits au bureau<\/a>.<\/p>\n<p>Ce service est disponible pour les entreprises, \u00e0 Paris ainsi qu&rsquo;\u00e0 Montr\u00e9al. En tant que <a href=\"https:\/\/www.alexetalex.com\/ca\/entreprise\">N\u00b01 de la livraison de fruits au bureau<\/a> \u00e0 Paris et \u00e0 Montr\u00e9al, nous vous s\u00e9lectionnons les meilleurs fruits de saison. Mais des fruits au sens \u00ab classique \u00bb du terme. Des fruits faciles \u00e0 consommer au bureau. Des fruits sains et d\u00e9licieux pour la sant\u00e9.<\/i><\/p>\n<p><a title=\"Fruits au bureau\" href=\"https:\/\/www.alexetalex.com\/ca\/\"><img loading=\"lazy\" width=\"658\" height=\"280\" src=\"https:\/\/www.alexetalex.com\/ca\/wp-content\/uploads\/2018\/01\/Call-to-action-2.jpg\" alt=\"Call to action 2\" class=\"alignnone size-full wp-image-8638\" srcset=\"https:\/\/www.alexetalex.com\/ca\/wp-content\/uploads\/2018\/01\/Call-to-action-2.jpg 658w, https:\/\/www.alexetalex.com\/ca\/wp-content\/uploads\/2018\/01\/Call-to-action-2-600x255.jpg 600w, https:\/\/www.alexetalex.com\/ca\/wp-content\/uploads\/2018\/01\/Call-to-action-2-270x115.jpg 270w, https:\/\/www.alexetalex.com\/ca\/wp-content\/uploads\/2018\/01\/Call-to-action-2-550x234.jpg 550w\" sizes=\"(max-width: 658px) 100vw, 658px\" \/><\/a><\/p>\n","protected":false},"excerpt":{"rendered":"<p>Le poivron est-il un fruit ou un l\u00e9gume ? L\u2019objectif de cet article est de vous expliquer pourquoi, d\u2019un point de vue botanique, le poivron peut \u00eatre consid\u00e9r\u00e9 comme un fruit. Mais aussi de montrer qu\u2019il n\u2019est pas faux pour autant de le ranger dans la famille des l\u00e9gumes. I] Le fruit : d\u00e9finition botanique [&hellip;]<\/p>\n","protected":false},"author":4,"featured_media":9137,"parent":8732,"menu_order":0,"comment_status":"closed","ping_status":"closed","template":"","meta":{"_et_pb_use_builder":"","_et_pb_old_content":"","_et_gb_content_width":""},"acf":[],"yoast_head":"<!-- This site is optimized with the Yoast SEO plugin v17.6 - https:\/\/yoast.com\/wordpress\/plugins\/seo\/ -->\n<title>Le poivron : fruit ou l\u00e9gume<\/title>\n<meta name=\"description\" content=\"Le poivron contenant des graines, et provenant de la f\u00e9condation d\u2019une fleur, on peut affirmer qu\u2019au sens botanique, le poivron est bel et bien un fruit.\" \/>\n<meta name=\"robots\" content=\"index, follow, max-snippet:-1, max-image-preview:large, max-video-preview:-1\" \/>\n<link rel=\"canonical\" href=\"https:\/\/www.alexetalex.com\/ca\/dossiers-fruites\/route-des-fruits\/poivron-fruit-ou-legume\/\" \/>\n<meta property=\"og:locale\" content=\"fr_FR\" \/>\n<meta property=\"og:type\" content=\"article\" \/>\n<meta property=\"og:title\" content=\"Le poivron : fruit ou l\u00e9gume\" \/>\n<meta property=\"og:description\" content=\"Le poivron contenant des graines, et provenant de la f\u00e9condation d\u2019une fleur, on peut affirmer qu\u2019au sens botanique, le poivron est bel et bien un fruit.\" \/>\n<meta property=\"og:url\" content=\"https:\/\/www.alexetalex.com\/ca\/dossiers-fruites\/route-des-fruits\/poivron-fruit-ou-legume\/\" \/>\n<meta property=\"article:modified_time\" content=\"2020-05-04T15:13:53+00:00\" \/>\n<meta property=\"og:image\" content=\"https:\/\/www.alexetalex.com\/ca\/wp-content\/uploads\/2018\/04\/Poivron-560x400.jpg\" \/>\n\t<meta property=\"og:image:width\" content=\"560\" \/>\n\t<meta property=\"og:image:height\" content=\"400\" \/>\n<meta name=\"twitter:label1\" content=\"Dur\u00e9e de lecture estim\u00e9e\" \/>\n\t<meta name=\"twitter:data1\" content=\"4 minutes\" \/>\n<script type=\"application\/ld+json\" class=\"yoast-schema-graph\">{\"@context\":\"https:\/\/schema.org\",\"@graph\":[{\"@type\":\"Organization\",\"@id\":\"https:\/\/www.alexetalex.com\/ca\/#organization\",\"name\":\"Alex & Alex\",\"url\":\"https:\/\/www.alexetalex.com\/ca\/\",\"sameAs\":[],\"logo\":{\"@type\":\"ImageObject\",\"@id\":\"https:\/\/www.alexetalex.com\/ca\/#logo\",\"inLanguage\":\"fr-FR\",\"url\":\"https:\/\/www.alexetalex.com\/ca\/wp-content\/uploads\/2020\/04\/alexalex-1.png\",\"contentUrl\":\"https:\/\/www.alexetalex.com\/ca\/wp-content\/uploads\/2020\/04\/alexalex-1.png\",\"width\":51,\"height\":50,\"caption\":\"Alex & Alex\"},\"image\":{\"@id\":\"https:\/\/www.alexetalex.com\/ca\/#logo\"}},{\"@type\":\"WebSite\",\"@id\":\"https:\/\/www.alexetalex.com\/ca\/#website\",\"url\":\"https:\/\/www.alexetalex.com\/ca\/\",\"name\":\"\",\"description\":\"\",\"publisher\":{\"@id\":\"https:\/\/www.alexetalex.com\/ca\/#organization\"},\"potentialAction\":[{\"@type\":\"SearchAction\",\"target\":{\"@type\":\"EntryPoint\",\"urlTemplate\":\"https:\/\/www.alexetalex.com\/ca\/?s={search_term_string}\"},\"query-input\":\"required name=search_term_string\"}],\"inLanguage\":\"fr-FR\"},{\"@type\":\"ImageObject\",\"@id\":\"https:\/\/www.alexetalex.com\/ca\/dossiers-fruites\/route-des-fruits\/poivron-fruit-ou-legume\/#primaryimage\",\"inLanguage\":\"fr-FR\",\"url\":\"https:\/\/www.alexetalex.com\/ca\/wp-content\/uploads\/2018\/04\/Poivron-560x400.jpg\",\"contentUrl\":\"https:\/\/www.alexetalex.com\/ca\/wp-content\/uploads\/2018\/04\/Poivron-560x400.jpg\",\"width\":560,\"height\":400,\"caption\":\"Le poivron : fruit ou l\\u00e9gume ?\"},{\"@type\":\"WebPage\",\"@id\":\"https:\/\/www.alexetalex.com\/ca\/dossiers-fruites\/route-des-fruits\/poivron-fruit-ou-legume\/#webpage\",\"url\":\"https:\/\/www.alexetalex.com\/ca\/dossiers-fruites\/route-des-fruits\/poivron-fruit-ou-legume\/\",\"name\":\"Le poivron : fruit ou l\\u00e9gume\",\"isPartOf\":{\"@id\":\"https:\/\/www.alexetalex.com\/ca\/#website\"},\"primaryImageOfPage\":{\"@id\":\"https:\/\/www.alexetalex.com\/ca\/dossiers-fruites\/route-des-fruits\/poivron-fruit-ou-legume\/#primaryimage\"},\"datePublished\":\"2018-04-24T17:06:03+00:00\",\"dateModified\":\"2020-05-04T15:13:53+00:00\",\"description\":\"Le poivron contenant des graines, et provenant de la f\\u00e9condation d\\u2019une fleur, on peut affirmer qu\\u2019au sens botanique, le poivron est bel et bien un fruit.\",\"breadcrumb\":{\"@id\":\"https:\/\/www.alexetalex.com\/ca\/dossiers-fruites\/route-des-fruits\/poivron-fruit-ou-legume\/#breadcrumb\"},\"inLanguage\":\"fr-FR\",\"potentialAction\":[{\"@type\":\"ReadAction\",\"target\":[\"https:\/\/www.alexetalex.com\/ca\/dossiers-fruites\/route-des-fruits\/poivron-fruit-ou-legume\/\"]}]},{\"@type\":\"BreadcrumbList\",\"@id\":\"https:\/\/www.alexetalex.com\/ca\/dossiers-fruites\/route-des-fruits\/poivron-fruit-ou-legume\/#breadcrumb\",\"itemListElement\":[{\"@type\":\"ListItem\",\"position\":1,\"name\":\"Magazine\",\"item\":\"https:\/\/www.alexetalex.com\/ca\/dossiers-fruites\/\"},{\"@type\":\"ListItem\",\"position\":2,\"name\":\"Fruits\",\"item\":\"https:\/\/www.alexetalex.com\/ca\/dossiers-fruites\/route-des-fruits\/\"},{\"@type\":\"ListItem\",\"position\":3,\"name\":\"Dossier\"}]}]}<\/script>\n<!-- \/ Yoast SEO plugin. -->","yoast_head_json":{"title":"Le poivron : fruit ou l\u00e9gume","description":"Le poivron contenant des graines, et provenant de la f\u00e9condation d\u2019une fleur, on peut affirmer qu\u2019au sens botanique, le poivron est bel et bien un fruit.","robots":{"index":"index","follow":"follow","max-snippet":"max-snippet:-1","max-image-preview":"max-image-preview:large","max-video-preview":"max-video-preview:-1"},"canonical":"https:\/\/www.alexetalex.com\/ca\/dossiers-fruites\/route-des-fruits\/poivron-fruit-ou-legume\/","og_locale":"fr_FR","og_type":"article","og_title":"Le poivron : fruit ou l\u00e9gume","og_description":"Le poivron contenant des graines, et provenant de la f\u00e9condation d\u2019une fleur, on peut affirmer qu\u2019au sens botanique, le poivron est bel et bien un fruit.","og_url":"https:\/\/www.alexetalex.com\/ca\/dossiers-fruites\/route-des-fruits\/poivron-fruit-ou-legume\/","article_modified_time":"2020-05-04T15:13:53+00:00","og_image":[{"width":560,"height":400,"url":"https:\/\/www.alexetalex.com\/ca\/wp-content\/uploads\/2018\/04\/Poivron-560x400.jpg","type":"image\/jpeg"}],"twitter_misc":{"Dur\u00e9e de lecture estim\u00e9e":"4 minutes"},"schema":{"@context":"https:\/\/schema.org","@graph":[{"@type":"Organization","@id":"https:\/\/www.alexetalex.com\/ca\/#organization","name":"Alex & Alex","url":"https:\/\/www.alexetalex.com\/ca\/","sameAs":[],"logo":{"@type":"ImageObject","@id":"https:\/\/www.alexetalex.com\/ca\/#logo","inLanguage":"fr-FR","url":"https:\/\/www.alexetalex.com\/ca\/wp-content\/uploads\/2020\/04\/alexalex-1.png","contentUrl":"https:\/\/www.alexetalex.com\/ca\/wp-content\/uploads\/2020\/04\/alexalex-1.png","width":51,"height":50,"caption":"Alex & Alex"},"image":{"@id":"https:\/\/www.alexetalex.com\/ca\/#logo"}},{"@type":"WebSite","@id":"https:\/\/www.alexetalex.com\/ca\/#website","url":"https:\/\/www.alexetalex.com\/ca\/","name":"","description":"","publisher":{"@id":"https:\/\/www.alexetalex.com\/ca\/#organization"},"potentialAction":[{"@type":"SearchAction","target":{"@type":"EntryPoint","urlTemplate":"https:\/\/www.alexetalex.com\/ca\/?s={search_term_string}"},"query-input":"required name=search_term_string"}],"inLanguage":"fr-FR"},{"@type":"ImageObject","@id":"https:\/\/www.alexetalex.com\/ca\/dossiers-fruites\/route-des-fruits\/poivron-fruit-ou-legume\/#primaryimage","inLanguage":"fr-FR","url":"https:\/\/www.alexetalex.com\/ca\/wp-content\/uploads\/2018\/04\/Poivron-560x400.jpg","contentUrl":"https:\/\/www.alexetalex.com\/ca\/wp-content\/uploads\/2018\/04\/Poivron-560x400.jpg","width":560,"height":400,"caption":"Le poivron : fruit ou l\u00e9gume ?"},{"@type":"WebPage","@id":"https:\/\/www.alexetalex.com\/ca\/dossiers-fruites\/route-des-fruits\/poivron-fruit-ou-legume\/#webpage","url":"https:\/\/www.alexetalex.com\/ca\/dossiers-fruites\/route-des-fruits\/poivron-fruit-ou-legume\/","name":"Le poivron : fruit ou l\u00e9gume","isPartOf":{"@id":"https:\/\/www.alexetalex.com\/ca\/#website"},"primaryImageOfPage":{"@id":"https:\/\/www.alexetalex.com\/ca\/dossiers-fruites\/route-des-fruits\/poivron-fruit-ou-legume\/#primaryimage"},"datePublished":"2018-04-24T17:06:03+00:00","dateModified":"2020-05-04T15:13:53+00:00","description":"Le poivron contenant des graines, et provenant de la f\u00e9condation d\u2019une fleur, on peut affirmer qu\u2019au sens botanique, le poivron est bel et bien un fruit.","breadcrumb":{"@id":"https:\/\/www.alexetalex.com\/ca\/dossiers-fruites\/route-des-fruits\/poivron-fruit-ou-legume\/#breadcrumb"},"inLanguage":"fr-FR","potentialAction":[{"@type":"ReadAction","target":["https:\/\/www.alexetalex.com\/ca\/dossiers-fruites\/route-des-fruits\/poivron-fruit-ou-legume\/"]}]},{"@type":"BreadcrumbList","@id":"https:\/\/www.alexetalex.com\/ca\/dossiers-fruites\/route-des-fruits\/poivron-fruit-ou-legume\/#breadcrumb","itemListElement":[{"@type":"ListItem","position":1,"name":"Magazine","item":"https:\/\/www.alexetalex.com\/ca\/dossiers-fruites\/"},{"@type":"ListItem","position":2,"name":"Fruits","item":"https:\/\/www.alexetalex.com\/ca\/dossiers-fruites\/route-des-fruits\/"},{"@type":"ListItem","position":3,"name":"Dossier"}]}]}},"_links":{"self":[{"href":"https:\/\/www.alexetalex.com\/ca\/wp-json\/wp\/v2\/pages\/9136"}],"collection":[{"href":"https:\/\/www.alexetalex.com\/ca\/wp-json\/wp\/v2\/pages"}],"about":[{"href":"https:\/\/www.alexetalex.com\/ca\/wp-json\/wp\/v2\/types\/page"}],"author":[{"embeddable":true,"href":"https:\/\/www.alexetalex.com\/ca\/wp-json\/wp\/v2\/users\/4"}],"replies":[{"embeddable":true,"href":"https:\/\/www.alexetalex.com\/ca\/wp-json\/wp\/v2\/comments?post=9136"}],"version-history":[{"count":1,"href":"https:\/\/www.alexetalex.com\/ca\/wp-json\/wp\/v2\/pages\/9136\/revisions"}],"predecessor-version":[{"id":16593,"href":"https:\/\/www.alexetalex.com\/ca\/wp-json\/wp\/v2\/pages\/9136\/revisions\/16593"}],"up":[{"embeddable":true,"href":"https:\/\/www.alexetalex.com\/ca\/wp-json\/wp\/v2\/pages\/8732"}],"wp:featuredmedia":[{"embeddable":true,"href":"https:\/\/www.alexetalex.com\/ca\/wp-json\/wp\/v2\/media\/9137"}],"wp:attachment":[{"href":"https:\/\/www.alexetalex.com\/ca\/wp-json\/wp\/v2\/media?parent=9136"}],"curies":[{"name":"wp","href":"https:\/\/api.w.org\/{rel}","templated":true}]}}