{"id":9379,"date":"2018-04-30T14:36:04","date_gmt":"2018-04-30T13:36:04","guid":{"rendered":"https:\/\/www.alexetalex.com\/ca\/?page_id=9379"},"modified":"2018-04-30T14:36:44","modified_gmt":"2018-04-30T13:36:44","slug":"eau-fruitee-definition-et-bienfaits","status":"publish","type":"page","link":"https:\/\/www.alexetalex.com\/ca\/dossiers-fruites\/fruit-et-nutrition\/eau-fruitee-definition-et-bienfaits\/","title":{"rendered":"L&rsquo;eau fruit\u00e9e : d\u00e9finition et bienfaits"},"content":{"rendered":"<p><H2>Qu\u2019est-ce que l\u2019Eau Fruit\u00e9e ?<\/H2><\/p>\n<p>L\u2019eau fruit\u00e9e est une eau dans laquelle on introduit des fruits d\u00e9coup\u00e9s, des l\u00e9gumes ou des aromates, et que l\u2019on laisse ensuite infuser pendant au moins trente minutes. On utilise g\u00e9n\u00e9ralement un contenant de type \u00ab Mason Jar \u00bb (un grand bocal en verre avec couvercle) pour laisser infuser.<\/p>\n<p>Les appellations \u00ab Detox Water \u00bb ou \u00ab Eau Vitamin\u00e9e \u00bb renvoient \u00e0 ce m\u00eame concept, mais s\u2019apparentent plus \u00e0 des concepts marketing qu\u2019\u00e0 une r\u00e9alit\u00e9 concr\u00e8te. En effet, les vitamines contenues dans les fruits sont tr\u00e8s peu solubles dans l\u2019eau, et se d\u00e9gradent tr\u00e8s vite \u00e0 la lumi\u00e8re et \u00e0 l\u2019air. Vous retrouverez donc tr\u00e8s peu de vitamines dans une eau fruit\u00e9e. Par ailleurs, tous les fruits n\u2019ont pas de vertus detox, car ils ne sont pas tous riches en anti-oxidants : ainsi, une eau fruit\u00e9e Bananes-Fraise, si elle reste d\u00e9licieuse, ne peut raisonnablement pas \u00eatre qualifi\u00e9e de Water Detox.<\/p>\n<p>Je privil\u00e9gierai donc toujours les appellations \u00ab Eau fruit\u00e9e \u00bb ou \u00ab Fruit Water \u00bb, que je juge plus proche de la r\u00e9alit\u00e9.<\/p>\n<p><Strong><H2>Les bienfaits de l\u2019eau fruit\u00e9e<\/Strong><\/H2><\/p>\n<p>Comme nous venons de le voir, oubliez les effets \u00ab detox \u00bb ou \u00ab vitamines \u00bb de l\u2019eau fruit\u00e9e. L\u2019eau fruit\u00e9e permet simplement de s\u2019hydrater tout en consommant une boisson saine et d\u00e9licieuse. Et c\u2019est d\u00e9j\u00e0 pas mal !<\/p>\n<p>Peu calorique, l\u2019eau fruit\u00e9e constitue une alternative sant\u00e9 aux boissons vendues dans le commerce. Sa faible teneur en sucre vous permet en effet d\u2019en consommer tout au long de la journ\u00e9e.<\/p>\n<p>L\u2019eau fruit\u00e9e est par ailleurs peu co\u00fbteuse, et tr\u00e8s facile \u00e0 r\u00e9aliser. Elle est une excellente source d\u2019hydratation pour toute la famille.<\/p>\n<p>Si vous recherchez un effet \u00ab detox \u00bb, privil\u00e9giez le th\u00e9 vert, riche en anti-oxidants.<\/p>\n<p>Si vous recherchez \u00e0 consommer des vitamines, privil\u00e9giez les fruits bruts, ou les fruits en jus fraichement press\u00e9s.<\/p>\n<p>Pour aller plus loin sur le th\u00e8me des bienfaits de l\u2019hydratation, vous pouvez aussi lire notre dossier complet sur ce sujet, r\u00e9dig\u00e9 par Bertrand Metaut (pr\u00e9parateur physique et athl\u00e8te de haut niveau) : <a href=\"https:\/\/www.alexetalex.com\/ca\/lhydratation\/\">l\u2019hydratation et le sport<\/a>.<\/p>\n<p><Strong><H2>L\u2019eau fruit\u00e9e : quelques astuces<\/Strong><\/H2><\/p>\n<p>&#8211;\tPrivil\u00e9giez des fruits, l\u00e9gumes, ou aromates de saison<br \/>\n<br \/>&#8211;\tPrivil\u00e9giez le bio<br \/>\n<br \/>&#8211;\tLavez les fruits, l\u00e9gumes ou aromates au vinaigre blanc, \u00e0 l\u2019aide d\u2019une brosse, puis rincer abondamment \u00e0 l\u2019eau<br \/>\n<br \/>&#8211;\tVous pouvez laisser la peau pour certains fruits, tels que le citron, l\u2019orange, la cl\u00e9mentine\u2026etc., dans la mesure o\u00f9 ils sont bio<br \/>\n<br \/>&#8211;\tPrivil\u00e9giez l\u2019eau de source \u00e0 l\u2019eau du robinet<br \/>\n<br \/>&#8211;\tLaissez votre eau fruit\u00e9e mac\u00e9rer ou infuser entre 30 minutes et 24 heures au r\u00e9frig\u00e9rateur<br \/>\n<br \/>&#8211;\tEt c\u2019est pr\u00eat !<\/p>\n<p>Fort de son expertise dans la s\u00e9lection, et le m\u00fbrissement des fruits, notre soci\u00e9t\u00e9 Alex &#038; Alex propose d\u00e9sormais \u00e0 tous ses clients une gamme d\u2019eaux fruit\u00e9es en compl\u00e9ment du service de <a href=\"https:\/\/www.alexetalex.com\/ca\/\">livraison de corbeilles de fruits au bureau<\/a>. Une nouvelle fa\u00e7on de consommer le fruit !<\/p>\n<p>Bonne d\u00e9gustation.<\/p>\n<p><a title=\"Fruits au bureau - Alex &#038; Alex\" href=\"https:\/\/www.alexetalex.com\/ca\/\"><img loading=\"lazy\" width=\"658\" height=\"280\" src=\"https:\/\/www.alexetalex.com\/ca\/wp-content\/uploads\/2018\/01\/Call-to-action-2.jpg\" alt=\"Call to action 2\" class=\"alignnone size-full wp-image-8638\" srcset=\"https:\/\/www.alexetalex.com\/ca\/wp-content\/uploads\/2018\/01\/Call-to-action-2.jpg 658w, https:\/\/www.alexetalex.com\/ca\/wp-content\/uploads\/2018\/01\/Call-to-action-2-600x255.jpg 600w, https:\/\/www.alexetalex.com\/ca\/wp-content\/uploads\/2018\/01\/Call-to-action-2-270x115.jpg 270w, https:\/\/www.alexetalex.com\/ca\/wp-content\/uploads\/2018\/01\/Call-to-action-2-550x234.jpg 550w\" sizes=\"(max-width: 658px) 100vw, 658px\" \/><\/a><\/p>\n","protected":false},"excerpt":{"rendered":"<p>Qu\u2019est-ce que l\u2019Eau Fruit\u00e9e ? L\u2019eau fruit\u00e9e est une eau dans laquelle on introduit des fruits d\u00e9coup\u00e9s, des l\u00e9gumes ou des aromates, et que l\u2019on laisse ensuite infuser pendant au moins trente minutes. On utilise g\u00e9n\u00e9ralement un contenant de type \u00ab Mason Jar \u00bb (un grand bocal en verre avec couvercle) pour laisser infuser. Les [&hellip;]<\/p>\n","protected":false},"author":4,"featured_media":7771,"parent":8698,"menu_order":0,"comment_status":"closed","ping_status":"closed","template":"template-single-dossiers-fruites.php","meta":{"_et_pb_use_builder":"","_et_pb_old_content":"","_et_gb_content_width":""},"acf":[],"yoast_head":"<!-- This site is optimized with the Yoast SEO plugin v17.6 - https:\/\/yoast.com\/wordpress\/plugins\/seo\/ -->\n<title>L&#039;eau fruit\u00e9e : id\u00e9es recettes, d\u00e9finition et bienfaits - Alex &amp; Alex<\/title>\n<meta name=\"description\" content=\"L\u2019eau fruit\u00e9e est une eau dans laquelle on introduit des fruits d\u00e9coup\u00e9s, des l\u00e9gumes ou des aromates, et que l\u2019on laisse ensuite infuser pendant au moins 30 min\" \/>\n<meta name=\"robots\" content=\"index, follow, max-snippet:-1, max-image-preview:large, max-video-preview:-1\" \/>\n<link rel=\"canonical\" href=\"https:\/\/www.alexetalex.com\/ca\/dossiers-fruites\/fruit-et-nutrition\/eau-fruitee-definition-et-bienfaits\/\" \/>\n<meta property=\"og:locale\" content=\"fr_FR\" \/>\n<meta property=\"og:type\" content=\"article\" \/>\n<meta property=\"og:title\" content=\"L&#039;eau fruit\u00e9e : id\u00e9es recettes, d\u00e9finition et bienfaits - Alex &amp; Alex\" \/>\n<meta property=\"og:description\" content=\"L\u2019eau fruit\u00e9e est une eau dans laquelle on introduit des fruits d\u00e9coup\u00e9s, des l\u00e9gumes ou des aromates, et que l\u2019on laisse ensuite infuser pendant au moins 30 min\" \/>\n<meta property=\"og:url\" content=\"https:\/\/www.alexetalex.com\/ca\/dossiers-fruites\/fruit-et-nutrition\/eau-fruitee-definition-et-bienfaits\/\" \/>\n<meta property=\"article:modified_time\" content=\"2018-04-30T13:36:44+00:00\" \/>\n<meta property=\"og:image\" content=\"https:\/\/www.alexetalex.com\/ca\/wp-content\/uploads\/2017\/11\/28246187_ml.jpg\" \/>\n\t<meta property=\"og:image:width\" content=\"1678\" \/>\n\t<meta property=\"og:image:height\" content=\"1119\" \/>\n<meta name=\"twitter:label1\" content=\"Dur\u00e9e de lecture estim\u00e9e\" \/>\n\t<meta name=\"twitter:data1\" content=\"3 minutes\" \/>\n<script type=\"application\/ld+json\" class=\"yoast-schema-graph\">{\"@context\":\"https:\/\/schema.org\",\"@graph\":[{\"@type\":\"Organization\",\"@id\":\"https:\/\/www.alexetalex.com\/ca\/#organization\",\"name\":\"Alex & Alex\",\"url\":\"https:\/\/www.alexetalex.com\/ca\/\",\"sameAs\":[],\"logo\":{\"@type\":\"ImageObject\",\"@id\":\"https:\/\/www.alexetalex.com\/ca\/#logo\",\"inLanguage\":\"fr-FR\",\"url\":\"https:\/\/www.alexetalex.com\/ca\/wp-content\/uploads\/2020\/04\/alexalex-1.png\",\"contentUrl\":\"https:\/\/www.alexetalex.com\/ca\/wp-content\/uploads\/2020\/04\/alexalex-1.png\",\"width\":51,\"height\":50,\"caption\":\"Alex & Alex\"},\"image\":{\"@id\":\"https:\/\/www.alexetalex.com\/ca\/#logo\"}},{\"@type\":\"WebSite\",\"@id\":\"https:\/\/www.alexetalex.com\/ca\/#website\",\"url\":\"https:\/\/www.alexetalex.com\/ca\/\",\"name\":\"\",\"description\":\"\",\"publisher\":{\"@id\":\"https:\/\/www.alexetalex.com\/ca\/#organization\"},\"potentialAction\":[{\"@type\":\"SearchAction\",\"target\":{\"@type\":\"EntryPoint\",\"urlTemplate\":\"https:\/\/www.alexetalex.com\/ca\/?s={search_term_string}\"},\"query-input\":\"required name=search_term_string\"}],\"inLanguage\":\"fr-FR\"},{\"@type\":\"ImageObject\",\"@id\":\"https:\/\/www.alexetalex.com\/ca\/dossiers-fruites\/fruit-et-nutrition\/eau-fruitee-definition-et-bienfaits\/#primaryimage\",\"inLanguage\":\"fr-FR\",\"url\":\"https:\/\/www.alexetalex.com\/ca\/wp-content\/uploads\/2017\/11\/28246187_ml.jpg\",\"contentUrl\":\"https:\/\/www.alexetalex.com\/ca\/wp-content\/uploads\/2017\/11\/28246187_ml.jpg\",\"width\":1678,\"height\":1119,\"caption\":\"28246187 - healthy spa water with fruit on a background\"},{\"@type\":\"WebPage\",\"@id\":\"https:\/\/www.alexetalex.com\/ca\/dossiers-fruites\/fruit-et-nutrition\/eau-fruitee-definition-et-bienfaits\/#webpage\",\"url\":\"https:\/\/www.alexetalex.com\/ca\/dossiers-fruites\/fruit-et-nutrition\/eau-fruitee-definition-et-bienfaits\/\",\"name\":\"L'eau fruit\\u00e9e : id\\u00e9es recettes, d\\u00e9finition et bienfaits - Alex & Alex\",\"isPartOf\":{\"@id\":\"https:\/\/www.alexetalex.com\/ca\/#website\"},\"primaryImageOfPage\":{\"@id\":\"https:\/\/www.alexetalex.com\/ca\/dossiers-fruites\/fruit-et-nutrition\/eau-fruitee-definition-et-bienfaits\/#primaryimage\"},\"datePublished\":\"2018-04-30T13:36:04+00:00\",\"dateModified\":\"2018-04-30T13:36:44+00:00\",\"description\":\"L\\u2019eau fruit\\u00e9e est une eau dans laquelle on introduit des fruits d\\u00e9coup\\u00e9s, des l\\u00e9gumes ou des aromates, et que l\\u2019on laisse ensuite infuser pendant au moins 30 min\",\"breadcrumb\":{\"@id\":\"https:\/\/www.alexetalex.com\/ca\/dossiers-fruites\/fruit-et-nutrition\/eau-fruitee-definition-et-bienfaits\/#breadcrumb\"},\"inLanguage\":\"fr-FR\",\"potentialAction\":[{\"@type\":\"ReadAction\",\"target\":[\"https:\/\/www.alexetalex.com\/ca\/dossiers-fruites\/fruit-et-nutrition\/eau-fruitee-definition-et-bienfaits\/\"]}]},{\"@type\":\"BreadcrumbList\",\"@id\":\"https:\/\/www.alexetalex.com\/ca\/dossiers-fruites\/fruit-et-nutrition\/eau-fruitee-definition-et-bienfaits\/#breadcrumb\",\"itemListElement\":[{\"@type\":\"ListItem\",\"position\":1,\"name\":\"Magazine\",\"item\":\"https:\/\/www.alexetalex.com\/ca\/dossiers-fruites\/\"},{\"@type\":\"ListItem\",\"position\":2,\"name\":\"Nutrition\",\"item\":\"https:\/\/www.alexetalex.com\/ca\/dossiers-fruites\/fruit-et-nutrition\/\"},{\"@type\":\"ListItem\",\"position\":3,\"name\":\"Dossier\"}]}]}<\/script>\n<!-- \/ Yoast SEO plugin. -->","yoast_head_json":{"title":"L'eau fruit\u00e9e : id\u00e9es recettes, d\u00e9finition et bienfaits - Alex & Alex","description":"L\u2019eau fruit\u00e9e est une eau dans laquelle on introduit des fruits d\u00e9coup\u00e9s, des l\u00e9gumes ou des aromates, et que l\u2019on laisse ensuite infuser pendant au moins 30 min","robots":{"index":"index","follow":"follow","max-snippet":"max-snippet:-1","max-image-preview":"max-image-preview:large","max-video-preview":"max-video-preview:-1"},"canonical":"https:\/\/www.alexetalex.com\/ca\/dossiers-fruites\/fruit-et-nutrition\/eau-fruitee-definition-et-bienfaits\/","og_locale":"fr_FR","og_type":"article","og_title":"L'eau fruit\u00e9e : id\u00e9es recettes, d\u00e9finition et bienfaits - Alex & Alex","og_description":"L\u2019eau fruit\u00e9e est une eau dans laquelle on introduit des fruits d\u00e9coup\u00e9s, des l\u00e9gumes ou des aromates, et que l\u2019on laisse ensuite infuser pendant au moins 30 min","og_url":"https:\/\/www.alexetalex.com\/ca\/dossiers-fruites\/fruit-et-nutrition\/eau-fruitee-definition-et-bienfaits\/","article_modified_time":"2018-04-30T13:36:44+00:00","og_image":[{"width":1678,"height":1119,"url":"https:\/\/www.alexetalex.com\/ca\/wp-content\/uploads\/2017\/11\/28246187_ml.jpg","type":"image\/jpeg"}],"twitter_misc":{"Dur\u00e9e de lecture estim\u00e9e":"3 minutes"},"schema":{"@context":"https:\/\/schema.org","@graph":[{"@type":"Organization","@id":"https:\/\/www.alexetalex.com\/ca\/#organization","name":"Alex & Alex","url":"https:\/\/www.alexetalex.com\/ca\/","sameAs":[],"logo":{"@type":"ImageObject","@id":"https:\/\/www.alexetalex.com\/ca\/#logo","inLanguage":"fr-FR","url":"https:\/\/www.alexetalex.com\/ca\/wp-content\/uploads\/2020\/04\/alexalex-1.png","contentUrl":"https:\/\/www.alexetalex.com\/ca\/wp-content\/uploads\/2020\/04\/alexalex-1.png","width":51,"height":50,"caption":"Alex & Alex"},"image":{"@id":"https:\/\/www.alexetalex.com\/ca\/#logo"}},{"@type":"WebSite","@id":"https:\/\/www.alexetalex.com\/ca\/#website","url":"https:\/\/www.alexetalex.com\/ca\/","name":"","description":"","publisher":{"@id":"https:\/\/www.alexetalex.com\/ca\/#organization"},"potentialAction":[{"@type":"SearchAction","target":{"@type":"EntryPoint","urlTemplate":"https:\/\/www.alexetalex.com\/ca\/?s={search_term_string}"},"query-input":"required name=search_term_string"}],"inLanguage":"fr-FR"},{"@type":"ImageObject","@id":"https:\/\/www.alexetalex.com\/ca\/dossiers-fruites\/fruit-et-nutrition\/eau-fruitee-definition-et-bienfaits\/#primaryimage","inLanguage":"fr-FR","url":"https:\/\/www.alexetalex.com\/ca\/wp-content\/uploads\/2017\/11\/28246187_ml.jpg","contentUrl":"https:\/\/www.alexetalex.com\/ca\/wp-content\/uploads\/2017\/11\/28246187_ml.jpg","width":1678,"height":1119,"caption":"28246187 - healthy spa water with fruit on a background"},{"@type":"WebPage","@id":"https:\/\/www.alexetalex.com\/ca\/dossiers-fruites\/fruit-et-nutrition\/eau-fruitee-definition-et-bienfaits\/#webpage","url":"https:\/\/www.alexetalex.com\/ca\/dossiers-fruites\/fruit-et-nutrition\/eau-fruitee-definition-et-bienfaits\/","name":"L'eau fruit\u00e9e : id\u00e9es recettes, d\u00e9finition et bienfaits - Alex & Alex","isPartOf":{"@id":"https:\/\/www.alexetalex.com\/ca\/#website"},"primaryImageOfPage":{"@id":"https:\/\/www.alexetalex.com\/ca\/dossiers-fruites\/fruit-et-nutrition\/eau-fruitee-definition-et-bienfaits\/#primaryimage"},"datePublished":"2018-04-30T13:36:04+00:00","dateModified":"2018-04-30T13:36:44+00:00","description":"L\u2019eau fruit\u00e9e est une eau dans laquelle on introduit des fruits d\u00e9coup\u00e9s, des l\u00e9gumes ou des aromates, et que l\u2019on laisse ensuite infuser pendant au moins 30 min","breadcrumb":{"@id":"https:\/\/www.alexetalex.com\/ca\/dossiers-fruites\/fruit-et-nutrition\/eau-fruitee-definition-et-bienfaits\/#breadcrumb"},"inLanguage":"fr-FR","potentialAction":[{"@type":"ReadAction","target":["https:\/\/www.alexetalex.com\/ca\/dossiers-fruites\/fruit-et-nutrition\/eau-fruitee-definition-et-bienfaits\/"]}]},{"@type":"BreadcrumbList","@id":"https:\/\/www.alexetalex.com\/ca\/dossiers-fruites\/fruit-et-nutrition\/eau-fruitee-definition-et-bienfaits\/#breadcrumb","itemListElement":[{"@type":"ListItem","position":1,"name":"Magazine","item":"https:\/\/www.alexetalex.com\/ca\/dossiers-fruites\/"},{"@type":"ListItem","position":2,"name":"Nutrition","item":"https:\/\/www.alexetalex.com\/ca\/dossiers-fruites\/fruit-et-nutrition\/"},{"@type":"ListItem","position":3,"name":"Dossier"}]}]}},"_links":{"self":[{"href":"https:\/\/www.alexetalex.com\/ca\/wp-json\/wp\/v2\/pages\/9379"}],"collection":[{"href":"https:\/\/www.alexetalex.com\/ca\/wp-json\/wp\/v2\/pages"}],"about":[{"href":"https:\/\/www.alexetalex.com\/ca\/wp-json\/wp\/v2\/types\/page"}],"author":[{"embeddable":true,"href":"https:\/\/www.alexetalex.com\/ca\/wp-json\/wp\/v2\/users\/4"}],"replies":[{"embeddable":true,"href":"https:\/\/www.alexetalex.com\/ca\/wp-json\/wp\/v2\/comments?post=9379"}],"version-history":[{"count":0,"href":"https:\/\/www.alexetalex.com\/ca\/wp-json\/wp\/v2\/pages\/9379\/revisions"}],"up":[{"embeddable":true,"href":"https:\/\/www.alexetalex.com\/ca\/wp-json\/wp\/v2\/pages\/8698"}],"wp:featuredmedia":[{"embeddable":true,"href":"https:\/\/www.alexetalex.com\/ca\/wp-json\/wp\/v2\/media\/7771"}],"wp:attachment":[{"href":"https:\/\/www.alexetalex.com\/ca\/wp-json\/wp\/v2\/media?parent=9379"}],"curies":[{"name":"wp","href":"https:\/\/api.w.org\/{rel}","templated":true}]}}