{"id":9646,"date":"2018-12-15T16:16:09","date_gmt":"2018-12-15T15:16:09","guid":{"rendered":"https:\/\/www.alexetalex.com\/ca\/?page_id=9646"},"modified":"2020-11-18T18:11:24","modified_gmt":"2020-11-18T17:11:24","slug":"chataigneraie-cantalienne","status":"publish","type":"page","link":"https:\/\/www.alexetalex.com\/ca\/dossiers-fruites\/route-des-fruits\/chataigneraie-cantalienne\/","title":{"rendered":"La Ch\u00e2taigneraie cantalienne : le guide"},"content":{"rendered":"<p><H1>La ch\u00e2taigneraie\u00a0: le guide complet<\/H1><\/p>\n<p><\/br><\/p>\n<p>Le temps d\u2019une balade dans le Cantal, on poursuit la Route des fruits pour vous faire d\u00e9couvrir l\u2019un des plus insoup\u00e7onn\u00e9s de sa cat\u00e9gorie : la ch\u00e2taigne. Car oui, la ch\u00e2taigne est bel et bien un fruit ! Le vent frais et la beaut\u00e9 des paysages nous am\u00e8nent \u00e0 poursuivre notre d\u00e9couverte \u00e0 v\u00e9lo des joyaux de la r\u00e9gion Auvergne-Rh\u00f4ne-Alpes, en France m\u00e9ridionale.<\/p>\n<p><\/br><\/p>\n<p><H2>I] Ch\u00e2taigneraie\u00a0: Tout comprendre en 2 minutes<\/H2><\/p>\n<p><\/br><\/p>\n <div class=\"hsg-featured-numb\">\n    <div>\n <p>1<\/p>\n <p><H3>D\u00e9finition<\/H3><\/p>\n\n<\/div>\n  \n<\/div>\n<p><\/br><\/p>\n<p>Une ch\u00e2taigneraie est une plantation de ch\u00e2taigniers, souvent situ\u00e9e sur un terrain en pleine nature et de pr\u00e9f\u00e9rence dans un climat montagnard. Les ch\u00e2taigneraies sont g\u00e9r\u00e9es par des castaneiculteurs, une d\u00e9nomination fran\u00e7aise pour d\u00e9finir le m\u00e9tier de la culture et de la r\u00e9colte de ch\u00e2taigne \u00e0 des fins commerciales.<\/p>\n<p><img loading=\"lazy\" width=\"740\" height=\"434\" src=\"https:\/\/www.alexetalex.com\/wp-content\/uploads\/2018\/12\/chataigneraie5_740x434bis.jpg\"title=\"Ch\u00e2taigneraie fran\u00e7aise\" alt=\"chataigneraie France agriculture chataignes\" class=\"alignnone size-full wp-image-9653\" srcset=\"https:\/\/www.alexetalex.com\/ca\/wp-content\/uploads\/2018\/12\/chataigneraie5_740x434bis.jpg 740w, https:\/\/www.alexetalex.com\/ca\/wp-content\/uploads\/2018\/12\/chataigneraie5_740x434bis-600x352.jpg 600w, https:\/\/www.alexetalex.com\/ca\/wp-content\/uploads\/2018\/12\/chataigneraie5_740x434bis-250x147.jpg 250w, https:\/\/www.alexetalex.com\/ca\/wp-content\/uploads\/2018\/12\/chataigneraie5_740x434bis-700x411.jpg 700w, https:\/\/www.alexetalex.com\/ca\/wp-content\/uploads\/2018\/12\/chataigneraie5_740x434bis-120x70.jpg 120w, https:\/\/www.alexetalex.com\/ca\/wp-content\/uploads\/2018\/12\/chataigneraie5_740x434bis-320x188.jpg 320w\" sizes=\"(max-width: 740px) 100vw, 740px\" \/><\/p>\n<p><\/br><\/p>\n<p> <div class=\"hsg-featured-numb\">\n    <div>\n <p>2<\/p>\n <p><H2>Histoire du ch\u00e2taignier et de ses plantations<\/H2><\/p>\n\n<\/div>\n  \n<\/div><br \/>\n<\/br><\/p>\n<p>Pr\u00e9sentes depuis des mill\u00e9naires, les ch\u00e2taignes sont des aliments appr\u00e9ci\u00e9s par nos anc\u00eatres, qui l&rsquo;ont consomm\u00e9e depuis l&rsquo;\u00e8re tertiaire. Les basses temp\u00e9ratures de l&rsquo;\u00e8re glaci\u00e8re ont failli faire dispara\u00eetre cet arbre. Or, l\u00b4\u00eatre humain consid\u00e9rait d\u00e9j\u00e0 le ch\u00e2taignier comme un arbre nourricier et il d\u00e9cida, \u00e0 cette \u00e9poque, d\u2019implanter \u00e0 nouveau ce joyau de la nature.<\/p>\n<p>Il est vrai que la ch\u00e2taigne est une source de nourriture facile \u00e0 trouver en grand nombre. Quant \u00e0 son arbre, il offre un bois solide pour le mobilier et les outils. Avec le temps, le ch\u00e2taignier obtient le surnom \u00ab\u00a0arbre \u00e0 pain\u00a0\u00bb, car il est capable de pousser dans les r\u00e9gions montagneuses o\u00f9 la culture de la terre est difficile. On surnomme la ch\u00e2taigne \u00ab\u00a0viande du pauvre\u00a0\u00bb puisqu\u2019elle est riche et souvent utilis\u00e9e pendant les p\u00e9riodes de disette. Depuis, elle est devenue de plus en plus populaire et est souvent mise \u00e0 l\u2019honneur durant le repas de No\u00ebl.  <\/p>\n<p><\/br><\/p>\n<p><H2>II] Les principales r\u00e9gions qui disposent de Ch\u00e2taigneraies en France<\/H2><\/p>\n<p><\/br><\/p>\n <div class=\"hsg-featured-numb\">\n    <div>\n <p>1<\/p>\n <p><H3>La ch\u00e2taigneraie Corse<\/H3><\/p>\n\n<\/div>\n  \n<\/div>\n<p><\/br><\/p>\n<p>En Corse, les ch\u00e2taigneraies sont nombreuses et ornent le paysage montagnard et paradisiaque de l\u2019\u00eele. On y cultive et consomme la ch\u00e2taigne depuis la politique du G\u00eanes au 16e si\u00e8cle. Depuis, l\u2019arbre \u00e0 pain occupe une place importante dans la dynamique de la Corse et fait vivre bon nombre de castaneiculteurs passionn\u00e9s. <\/p>\n<p><\/br><\/p>\n <div class=\"hsg-featured-numb\">\n    <div>\n <p>2<\/p>\n <p><H3>Chataigneraie d\u2019Ard\u00e8che<\/H3><\/p>\n\n<\/div>\n  \n<\/div>\n<p><\/br><\/p>\n<p>La ch\u00e2taigne occupe la troisi\u00e8me place des productions fruiti\u00e8res du d\u00e9partement de l\u2019Ard\u00e8che. La ch\u00e2taigne \u00e9tant tr\u00e8s convoit\u00e9e dans cette r\u00e9gion calme et paisible, les ch\u00e2taigneraies pullulent et ressemblent \u00e9trangement \u00e0 des for\u00eats. Le d\u00e9partement cultive le fruit \u00e0 pain depuis plus de 25 ans et produit aujourd\u2019hui 50 % de la consommation nationale.<\/p>\n<p><img loading=\"lazy\" width=\"800\" height=\"533\" src=\"https:\/\/www.alexetalex.com\/wp-content\/uploads\/2018\/12\/chataigneraie-ard\u00e8che.jpg\" title= \"Chataigneraie en Ard\u00e8che\" alt=\"chataigneraie Ard\u00e8che\" class=\"alignnone size-full wp-image-9665\" srcset=\"https:\/\/www.alexetalex.com\/ca\/wp-content\/uploads\/2018\/12\/chataigneraie-ard\u00e8che.jpg 800w, https:\/\/www.alexetalex.com\/ca\/wp-content\/uploads\/2018\/12\/chataigneraie-ard\u00e8che-600x400.jpg 600w, https:\/\/www.alexetalex.com\/ca\/wp-content\/uploads\/2018\/12\/chataigneraie-ard\u00e8che-250x167.jpg 250w, https:\/\/www.alexetalex.com\/ca\/wp-content\/uploads\/2018\/12\/chataigneraie-ard\u00e8che-768x512.jpg 768w, https:\/\/www.alexetalex.com\/ca\/wp-content\/uploads\/2018\/12\/chataigneraie-ard\u00e8che-700x466.jpg 700w, https:\/\/www.alexetalex.com\/ca\/wp-content\/uploads\/2018\/12\/chataigneraie-ard\u00e8che-120x80.jpg 120w, https:\/\/www.alexetalex.com\/ca\/wp-content\/uploads\/2018\/12\/chataigneraie-ard\u00e8che-320x213.jpg 320w, https:\/\/www.alexetalex.com\/ca\/wp-content\/uploads\/2018\/12\/chataigneraie-ard\u00e8che-272x182.jpg 272w\" sizes=\"(max-width: 800px) 100vw, 800px\" \/><\/p>\n<p><img loading=\"lazy\" width=\"1252\" height=\"852\" src=\"https:\/\/www.alexetalex.com\/wp-content\/uploads\/2018\/12\/Chataigneraie.jpg\" title= \"La route des fruits\" alt=\"Chataigneraie la route des fruits\" class=\"alignnone size-full wp-image-9651\" srcset=\"https:\/\/www.alexetalex.com\/ca\/wp-content\/uploads\/2018\/12\/Chataigneraie.jpg 1252w, https:\/\/www.alexetalex.com\/ca\/wp-content\/uploads\/2018\/12\/Chataigneraie-600x408.jpg 600w, https:\/\/www.alexetalex.com\/ca\/wp-content\/uploads\/2018\/12\/Chataigneraie-250x170.jpg 250w, https:\/\/www.alexetalex.com\/ca\/wp-content\/uploads\/2018\/12\/Chataigneraie-768x523.jpg 768w, https:\/\/www.alexetalex.com\/ca\/wp-content\/uploads\/2018\/12\/Chataigneraie-700x476.jpg 700w, https:\/\/www.alexetalex.com\/ca\/wp-content\/uploads\/2018\/12\/Chataigneraie-120x82.jpg 120w, https:\/\/www.alexetalex.com\/ca\/wp-content\/uploads\/2018\/12\/Chataigneraie-320x218.jpg 320w\" sizes=\"(max-width: 1252px) 100vw, 1252px\" \/><\/p>\n<p><\/br><\/p>\n<p><H2>III] Initiatives autour de la ch\u00e2taigneraie<\/H2><\/p>\n<p><\/br><\/p>\n <div class=\"hsg-featured-numb\">\n    <div>\n <p>1<\/p>\n <p><H3>La ch\u00e2taigneraie Limousine<\/H3><\/p>\n\n<\/div>\n  \n<\/div>\n<p><\/br><\/p>\n<p>La Ch\u00e2taigneraie limousine est une r\u00e9gion du sud-ouest de la Haute-Vienne en France. Elle est cr\u00e9\u00e9e sous forme d&rsquo;association pour la promotion du tourisme et du d\u00e9veloppement \u00e9conomique. Elle participe au d\u00e9veloppement du tourisme locale en organisant ses activit\u00e9s autour de la production de ch\u00e2taigne typique de la r\u00e9gion. <\/p>\n<p><\/br><\/p>\n <div class=\"hsg-featured-numb\">\n    <div>\n <p>2<\/p>\n <p><H3>La Ch\u00e2taigneraie Cantalienne<\/H3><\/p>\n\n<\/div>\n  \n<\/div>\n<p><\/br><\/p>\n<p>La Ch\u00e2taigneraie cantalienne est une communaut\u00e9 de communes situ\u00e9e en Auvergne, au sud-ouest du d\u00e9partement du Cantal. Elle propose des s\u00e9jours orient\u00e9s vers la ch\u00e2taigne.<\/p>\n<p>L&rsquo;activit\u00e9 agricole traditionnelle de La Ch\u00e2taigne existe depuis des si\u00e8cles dans le d\u00e9partement du Cantal. Les Monts du Cantal et la r\u00e9gion de Mauriac d\u00e9limitent l&rsquo;espace de la Ch\u00e2taigneraie Cantalienne au Nord. Le d\u00e9partement de la Loz\u00e8re la d\u00e9limite au sud-est, la luxuriante vall\u00e9e du Lot et le d\u00e9partement de l&rsquo;Aveyron au sud et les d\u00e9partements du Lot et de la Corr\u00e8ze \u00e0 l&rsquo;ouest.<\/p>\n<p>Ces terres escarp\u00e9es et relativement pauvres ont traditionnellement \u00e9t\u00e9 associ\u00e9es \u00e0 la culture de la ch\u00e2taigne, mais \u00e9galement \u00e0 l&rsquo;\u00e9levage de ch\u00e8vres pour les produits laitiers et de porcs pour la charcuterie locale.<\/p>\n<p><\/br><\/p>\n<p>La Chataigneraie Cantalienne propose de nombreuses activit\u00e9s \u00ab\u00a0nature\u00a0\u00bb notamment balade en v\u00e9lo, randonn\u00e9es, h\u00f4tels ou encore d\u00e9gustations. Toutes les activit\u00e9s de la r\u00e9gion convergent autour de \u00ab\u00a0l\u2019arbre \u00e0 pain\u00a0\u00bb. L\u2019ensemble des communes situ\u00e9es pr\u00e8s des ch\u00e2taigneraies se r\u00e9unissent pour prot\u00e9ger ce fruit consid\u00e9r\u00e9 comme un tr\u00e9sor du patrimoine.<\/p>\n<p><img loading=\"lazy\" width=\"1600\" height=\"1070\" src=\"https:\/\/www.alexetalex.com\/wp-content\/uploads\/2018\/12\/ob_473435_dsc01393-gf.jpg\" title=\"Ch\u00e2taigneraie cantalienne\" alt=\"Ch\u00e2taigneraie Cantalienne\" class=\"alignnone size-full wp-image-9666\" srcset=\"https:\/\/www.alexetalex.com\/ca\/wp-content\/uploads\/2018\/12\/ob_473435_dsc01393-gf.jpg 1600w, https:\/\/www.alexetalex.com\/ca\/wp-content\/uploads\/2018\/12\/ob_473435_dsc01393-gf-600x400.jpg 600w, https:\/\/www.alexetalex.com\/ca\/wp-content\/uploads\/2018\/12\/ob_473435_dsc01393-gf-250x167.jpg 250w, https:\/\/www.alexetalex.com\/ca\/wp-content\/uploads\/2018\/12\/ob_473435_dsc01393-gf-768x514.jpg 768w, https:\/\/www.alexetalex.com\/ca\/wp-content\/uploads\/2018\/12\/ob_473435_dsc01393-gf-700x468.jpg 700w, https:\/\/www.alexetalex.com\/ca\/wp-content\/uploads\/2018\/12\/ob_473435_dsc01393-gf-120x80.jpg 120w, https:\/\/www.alexetalex.com\/ca\/wp-content\/uploads\/2018\/12\/ob_473435_dsc01393-gf-320x214.jpg 320w, https:\/\/www.alexetalex.com\/ca\/wp-content\/uploads\/2018\/12\/ob_473435_dsc01393-gf-272x182.jpg 272w\" sizes=\"(max-width: 1600px) 100vw, 1600px\" \/><\/p>\n<p>Elles allient leurs efforts pour faire conna\u00eetre la culture insoup\u00e7onn\u00e9e et pourtant r\u00e9elle de ce fruit de fin d\u2019ann\u00e9e. Une belle initiative solidaire permettant aux touristes d\u2019en apprendre plus sur le ch\u00e2taignier et sur l\u2019agriculture fruiti\u00e8re de la r\u00e9gion. Les ch\u00e2taigneraies sont magnifiques et servent d\u2019abri pour les animaux pr\u00e9cieux pour la faune et la flore locale.<\/p>\n<p>Derri\u00e8re ce soutien intercommunautaire, se cache une envie de mettre en valeur la r\u00e9gion et relancer l\u2019activit\u00e9 des artisans, commer\u00e7ants et agriculteurs du coin. La castaneiculture est pr\u00e9cieuse pour les habitants de l\u2019Auvergne. C\u2019est un des fruits les plus consomm\u00e9s et les agriculteurs l\u2019utilisent \u00e9galement pour nourrir les porcins. <\/p>\n<p><\/br><\/p>\n<p><H2>IV] Les ch\u00e2taigneraies priv\u00e9es ou municipales les plus connues<\/H2><\/p>\n<p><\/br><\/p>\n <div class=\"hsg-featured-numb\">\n    <div>\n <p>1<\/p>\n <p><H3>La Ch\u00e2taigneraie Pessac<\/H3><\/p>\n\n<\/div>\n  \n<\/div>\n<p><\/br><\/p>\n<p>La ch\u00e2taigneraie de Pessac est un Centre social se trouvant dans la commune de Pessac, au Sud-Ouest de l\u2019Hexagone. La ville se situe dans le d\u00e9partement de la Gironde en r\u00e9gion Nouvelle-Aquitaine. Le Centre social et d&rsquo;animation rythme le quotidien des Pessacais dont les valeurs sont la dignit\u00e9 humaine, la solidarit\u00e9, la la\u00efcit\u00e9 et la d\u00e9mocratie participative. Le centre porte le nom des terrains o\u00f9 l\u2019on cultive le fruit qui a sauv\u00e9 la population fran\u00e7aise durant les p\u00e9riodes de disette. L\u2019arbre \u00e0 pain est donc un magnifique symbole d\u2019entraide et de soutien en plus d\u2019\u00eatre tr\u00e8s cultiv\u00e9 dans le secteur. <\/p>\n<p><\/br><\/p>\n <div class=\"hsg-featured-numb\">\n    <div>\n <p>1<\/p>\n <p><H3>La Ch\u00e2taigneraie Beaumont<\/H3><\/p>\n\n<\/div>\n  \n<\/div>\n<p><\/br><\/p>\n<p>Regroupant plus de 90 m\u00e9decins sp\u00e9cialistes et une flop\u00e9e d\u2019infirmier(e)s et aide-soignant(e)s, l\u2019h\u00f4pital priv\u00e9 La Ch\u00e2taigneraie se situe dans la ville de Beaumont. Il veille au bine-\u00eatre des habitants de la r\u00e9gion. L\u2019\u00e9tablissement du Groupe Elsan porte le nom d\u2019une plantation d\u2018arbre \u00e0 pain puisque la castaneiculture fait partie des tr\u00e9sors du coin.<\/p>\n<p><\/br><\/p>\n<p><strong>Pour continuer d&rsquo;apprendre :<\/strong><br \/>\n&#8211; <a href=\"https:\/\/www.alexetalex.com\/ca\/dossiers-fruites\/route-des-fruits\/chataigne-marron\/\">Ch\u00e2taigne ou marron : comment les reconna\u00eetre<\/a><br \/>\n&#8211; <a href=\"https:\/\/www.alexetalex.com\/ca\/dossiers-fruites\/route-des-fruits\/chataignes-cuisson\/\">Comment cuire les ch\u00e2taignes et b\u00e9n\u00e9ficier de tous leurs bienfaits<\/a><br \/>\n&#8211; <a href=\"https:\/\/www.alexetalex.com\/ca\/dossiers-fruites\/route-des-fruits\/bigarade\/\">Bigarade, d\u00e9couvrez cet agrume parfum\u00e9<\/a><\/p>\n","protected":false},"excerpt":{"rendered":"<p>La ch\u00e2taigneraie\u00a0: le guide complet Le temps d\u2019une balade dans le Cantal, on poursuit la Route des fruits pour vous faire d\u00e9couvrir l\u2019un des plus insoup\u00e7onn\u00e9s de sa cat\u00e9gorie : la ch\u00e2taigne. Car oui, la ch\u00e2taigne est bel et bien un fruit ! Le vent frais et la beaut\u00e9 des paysages nous am\u00e8nent \u00e0 poursuivre [&hellip;]<\/p>\n","protected":false},"author":4,"featured_media":9651,"parent":8732,"menu_order":0,"comment_status":"closed","ping_status":"closed","template":"","meta":{"_et_pb_use_builder":"","_et_pb_old_content":"","_et_gb_content_width":""},"acf":[],"yoast_head":"<!-- This site is optimized with the Yoast SEO plugin v17.6 - https:\/\/yoast.com\/wordpress\/plugins\/seo\/ -->\n<title>La ch\u00e2taigneraie : le guide complet (d\u00e9finition, histoire, culture...)<\/title>\n<meta name=\"description\" content=\"L&#039;activit\u00e9 agricole traditionnelle de La Chataigneraie Cantalienne existe depuis des si\u00e8cles. D\u00e9couvrez avec nous ce tr\u00e9sor du Midi fran\u00e7ais!\" \/>\n<meta name=\"robots\" content=\"index, follow, max-snippet:-1, max-image-preview:large, max-video-preview:-1\" \/>\n<link rel=\"canonical\" href=\"https:\/\/www.alexetalex.com\/ca\/dossiers-fruites\/route-des-fruits\/chataigneraie-cantalienne\/\" \/>\n<meta property=\"og:locale\" content=\"fr_FR\" \/>\n<meta property=\"og:type\" content=\"article\" \/>\n<meta property=\"og:title\" content=\"La ch\u00e2taigneraie : le guide complet (d\u00e9finition, histoire, culture...)\" \/>\n<meta property=\"og:description\" content=\"L&#039;activit\u00e9 agricole traditionnelle de La Chataigneraie Cantalienne existe depuis des si\u00e8cles. D\u00e9couvrez avec nous ce tr\u00e9sor du Midi fran\u00e7ais!\" \/>\n<meta property=\"og:url\" content=\"https:\/\/www.alexetalex.com\/ca\/dossiers-fruites\/route-des-fruits\/chataigneraie-cantalienne\/\" \/>\n<meta property=\"article:modified_time\" content=\"2020-11-18T17:11:24+00:00\" \/>\n<meta property=\"og:image\" content=\"https:\/\/www.alexetalex.com\/ca\/wp-content\/uploads\/2018\/12\/Chataigneraie.jpg\" \/>\n\t<meta property=\"og:image:width\" content=\"1252\" \/>\n\t<meta property=\"og:image:height\" content=\"852\" \/>\n<meta name=\"twitter:label1\" content=\"Dur\u00e9e de lecture estim\u00e9e\" \/>\n\t<meta name=\"twitter:data1\" content=\"6 minutes\" \/>\n<script type=\"application\/ld+json\" class=\"yoast-schema-graph\">{\"@context\":\"https:\/\/schema.org\",\"@graph\":[{\"@type\":\"Organization\",\"@id\":\"https:\/\/www.alexetalex.com\/ca\/#organization\",\"name\":\"Alex & Alex\",\"url\":\"https:\/\/www.alexetalex.com\/ca\/\",\"sameAs\":[],\"logo\":{\"@type\":\"ImageObject\",\"@id\":\"https:\/\/www.alexetalex.com\/ca\/#logo\",\"inLanguage\":\"fr-FR\",\"url\":\"https:\/\/www.alexetalex.com\/ca\/wp-content\/uploads\/2020\/04\/alexalex-1.png\",\"contentUrl\":\"https:\/\/www.alexetalex.com\/ca\/wp-content\/uploads\/2020\/04\/alexalex-1.png\",\"width\":51,\"height\":50,\"caption\":\"Alex & Alex\"},\"image\":{\"@id\":\"https:\/\/www.alexetalex.com\/ca\/#logo\"}},{\"@type\":\"WebSite\",\"@id\":\"https:\/\/www.alexetalex.com\/ca\/#website\",\"url\":\"https:\/\/www.alexetalex.com\/ca\/\",\"name\":\"\",\"description\":\"\",\"publisher\":{\"@id\":\"https:\/\/www.alexetalex.com\/ca\/#organization\"},\"potentialAction\":[{\"@type\":\"SearchAction\",\"target\":{\"@type\":\"EntryPoint\",\"urlTemplate\":\"https:\/\/www.alexetalex.com\/ca\/?s={search_term_string}\"},\"query-input\":\"required name=search_term_string\"}],\"inLanguage\":\"fr-FR\"},{\"@type\":\"ImageObject\",\"@id\":\"https:\/\/www.alexetalex.com\/ca\/dossiers-fruites\/route-des-fruits\/chataigneraie-cantalienne\/#primaryimage\",\"inLanguage\":\"fr-FR\",\"url\":\"https:\/\/www.alexetalex.com\/ca\/wp-content\/uploads\/2018\/12\/Chataigneraie.jpg\",\"contentUrl\":\"https:\/\/www.alexetalex.com\/ca\/wp-content\/uploads\/2018\/12\/Chataigneraie.jpg\",\"width\":1252,\"height\":852},{\"@type\":\"WebPage\",\"@id\":\"https:\/\/www.alexetalex.com\/ca\/dossiers-fruites\/route-des-fruits\/chataigneraie-cantalienne\/#webpage\",\"url\":\"https:\/\/www.alexetalex.com\/ca\/dossiers-fruites\/route-des-fruits\/chataigneraie-cantalienne\/\",\"name\":\"La ch\\u00e2taigneraie : le guide complet (d\\u00e9finition, histoire, culture...)\",\"isPartOf\":{\"@id\":\"https:\/\/www.alexetalex.com\/ca\/#website\"},\"primaryImageOfPage\":{\"@id\":\"https:\/\/www.alexetalex.com\/ca\/dossiers-fruites\/route-des-fruits\/chataigneraie-cantalienne\/#primaryimage\"},\"datePublished\":\"2018-12-15T15:16:09+00:00\",\"dateModified\":\"2020-11-18T17:11:24+00:00\",\"description\":\"L'activit\\u00e9 agricole traditionnelle de La Chataigneraie Cantalienne existe depuis des si\\u00e8cles. D\\u00e9couvrez avec nous ce tr\\u00e9sor du Midi fran\\u00e7ais!\",\"breadcrumb\":{\"@id\":\"https:\/\/www.alexetalex.com\/ca\/dossiers-fruites\/route-des-fruits\/chataigneraie-cantalienne\/#breadcrumb\"},\"inLanguage\":\"fr-FR\",\"potentialAction\":[{\"@type\":\"ReadAction\",\"target\":[\"https:\/\/www.alexetalex.com\/ca\/dossiers-fruites\/route-des-fruits\/chataigneraie-cantalienne\/\"]}]},{\"@type\":\"BreadcrumbList\",\"@id\":\"https:\/\/www.alexetalex.com\/ca\/dossiers-fruites\/route-des-fruits\/chataigneraie-cantalienne\/#breadcrumb\",\"itemListElement\":[{\"@type\":\"ListItem\",\"position\":1,\"name\":\"Magazine\",\"item\":\"https:\/\/www.alexetalex.com\/ca\/dossiers-fruites\/\"},{\"@type\":\"ListItem\",\"position\":2,\"name\":\"Fruits\",\"item\":\"https:\/\/www.alexetalex.com\/ca\/dossiers-fruites\/route-des-fruits\/\"},{\"@type\":\"ListItem\",\"position\":3,\"name\":\"Dossier\"}]}]}<\/script>\n<!-- \/ Yoast SEO plugin. -->","yoast_head_json":{"title":"La ch\u00e2taigneraie : le guide complet (d\u00e9finition, histoire, culture...)","description":"L'activit\u00e9 agricole traditionnelle de La Chataigneraie Cantalienne existe depuis des si\u00e8cles. D\u00e9couvrez avec nous ce tr\u00e9sor du Midi fran\u00e7ais!","robots":{"index":"index","follow":"follow","max-snippet":"max-snippet:-1","max-image-preview":"max-image-preview:large","max-video-preview":"max-video-preview:-1"},"canonical":"https:\/\/www.alexetalex.com\/ca\/dossiers-fruites\/route-des-fruits\/chataigneraie-cantalienne\/","og_locale":"fr_FR","og_type":"article","og_title":"La ch\u00e2taigneraie : le guide complet (d\u00e9finition, histoire, culture...)","og_description":"L'activit\u00e9 agricole traditionnelle de La Chataigneraie Cantalienne existe depuis des si\u00e8cles. D\u00e9couvrez avec nous ce tr\u00e9sor du Midi fran\u00e7ais!","og_url":"https:\/\/www.alexetalex.com\/ca\/dossiers-fruites\/route-des-fruits\/chataigneraie-cantalienne\/","article_modified_time":"2020-11-18T17:11:24+00:00","og_image":[{"width":1252,"height":852,"url":"https:\/\/www.alexetalex.com\/ca\/wp-content\/uploads\/2018\/12\/Chataigneraie.jpg","type":"image\/jpeg"}],"twitter_misc":{"Dur\u00e9e de lecture estim\u00e9e":"6 minutes"},"schema":{"@context":"https:\/\/schema.org","@graph":[{"@type":"Organization","@id":"https:\/\/www.alexetalex.com\/ca\/#organization","name":"Alex & Alex","url":"https:\/\/www.alexetalex.com\/ca\/","sameAs":[],"logo":{"@type":"ImageObject","@id":"https:\/\/www.alexetalex.com\/ca\/#logo","inLanguage":"fr-FR","url":"https:\/\/www.alexetalex.com\/ca\/wp-content\/uploads\/2020\/04\/alexalex-1.png","contentUrl":"https:\/\/www.alexetalex.com\/ca\/wp-content\/uploads\/2020\/04\/alexalex-1.png","width":51,"height":50,"caption":"Alex & Alex"},"image":{"@id":"https:\/\/www.alexetalex.com\/ca\/#logo"}},{"@type":"WebSite","@id":"https:\/\/www.alexetalex.com\/ca\/#website","url":"https:\/\/www.alexetalex.com\/ca\/","name":"","description":"","publisher":{"@id":"https:\/\/www.alexetalex.com\/ca\/#organization"},"potentialAction":[{"@type":"SearchAction","target":{"@type":"EntryPoint","urlTemplate":"https:\/\/www.alexetalex.com\/ca\/?s={search_term_string}"},"query-input":"required name=search_term_string"}],"inLanguage":"fr-FR"},{"@type":"ImageObject","@id":"https:\/\/www.alexetalex.com\/ca\/dossiers-fruites\/route-des-fruits\/chataigneraie-cantalienne\/#primaryimage","inLanguage":"fr-FR","url":"https:\/\/www.alexetalex.com\/ca\/wp-content\/uploads\/2018\/12\/Chataigneraie.jpg","contentUrl":"https:\/\/www.alexetalex.com\/ca\/wp-content\/uploads\/2018\/12\/Chataigneraie.jpg","width":1252,"height":852},{"@type":"WebPage","@id":"https:\/\/www.alexetalex.com\/ca\/dossiers-fruites\/route-des-fruits\/chataigneraie-cantalienne\/#webpage","url":"https:\/\/www.alexetalex.com\/ca\/dossiers-fruites\/route-des-fruits\/chataigneraie-cantalienne\/","name":"La ch\u00e2taigneraie : le guide complet (d\u00e9finition, histoire, culture...)","isPartOf":{"@id":"https:\/\/www.alexetalex.com\/ca\/#website"},"primaryImageOfPage":{"@id":"https:\/\/www.alexetalex.com\/ca\/dossiers-fruites\/route-des-fruits\/chataigneraie-cantalienne\/#primaryimage"},"datePublished":"2018-12-15T15:16:09+00:00","dateModified":"2020-11-18T17:11:24+00:00","description":"L'activit\u00e9 agricole traditionnelle de La Chataigneraie Cantalienne existe depuis des si\u00e8cles. D\u00e9couvrez avec nous ce tr\u00e9sor du Midi fran\u00e7ais!","breadcrumb":{"@id":"https:\/\/www.alexetalex.com\/ca\/dossiers-fruites\/route-des-fruits\/chataigneraie-cantalienne\/#breadcrumb"},"inLanguage":"fr-FR","potentialAction":[{"@type":"ReadAction","target":["https:\/\/www.alexetalex.com\/ca\/dossiers-fruites\/route-des-fruits\/chataigneraie-cantalienne\/"]}]},{"@type":"BreadcrumbList","@id":"https:\/\/www.alexetalex.com\/ca\/dossiers-fruites\/route-des-fruits\/chataigneraie-cantalienne\/#breadcrumb","itemListElement":[{"@type":"ListItem","position":1,"name":"Magazine","item":"https:\/\/www.alexetalex.com\/ca\/dossiers-fruites\/"},{"@type":"ListItem","position":2,"name":"Fruits","item":"https:\/\/www.alexetalex.com\/ca\/dossiers-fruites\/route-des-fruits\/"},{"@type":"ListItem","position":3,"name":"Dossier"}]}]}},"_links":{"self":[{"href":"https:\/\/www.alexetalex.com\/ca\/wp-json\/wp\/v2\/pages\/9646"}],"collection":[{"href":"https:\/\/www.alexetalex.com\/ca\/wp-json\/wp\/v2\/pages"}],"about":[{"href":"https:\/\/www.alexetalex.com\/ca\/wp-json\/wp\/v2\/types\/page"}],"author":[{"embeddable":true,"href":"https:\/\/www.alexetalex.com\/ca\/wp-json\/wp\/v2\/users\/4"}],"replies":[{"embeddable":true,"href":"https:\/\/www.alexetalex.com\/ca\/wp-json\/wp\/v2\/comments?post=9646"}],"version-history":[{"count":2,"href":"https:\/\/www.alexetalex.com\/ca\/wp-json\/wp\/v2\/pages\/9646\/revisions"}],"predecessor-version":[{"id":17519,"href":"https:\/\/www.alexetalex.com\/ca\/wp-json\/wp\/v2\/pages\/9646\/revisions\/17519"}],"up":[{"embeddable":true,"href":"https:\/\/www.alexetalex.com\/ca\/wp-json\/wp\/v2\/pages\/8732"}],"wp:featuredmedia":[{"embeddable":true,"href":"https:\/\/www.alexetalex.com\/ca\/wp-json\/wp\/v2\/media\/9651"}],"wp:attachment":[{"href":"https:\/\/www.alexetalex.com\/ca\/wp-json\/wp\/v2\/media?parent=9646"}],"curies":[{"name":"wp","href":"https:\/\/api.w.org\/{rel}","templated":true}]}}