{"id":9680,"date":"2018-12-16T16:37:38","date_gmt":"2018-12-16T15:37:38","guid":{"rendered":"https:\/\/www.alexetalex.com\/ca\/?page_id=9680"},"modified":"2020-11-18T17:24:30","modified_gmt":"2020-11-18T16:24:30","slug":"arbouse","status":"publish","type":"page","link":"https:\/\/www.alexetalex.com\/ca\/dossiers-fruites\/route-des-fruits\/arbouse\/","title":{"rendered":"L&rsquo;arbouse landaise : le guide complet"},"content":{"rendered":"<p><H1>L&rsquo;Arbouse : propri\u00e9t\u00e9s et vertus de ce fruit m\u00e9connu<\/H1><\/p>\n<p><\/br><\/p>\n<p>Le long de la route, on entend une m\u00e9lodie lointaine qui provient d\u2019une petite ville c\u00f4ti\u00e8re, Soulac en r\u00e9gion Nouvelle Aquitaine. Ni une ni deux, on p\u00e9dale vers cette commune qui attire notre attention. Cette promenade \u00e0 deux nous am\u00e8ne \u00e0 d\u00e9couvrir une plantation d&rsquo;arbouses, un fruit encore peu pr\u00e9sent sur les \u00e9tals. Voici le guide complet sur ce fruit encore m\u00e9connu, que nous avons le plaisir de vous pr\u00e9senter au cours d&rsquo;une nouvelle \u00e9tape de notre Route Des Fruits.<\/p>\n<p><\/br><\/p>\n<p><img loading=\"lazy\" width=\"516\" height=\"387\" src=\"https:\/\/www.alexetalex.com\/wp-content\/uploads\/2018\/12\/arbouses.jpg\" title=\"Arbouses\" alt=\"arbouses\" class=\"alignnone size-full wp-image-9687\" srcset=\"https:\/\/www.alexetalex.com\/ca\/wp-content\/uploads\/2018\/12\/arbouses.jpg 516w, https:\/\/www.alexetalex.com\/ca\/wp-content\/uploads\/2018\/12\/arbouses-250x188.jpg 250w, https:\/\/www.alexetalex.com\/ca\/wp-content\/uploads\/2018\/12\/arbouses-120x90.jpg 120w, https:\/\/www.alexetalex.com\/ca\/wp-content\/uploads\/2018\/12\/arbouses-320x240.jpg 320w\" sizes=\"(max-width: 516px) 100vw, 516px\" \/><\/p>\n<p><\/br><\/p>\n<p><H2>I] Les Arbouses comestibles<\/H2><\/p>\n<p><\/br><\/p>\n <div class=\"hsg-featured-numb\">\n    <div>\n <p>1<\/p>\n <p><H3>Description<\/H3><\/p>\n\n<\/div>\n  \n<\/div>\n<p><\/br><\/p>\n<p>Les fruits de l&rsquo;arbousier (les arbouses) sont de petites baies sph\u00e9riques, de couleur rouge orang\u00e9 \u00e0 maturit\u00e9, dont la taille varie de 1 \u00e0 2 cm. Charnues, \u00e0 peau rugueuse, elles sont aussi couvertes des petites pointes coniques. Il ne faut pas les confondre avec les fraises chinoises (<em>Myrica rubra*<\/em> en botanique), des fruits tr\u00e8s similaires mais qui poss\u00e8dent un noyau, contrairement aux arbouses m\u00e9dit\u00e9ran\u00e9ennes. Il s&rsquo;agit d&rsquo;un fruit comestible, sans go\u00fbt tr\u00e8s prononc\u00e9 et qui arrive \u00e0 maturit\u00e9 \u00e0 la fin de l&rsquo;automne.<\/p>\n<p><i>(*) Voir la rubrique \u00ab Arbouse chinois \u00bb pour en savoir davantage<\/i><\/p>\n<p><\/br><\/p>\n <div class=\"hsg-featured-snippet2\">\n    <div>\n <p>Arbousier verdoyant qui donnez un peu d'ombre, prot\u00e9gez mon troupeau des ardeurs du solstice.<\/p>\n <span>Virgile<\/span>\n\n<\/div>\n  \n<\/div>\n<p><\/br><\/p>\n<p>La chair de l&rsquo;arbouse est relativement molle, un peu farineuse, acidul\u00e9e et sucr\u00e9e, et contient de nombreux petits p\u00e9pins. D&rsquo;ailleurs ils sont si petits qu&rsquo;il n&rsquo;est pas n\u00e9cessaire de les enlever pour consommer le fruit. Les arbouses mettent presque un an pour arriver \u00e0 maturit\u00e9. En effet, il n&rsquo;est pas rare de voir le m\u00eame rameau porter les fleurs de l&rsquo;ann\u00e9e, et les fruits m\u00fbrs n\u00e9s des fleurs de l&rsquo;ann\u00e9e pr\u00e9c\u00e9dente.<\/p>\n<p><\/br><\/p>\n <div class=\"hsg-featured-numb\">\n    <div>\n <p>2<\/p>\n <p><H3>R\u00e9partition<\/H3><\/p>\n\n<\/div>\n  \n<\/div>\n<p><\/br><\/p>\n<p>On retrouve des arbousiers sur l&rsquo;ensemble du paurtour m\u00e9diterran\u00e9en occidental, presque exclusivement sur sols siliceux. Sur sol acide, il est le compagnon du ch\u00eane-li\u00e8ge (<em>Quercus suber<\/em>).<\/p>\n<p>Dans le Midi de la France, il prosp\u00e8re particuli\u00e8rement dans certaines r\u00e9gions des Pyr\u00e9n\u00e9es-Orientales, notamment dans le Var, ainsi qu&rsquo;en Corse o\u00f9 il peuple abondamment le maquis*.<\/p>\n<p><i>(*) voir la rubrique \u00ab\u00a0Arbouse Corse\u00a0\u00bb pour en savoir davantage \u00e0 ce sujet.<\/i><\/p>\n<p>Dans le Sud-Ouest de la France, il est tr\u00e8s r\u00e9pandu le long de la c\u00f4te landaise sur les sols sablonneux compris entre Bordeaux et l&rsquo;Oc\u00e9an Atlantique (Soulac sur Mer, Lacanau notamment). Il remonte \u00e9galement au nord jusqu&rsquo;au littoral de la Loire-Atlantique.<\/p>\n<p><\/br><\/p>\n <div class=\"hsg-featured-numb\">\n    <div>\n <p>3<\/p>\n <p><H3>L'arbouse Corse<\/H3><\/p>\n\n<\/div>\n  \n<\/div>\n<p><\/br><\/p>\n<p>Entre les diverses plantes aromatiques, bruy\u00e8re et autres herbes hautes, se cache au sein du maquis Corse un arbuste embl\u00e9matique de la flore insulaire Corse : l\u2019arbousier. En plein \u00e9t\u00e9, il passe bien souvent inaper\u00e7u, mais \u00e0 la fin de l\u2019automne, il se couvre de fruits multicolores. Vous n\u2019aurez alors donc d\u2019yeux que pour lui !<\/p>\n<p>L\u2019arbouse, est en effet la gourmandise du maquis Corse : ce fruit est aussi joli que bon, et tr\u00e8s utilis\u00e9 dans la cuisine locale. Entre septembre et octobre, les arbousiers se couvrent de fleurs blanches en forme de clochette. Peu apr\u00e8s, elles laissent place aux fruits : les arbouses, de petites baies de couleur rouge-orang\u00e9e.<\/p>\n<p>Historiquement, l\u2019arbousier \u00e9tait notamment utilis\u00e9 pour confectionner des d\u00e9corations pour No\u00ebl. En Corse du Sud, durant la p\u00e9riode de No\u00ebl, la tradition voulait qu&rsquo;on apporte une branche d&rsquo;arbousier aux personnes auxquelles on rendait visite. Aujourd\u2019hui, ce sont surtout les arbouses qui sont \u00e0 l\u2019honneur.<\/p>\n<p><\/br><\/p>\n <div class=\"hsg-featured-numb\">\n    <div>\n <p>4<\/p>\n <p><H3>L'arbouse Chinoise<\/H3><\/p>\n\n<\/div>\n  \n<\/div>\n<p><\/br><\/p>\n<p>L&rsquo;arbouse de Chine (aussi appel\u00e9e fraise chinoise, <em>Myrica rubra<\/em> en botanique) est le fruit qui vous est parfois servi en dessert dans les restaurants chinois, en salade de fruits (cf. la photo ci-dessous). D&rsquo;aspect ext\u00e9rieur, l&rsquo;arbouse de Chine est tr\u00e8s similaire \u00e0 l&rsquo;arbouse que l&rsquo;on retrouve sur le pourtour m\u00e9diterran\u00e9en, mais contrairement \u00e0 ce dernier, l&rsquo;arbouse de Chine contient un gros noyau.<\/p>\n<p>En effet, l&rsquo;arbouse de Chine est un fruit subtropical de couleur rouge fonc\u00e9, r\u00e9colt\u00e9 en milieu sauvage depuis des milliers d\u2019ann\u00e9es en Asie. Son jus est appr\u00e9ci\u00e9 pour sa haute teneur en vitamines anti-oxydantes, son go\u00fbt naturellement sucr\u00e9 et l\u00e9g\u00e8rement acidul\u00e9.<\/p>\n<p><\/br><\/p>\n<p><img loading=\"lazy\" width=\"600\" height=\"450\" src=\"https:\/\/www.alexetalex.com\/wp-content\/uploads\/2018\/12\/arbouse-chinois.jpg\" title=\"Arbouses Chinoises\" alt=\"arbouse chinoise\" class=\"alignnone size-full wp-image-9690\" srcset=\"https:\/\/www.alexetalex.com\/ca\/wp-content\/uploads\/2018\/12\/arbouse-chinois.jpg 600w, https:\/\/www.alexetalex.com\/ca\/wp-content\/uploads\/2018\/12\/arbouse-chinois-250x188.jpg 250w, https:\/\/www.alexetalex.com\/ca\/wp-content\/uploads\/2018\/12\/arbouse-chinois-120x90.jpg 120w, https:\/\/www.alexetalex.com\/ca\/wp-content\/uploads\/2018\/12\/arbouse-chinois-320x240.jpg 320w\" sizes=\"(max-width: 600px) 100vw, 600px\" \/><\/p>\n<p><\/br><\/p>\n<p>Le jus d\u2019arbouses de Chine a un go\u00fbt unique qui \u00e9voque plusieurs fruits rouges, notamment : les airelles, la grenade, mais aussi la cerise. Mis \u00e0 part ces propri\u00e9t\u00e9s gastronomiques, le profil nutritionnel de l&rsquo;arbouse de Chine est attirant. Par ailleurs, parmi les bienfaits de ce fruit se trouveraient ceux de contribuer au bien-\u00eatre de votre c\u0153ur, favoriser un bon \u00e9quilibre de la tension, mais aussi celui de renforcer l\u2019\u00e9lasticit\u00e9 des art\u00e8res pour une action favorable et durable sur la circulation.<\/p>\n<p>De plus, le jus est naturellement riche en vitamines antioxydantes, notamment en b\u00e9ta-carot\u00e8ne (un pigment photosynth\u00e9tique qui absorbe les faible longueurs d&rsquo;onde, et favorise donc le bronzage).<\/p>\n<p><\/br><\/p>\n<p><H2>II] Le fruit de l\u2019arbousier, l&rsquo;arbouse<\/H2><\/p>\n<p><\/br><\/p>\n<p>L&rsquo;arbousier, ou arbousier commun (<em>Arbutus unedo<\/em>), parfois appel\u00e9 \u00ab\u00a0arbre \u00e0 fraises\u00a0\u00bb, est une esp\u00e8ce d&rsquo;arbuste de la famille des <em>Ericaceae<\/em>, qui pousse dans l&rsquo;ensemble du pourtour m\u00e9diterran\u00e9en occidental, mais aussi dans le nord du pourtour oriental. Son fruit, bien \u00e9videmment, est appel\u00e9 \u00ab\u00a0arbouse\u00a0\u00bb, vous vous en douterez&#8230;<\/p>\n<p><\/br><\/p>\n <div class=\"hsg-featured-snippet2\">\n    <div>\n <p>Les hommes cueillaient les fruits de l'arbousier, les fraises des montagnes, les cornouilles, les m\u00fbres qui pendent aux ronces \u00e9pineuses et les glands tomb\u00e9s de l'arbre de Jupiter aux larges ramures.<\/p>\n <span>Ovide - Les m\u00e9tamorphoses<\/span>\n\n<\/div>\n  \n<\/div>\n<p><\/br><\/p>\n<p>Il faut savoir que l&rsquo;arbousier est un grand arbre. Effectivement, il mesure entre 8 et 10 m\u00e8tres de haut (3 \u00e0 5 m\u00e8tres sous les climats plus temp\u00e9r\u00e9s). Son \u00e9corce, gris brun\u00e2tre \u00e0 la base, devient rouge\u00e2tre dans la partie sup\u00e9rieure des branches.<\/p>\n<p>Ses feuilles ont une bordure dent\u00e9e d&rsquo;une dizaine de centim\u00e8tres de long et sont persistantes, ovales. Elles alternent vert fonc\u00e9 luisant au-dessus, et vert p\u00e2le au-dessous. Il est \u00e0 noter que ces feuilles sont riches en tanins.<\/p>\n<p>Les fleurs de l&rsquo;arbousier sont blanc-verd\u00e2tre, en forme de clochettes, et fleurissent en grappes vers septembre-octobre. Ainsi, les fruits appara\u00eetraient environ un mois apr\u00e8s les fleurs.<\/p>\n<p>Quant aux fruits de l&rsquo;arbousier, vous pouvez les consommer crus, en toute simplicit\u00e9. Leur chair jaune est acidul\u00e9e et sucr\u00e9e, c&rsquo;est l&rsquo;id\u00e9al pour faire le plein de vitamine C ! En cuisine, c\u2019est un fruit tr\u00e8s fin qui donnera \u00e0 vos repas un air de grand restaurant. Vous pouvez \u00e9galement utiliser les arbouses pour la pr\u00e9paration de confitures, de gel\u00e9es, de compotes, de nougats ou encore d\u2019alcool.<\/p>\n<p><\/br><\/p>\n <div class=\"hsg-featured-numb\">\n    <div>\n <p>1<\/p>\n <p><H3>Propri\u00e9t\u00e9s<\/H3><\/p>\n\n<\/div>\n  \n<\/div>\n<p><\/br><\/p>\n<p>L&rsquo;arbousier poss\u00e8de de nombreux composants qui le rendent tr\u00e8s utile pour la m\u00e9decine botanique. On peut, en effet, utiliser les racines en d\u00e9coction pour lutter contre l\u2019hypertension, ou encore les feuilles pour stimuler la coagulation du sang.<\/p>\n<p>Les principaux nutriments contenus dans l&rsquo;arbouse :<\/p>\n<p>&#8211; Tanins. Agissant comme des anti-oxydants, les tanins que l&rsquo;on retrouve dans l&rsquo;arbouse (le fruit) seront tr\u00e8s efficaces pour lutter contre le vieillissement cellulaire et pi\u00e9ger les radicaux libres.<\/p>\n<p>&#8211; Vitamine C. \u00c9galement antioxydante, la vitamine C va aussi jouer un r\u00f4le dans la r\u00e9gulation de la synth\u00e8se du cholest\u00e9rol et peut limiter les risques de maladies cardio-vasculaires.<\/p>\n<p>En saison, l&rsquo;arbouse est donc un fruit int\u00e9ressant \u00e0 consommer. Il vous faudra n\u00e9anmoins les cueillir par vous-m\u00eame car ce fruit, trop fragile pour \u00eatre commercialis\u00e9, n&rsquo;est que tr\u00e8s rarement pr\u00e9sent sur les \u00e9tals.<\/p>\n<p><\/br><\/p>\n <div class=\"hsg-featured-numb\">\n    <div>\n <p>2<\/p>\n <p><H3>Vertus<\/H3><\/p>\n\n<\/div>\n  \n<\/div>\n<p><\/br><\/p>\n<p>&#8211; Lutte contre la diarrh\u00e9e. C&rsquo;est la pectine contenue dans l&rsquo;arbouse (le fruit) qui permettra de r\u00e9guler facilement le transit en cas de diarrh\u00e9e aigu\u00eb.<\/p>\n<p>&#8211; Pr\u00e9vient les maladies cardiovasculaires. L&rsquo;action des polyph\u00e9nols contenus dans les feuille d&rsquo;arbousier est av\u00e9r\u00e9e pour lutter contre de nombreuses pathologies telles que les maladies cardio-vasculaires.<\/p>\n<p>&#8211; Diur\u00e9tique. Aussi bien le fruit que les feuilles de la plante sont efficaces pour lutter contre la r\u00e9tention d&rsquo;eau dans le corps.<\/p>\n<p>Attention, l&rsquo;arbouse est <strong>l\u00e9g\u00e8rement toxique<\/strong>, et il semblerait que, consomm\u00e9e crue en grande quantit\u00e9, elle puisse induire des coliques et des vomissements. \u00c0 noter n\u00e9anmoins que pour avoir moi-m\u00eame consomm\u00e9 ce fruit en grande quantit\u00e9, en saison, depuis plusieurs ann\u00e9es, je n&rsquo;ai jamais ressenti aucun effets secondaires n\u00e9gatifs. N&rsquo;h\u00e9sitez pas \u00e0 nous laisser savoir si vous avez pu de votre c\u00f4t\u00e9 constater cette l\u00e9g\u00e8re toxicit\u00e9.<\/p>\n<p><\/br><\/p>\n<p><H2>III] Recettes \u00e0 base d\u2019arbouses<\/H2><\/p>\n<p><\/br><\/p>\n <div class=\"hsg-featured-numb\">\n    <div>\n <p>1<\/p>\n <p><H3>Arbouses au sirop<\/H3><\/p>\n\n<\/div>\n  \n<\/div>\n<p><\/br><\/p>\n<p><strong>Ingr\u00e9dients pour un dessert pour 4 personnes :<\/strong><\/p>\n<p>&#8211; 1,5 kg d&rsquo;arbouses m\u00fbres <br \/>&#8211; 400 g de sucre en poudre <br \/>&#8211; 1,5 L d&rsquo;eau<\/p>\n<p><strong>Pr\u00e9paration<\/strong> :<\/p>\n<p><strong>1. <\/strong> Pour commencer, la veille, dans une cocotte d&rsquo;eau bouillante, faites cuire doucement les fruits, et passez le jus au tamis fin.<\/p>\n<p><strong>2. <\/strong>Apr\u00e8s, le lendemain, d\u00e9posez le sucre en compl\u00e9ment des arbouses et faites r\u00e9duire l&rsquo;ensemble de moiti\u00e9 \u00e0 feu doux.<\/p>\n<p><strong>3. <\/strong> Rectifiez le go\u00fbt en ajoutant \u00e9ventuellement un peu de sucre.<\/p>\n<p><strong>4. <\/strong> Versez le sirop dans des bouteilles \u00e9bouillant\u00e9es et fermez de fa\u00e7on \u00e9tanche. C&rsquo;est pr\u00eat !<\/p>\n<p><\/br><\/p>\n <div class=\"hsg-featured-numb\">\n    <div>\n <p>2<\/p>\n <p><H3>Confiture d\u2019arbouses<\/H3><\/p>\n\n<\/div>\n  \n<\/div>\n<p><\/br><\/p>\n<p><strong>Ingr\u00e9dients pour environ 3kg de confiture :<\/strong><\/p>\n<p>&#8211; 2 kg d&rsquo;arbouses <br \/>&#8211; 2 citrons <br \/>&#8211; 2 kg de sucre<\/p>\n<p><strong>Pr\u00e9paration<\/strong> :<\/p>\n<p><strong>1. <\/strong> D&rsquo;abord, dans une terrine, faites mac\u00e9rer pendant douze heures les arbouses pr\u00e9alablement lav\u00e9es avec le sucre et le jus des deux citrons.<\/p>\n<p><strong>2. <\/strong> Puis, le lendemain, versez le contenu de la terrine dans un chaudron \u00e0 confiture. Ajoutez un demi-verre d&rsquo;eau. Mettez ceci \u00e0 feu vif. Laissez cuire le sirop \u00e0 la &lsquo;nappe&rsquo; (100\u00b0C).<\/p>\n<p><strong>3. <\/strong> Pour finir, retirez le sirop du feu. Mettez-le en pots, refermez-les herm\u00e9tiquement, et d\u00e9posez les pots ferm\u00e9s \u00e0 l&rsquo;envers. Laissez refroidir pendant au moins 6 heures, et c&rsquo;est pr\u00eat!<\/p>\n<p><\/br><\/p>\n<p><strong>Pour continuer d&rsquo;apprendre :<\/strong><br \/>\n<br \/>&#8211; <a href=\"https:\/\/www.alexetalex.com\/ca\/dossiers-fruites\/fruit-et-nutrition\/nefles-du-japon-bienfaits\/\" rel=\"noopener noreferrer\" target=\"_blank\">La n\u00e8fle : pourquoi ce fruit fait-il fureur au bureau ?<\/a><br \/>\n<br \/>&#8211; <a href=\"https:\/\/www.alexetalex.com\/ca\/dossiers-fruites\/fruit-et-nutrition\/ugli\/\" rel=\"noopener noreferrer\" target=\"_blank\">L&rsquo;Ugli, un agrume qu&rsquo;on conna\u00eet encore tr\u00e8s peu au Canada <\/a><br \/>\n<br \/>&#8211; <a href=\"https:\/\/www.alexetalex.com\/ca\/dossiers-fruites\/fruit-et-nutrition\/mineolas\/\" rel=\"noopener noreferrer\" target=\"_blank\">Le Mineolas, d\u00e9couvrez cet agrume surprenant venu d&rsquo;Indon\u00e9sie<\/a><\/p>\n","protected":false},"excerpt":{"rendered":"<p>L&rsquo;Arbouse : propri\u00e9t\u00e9s et vertus de ce fruit m\u00e9connu Le long de la route, on entend une m\u00e9lodie lointaine qui provient d\u2019une petite ville c\u00f4ti\u00e8re, Soulac en r\u00e9gion Nouvelle Aquitaine. Ni une ni deux, on p\u00e9dale vers cette commune qui attire notre attention. Cette promenade \u00e0 deux nous am\u00e8ne \u00e0 d\u00e9couvrir une plantation d&rsquo;arbouses, un [&hellip;]<\/p>\n","protected":false},"author":4,"featured_media":9688,"parent":8732,"menu_order":0,"comment_status":"closed","ping_status":"closed","template":"","meta":{"_et_pb_use_builder":"","_et_pb_old_content":"","_et_gb_content_width":""},"acf":[],"yoast_head":"<!-- This site is optimized with the Yoast SEO plugin v17.6 - https:\/\/yoast.com\/wordpress\/plugins\/seo\/ -->\n<title>L&#039;arbouse : le guide complet - pr\u00e9sentation, bienfaits, recettes<\/title>\n<meta name=\"description\" content=\"D\u00e9couvrez l&#039;arbouse, un petit fruit rouge-orang\u00e9 qui d\u00e9core les maquis du Midi fran\u00e7ais. Il vous surprendra aussi par son go\u00fbt et ses vertus!\" \/>\n<meta name=\"robots\" content=\"index, follow, max-snippet:-1, max-image-preview:large, max-video-preview:-1\" \/>\n<link rel=\"canonical\" href=\"https:\/\/www.alexetalex.com\/ca\/dossiers-fruites\/route-des-fruits\/arbouse\/\" \/>\n<meta property=\"og:locale\" content=\"fr_FR\" \/>\n<meta property=\"og:type\" content=\"article\" \/>\n<meta property=\"og:title\" content=\"L&#039;arbouse : le guide complet - pr\u00e9sentation, bienfaits, recettes\" \/>\n<meta property=\"og:description\" content=\"D\u00e9couvrez l&#039;arbouse, un petit fruit rouge-orang\u00e9 qui d\u00e9core les maquis du Midi fran\u00e7ais. Il vous surprendra aussi par son go\u00fbt et ses vertus!\" \/>\n<meta property=\"og:url\" content=\"https:\/\/www.alexetalex.com\/ca\/dossiers-fruites\/route-des-fruits\/arbouse\/\" \/>\n<meta property=\"article:modified_time\" content=\"2020-11-18T16:24:30+00:00\" \/>\n<meta property=\"og:image\" content=\"https:\/\/www.alexetalex.com\/ca\/wp-content\/uploads\/2018\/12\/IMG_20180521_104733_edit.jpg\" \/>\n\t<meta property=\"og:image:width\" content=\"2448\" \/>\n\t<meta property=\"og:image:height\" content=\"1802\" \/>\n<meta name=\"twitter:label1\" content=\"Dur\u00e9e de lecture estim\u00e9e\" \/>\n\t<meta name=\"twitter:data1\" content=\"8 minutes\" \/>\n<script type=\"application\/ld+json\" class=\"yoast-schema-graph\">{\"@context\":\"https:\/\/schema.org\",\"@graph\":[{\"@type\":\"Organization\",\"@id\":\"https:\/\/www.alexetalex.com\/ca\/#organization\",\"name\":\"Alex & Alex\",\"url\":\"https:\/\/www.alexetalex.com\/ca\/\",\"sameAs\":[],\"logo\":{\"@type\":\"ImageObject\",\"@id\":\"https:\/\/www.alexetalex.com\/ca\/#logo\",\"inLanguage\":\"fr-FR\",\"url\":\"https:\/\/www.alexetalex.com\/ca\/wp-content\/uploads\/2020\/04\/alexalex-1.png\",\"contentUrl\":\"https:\/\/www.alexetalex.com\/ca\/wp-content\/uploads\/2020\/04\/alexalex-1.png\",\"width\":51,\"height\":50,\"caption\":\"Alex & Alex\"},\"image\":{\"@id\":\"https:\/\/www.alexetalex.com\/ca\/#logo\"}},{\"@type\":\"WebSite\",\"@id\":\"https:\/\/www.alexetalex.com\/ca\/#website\",\"url\":\"https:\/\/www.alexetalex.com\/ca\/\",\"name\":\"\",\"description\":\"\",\"publisher\":{\"@id\":\"https:\/\/www.alexetalex.com\/ca\/#organization\"},\"potentialAction\":[{\"@type\":\"SearchAction\",\"target\":{\"@type\":\"EntryPoint\",\"urlTemplate\":\"https:\/\/www.alexetalex.com\/ca\/?s={search_term_string}\"},\"query-input\":\"required name=search_term_string\"}],\"inLanguage\":\"fr-FR\"},{\"@type\":\"ImageObject\",\"@id\":\"https:\/\/www.alexetalex.com\/ca\/dossiers-fruites\/route-des-fruits\/arbouse\/#primaryimage\",\"inLanguage\":\"fr-FR\",\"url\":\"https:\/\/www.alexetalex.com\/ca\/wp-content\/uploads\/2018\/12\/IMG_20180521_104733_edit.jpg\",\"contentUrl\":\"https:\/\/www.alexetalex.com\/ca\/wp-content\/uploads\/2018\/12\/IMG_20180521_104733_edit.jpg\",\"width\":2448,\"height\":1802},{\"@type\":\"WebPage\",\"@id\":\"https:\/\/www.alexetalex.com\/ca\/dossiers-fruites\/route-des-fruits\/arbouse\/#webpage\",\"url\":\"https:\/\/www.alexetalex.com\/ca\/dossiers-fruites\/route-des-fruits\/arbouse\/\",\"name\":\"L'arbouse : le guide complet - pr\\u00e9sentation, bienfaits, recettes\",\"isPartOf\":{\"@id\":\"https:\/\/www.alexetalex.com\/ca\/#website\"},\"primaryImageOfPage\":{\"@id\":\"https:\/\/www.alexetalex.com\/ca\/dossiers-fruites\/route-des-fruits\/arbouse\/#primaryimage\"},\"datePublished\":\"2018-12-16T15:37:38+00:00\",\"dateModified\":\"2020-11-18T16:24:30+00:00\",\"description\":\"D\\u00e9couvrez l'arbouse, un petit fruit rouge-orang\\u00e9 qui d\\u00e9core les maquis du Midi fran\\u00e7ais. Il vous surprendra aussi par son go\\u00fbt et ses vertus!\",\"breadcrumb\":{\"@id\":\"https:\/\/www.alexetalex.com\/ca\/dossiers-fruites\/route-des-fruits\/arbouse\/#breadcrumb\"},\"inLanguage\":\"fr-FR\",\"potentialAction\":[{\"@type\":\"ReadAction\",\"target\":[\"https:\/\/www.alexetalex.com\/ca\/dossiers-fruites\/route-des-fruits\/arbouse\/\"]}]},{\"@type\":\"BreadcrumbList\",\"@id\":\"https:\/\/www.alexetalex.com\/ca\/dossiers-fruites\/route-des-fruits\/arbouse\/#breadcrumb\",\"itemListElement\":[{\"@type\":\"ListItem\",\"position\":1,\"name\":\"Magazine\",\"item\":\"https:\/\/www.alexetalex.com\/ca\/dossiers-fruites\/\"},{\"@type\":\"ListItem\",\"position\":2,\"name\":\"Fruits\",\"item\":\"https:\/\/www.alexetalex.com\/ca\/dossiers-fruites\/route-des-fruits\/\"},{\"@type\":\"ListItem\",\"position\":3,\"name\":\"Dossier\"}]}]}<\/script>\n<!-- \/ Yoast SEO plugin. -->","yoast_head_json":{"title":"L'arbouse : le guide complet - pr\u00e9sentation, bienfaits, recettes","description":"D\u00e9couvrez l'arbouse, un petit fruit rouge-orang\u00e9 qui d\u00e9core les maquis du Midi fran\u00e7ais. Il vous surprendra aussi par son go\u00fbt et ses vertus!","robots":{"index":"index","follow":"follow","max-snippet":"max-snippet:-1","max-image-preview":"max-image-preview:large","max-video-preview":"max-video-preview:-1"},"canonical":"https:\/\/www.alexetalex.com\/ca\/dossiers-fruites\/route-des-fruits\/arbouse\/","og_locale":"fr_FR","og_type":"article","og_title":"L'arbouse : le guide complet - pr\u00e9sentation, bienfaits, recettes","og_description":"D\u00e9couvrez l'arbouse, un petit fruit rouge-orang\u00e9 qui d\u00e9core les maquis du Midi fran\u00e7ais. Il vous surprendra aussi par son go\u00fbt et ses vertus!","og_url":"https:\/\/www.alexetalex.com\/ca\/dossiers-fruites\/route-des-fruits\/arbouse\/","article_modified_time":"2020-11-18T16:24:30+00:00","og_image":[{"width":2448,"height":1802,"url":"https:\/\/www.alexetalex.com\/ca\/wp-content\/uploads\/2018\/12\/IMG_20180521_104733_edit.jpg","type":"image\/jpeg"}],"twitter_misc":{"Dur\u00e9e de lecture estim\u00e9e":"8 minutes"},"schema":{"@context":"https:\/\/schema.org","@graph":[{"@type":"Organization","@id":"https:\/\/www.alexetalex.com\/ca\/#organization","name":"Alex & Alex","url":"https:\/\/www.alexetalex.com\/ca\/","sameAs":[],"logo":{"@type":"ImageObject","@id":"https:\/\/www.alexetalex.com\/ca\/#logo","inLanguage":"fr-FR","url":"https:\/\/www.alexetalex.com\/ca\/wp-content\/uploads\/2020\/04\/alexalex-1.png","contentUrl":"https:\/\/www.alexetalex.com\/ca\/wp-content\/uploads\/2020\/04\/alexalex-1.png","width":51,"height":50,"caption":"Alex & Alex"},"image":{"@id":"https:\/\/www.alexetalex.com\/ca\/#logo"}},{"@type":"WebSite","@id":"https:\/\/www.alexetalex.com\/ca\/#website","url":"https:\/\/www.alexetalex.com\/ca\/","name":"","description":"","publisher":{"@id":"https:\/\/www.alexetalex.com\/ca\/#organization"},"potentialAction":[{"@type":"SearchAction","target":{"@type":"EntryPoint","urlTemplate":"https:\/\/www.alexetalex.com\/ca\/?s={search_term_string}"},"query-input":"required name=search_term_string"}],"inLanguage":"fr-FR"},{"@type":"ImageObject","@id":"https:\/\/www.alexetalex.com\/ca\/dossiers-fruites\/route-des-fruits\/arbouse\/#primaryimage","inLanguage":"fr-FR","url":"https:\/\/www.alexetalex.com\/ca\/wp-content\/uploads\/2018\/12\/IMG_20180521_104733_edit.jpg","contentUrl":"https:\/\/www.alexetalex.com\/ca\/wp-content\/uploads\/2018\/12\/IMG_20180521_104733_edit.jpg","width":2448,"height":1802},{"@type":"WebPage","@id":"https:\/\/www.alexetalex.com\/ca\/dossiers-fruites\/route-des-fruits\/arbouse\/#webpage","url":"https:\/\/www.alexetalex.com\/ca\/dossiers-fruites\/route-des-fruits\/arbouse\/","name":"L'arbouse : le guide complet - pr\u00e9sentation, bienfaits, recettes","isPartOf":{"@id":"https:\/\/www.alexetalex.com\/ca\/#website"},"primaryImageOfPage":{"@id":"https:\/\/www.alexetalex.com\/ca\/dossiers-fruites\/route-des-fruits\/arbouse\/#primaryimage"},"datePublished":"2018-12-16T15:37:38+00:00","dateModified":"2020-11-18T16:24:30+00:00","description":"D\u00e9couvrez l'arbouse, un petit fruit rouge-orang\u00e9 qui d\u00e9core les maquis du Midi fran\u00e7ais. Il vous surprendra aussi par son go\u00fbt et ses vertus!","breadcrumb":{"@id":"https:\/\/www.alexetalex.com\/ca\/dossiers-fruites\/route-des-fruits\/arbouse\/#breadcrumb"},"inLanguage":"fr-FR","potentialAction":[{"@type":"ReadAction","target":["https:\/\/www.alexetalex.com\/ca\/dossiers-fruites\/route-des-fruits\/arbouse\/"]}]},{"@type":"BreadcrumbList","@id":"https:\/\/www.alexetalex.com\/ca\/dossiers-fruites\/route-des-fruits\/arbouse\/#breadcrumb","itemListElement":[{"@type":"ListItem","position":1,"name":"Magazine","item":"https:\/\/www.alexetalex.com\/ca\/dossiers-fruites\/"},{"@type":"ListItem","position":2,"name":"Fruits","item":"https:\/\/www.alexetalex.com\/ca\/dossiers-fruites\/route-des-fruits\/"},{"@type":"ListItem","position":3,"name":"Dossier"}]}]}},"_links":{"self":[{"href":"https:\/\/www.alexetalex.com\/ca\/wp-json\/wp\/v2\/pages\/9680"}],"collection":[{"href":"https:\/\/www.alexetalex.com\/ca\/wp-json\/wp\/v2\/pages"}],"about":[{"href":"https:\/\/www.alexetalex.com\/ca\/wp-json\/wp\/v2\/types\/page"}],"author":[{"embeddable":true,"href":"https:\/\/www.alexetalex.com\/ca\/wp-json\/wp\/v2\/users\/4"}],"replies":[{"embeddable":true,"href":"https:\/\/www.alexetalex.com\/ca\/wp-json\/wp\/v2\/comments?post=9680"}],"version-history":[{"count":4,"href":"https:\/\/www.alexetalex.com\/ca\/wp-json\/wp\/v2\/pages\/9680\/revisions"}],"predecessor-version":[{"id":17514,"href":"https:\/\/www.alexetalex.com\/ca\/wp-json\/wp\/v2\/pages\/9680\/revisions\/17514"}],"up":[{"embeddable":true,"href":"https:\/\/www.alexetalex.com\/ca\/wp-json\/wp\/v2\/pages\/8732"}],"wp:featuredmedia":[{"embeddable":true,"href":"https:\/\/www.alexetalex.com\/ca\/wp-json\/wp\/v2\/media\/9688"}],"wp:attachment":[{"href":"https:\/\/www.alexetalex.com\/ca\/wp-json\/wp\/v2\/media?parent=9680"}],"curies":[{"name":"wp","href":"https:\/\/api.w.org\/{rel}","templated":true}]}}