{"id":9792,"date":"2018-12-21T14:17:53","date_gmt":"2018-12-21T13:17:53","guid":{"rendered":"https:\/\/www.alexetalex.com\/ca\/?page_id=9792"},"modified":"2020-11-07T11:39:43","modified_gmt":"2020-11-07T10:39:43","slug":"fruits-de-saison","status":"publish","type":"page","link":"https:\/\/www.alexetalex.com\/ca\/dossiers-fruites\/route-des-fruits\/fruits-de-saison\/","title":{"rendered":"Fruits de saison : le calendrier"},"content":{"rendered":"<p><H1>Fruits de saison : le calendrier Alex &#038; Alex<\/H1><\/p>\n<p><\/br><\/p>\n<p>Avec notre calendrier des fruits de saison, rien de plus simple que de consommer de saison ! Chaque semaine, dans le cadre de notre activit\u00e9 professionnelle, nous achetons pr\u00e8s de 20 tonnes de fruits. Alors autant bien les choisir ! Notre \u00e9quipe de professionnels vous a donc pr\u00e9par\u00e9 une des \u00e9tudes les plus exhaustives sur le th\u00e8me des fruits de saison en France, avec plus de 100 r\u00e9f\u00e9rences cultiv\u00e9es et commercialis\u00e9es sur les march\u00e9s.<\/p>\n<p><\/br><\/p>\n<p><strong>&#8212;&#8212;&#8212;&#8212; Cliquez sur l&rsquo;image ci-dessous pour zoomer ! &#8212;&#8212;&#8212;&#8212;<\/strong><\/p>\n<p><\/br><\/p>\n<p><a title=\"Calendrier des fruits de saison\" href=\"https:\/\/www.alexetalex.com\/wp-content\/uploads\/2018\/12\/Infographie-fruits-de-saison-BD.jpg\"><img src=\"https:\/\/www.alexetalex.com\/wp-content\/uploads\/2018\/12\/Infographie-fruits-de-saison-BD.jpg\" alt=\"Infographie fruits de saison\" class=\"alignnone size-full wp-image-9794\" \/><\/a><\/p>\n<p><\/br><\/p>\n<p><H2>I] Consommer des fruits de saison : c&rsquo;est facile !<\/H2><\/p>\n<p><\/br><\/p>\n<p>Manger local et de saison, c&rsquo;est bon pour vous, et pour la biodiversit\u00e9. C&rsquo;est aussi s&rsquo;inscrire dans une d\u00e9marche qui consiste \u00e0 reprendre contact avec celles et ceux qui nous nourrissent : producteurs, cultivateurs et mara\u00eechers.<\/p>\n<p>Manger local et de saison, c\u2019est encourager la production alimentaire pr\u00e8s de chez soi et, par la m\u00eame occasion, l\u2019autonomie alimentaire et un partage plus juste des ressources nourrici\u00e8res avec le reste du monde. C&rsquo;est aussi encourager une \u00e9conomie locale et cr\u00e9er des emplois qui ont du sens.<\/p>\n<p>Manger local et de saison, c&rsquo;est aussi contribuer \u00e0 r\u00e9duire les transports, et permettre de sauvegarder la biodiversit\u00e9 agricole.<\/p>\n<p>Manger local et de saison, c&rsquo;est aussi retrouver la fra\u00eecheur des bon aliments et les saveurs du terroir de nos r\u00e9gions. C&rsquo;est favoriser la qualit\u00e9 alimentaire (et non la quantit\u00e9) pour vivre en meilleure sant\u00e9, sortir de sa routine alimentaire.<\/p>\n<p>Manger local et de saison, au fond, c&rsquo;est un retour au sens et au plaisir, de tous les sens.<\/p>\n<p><\/br><\/p>\n<p><H2>II] PRINTEMPS : les fruits de saison<\/H2><\/p>\n<p><\/br><\/p>\n<p><img loading=\"lazy\" width=\"827\" height=\"764\" src=\"https:\/\/www.alexetalex.com\/wp-content\/uploads\/2018\/12\/Infographie-fruits-printempsBD.jpg\" alt=\"Infographie fruits printempsBD\" class=\"alignnone size-full wp-image-9798\" srcset=\"https:\/\/www.alexetalex.com\/ca\/wp-content\/uploads\/2018\/12\/Infographie-fruits-printempsBD.jpg 827w, https:\/\/www.alexetalex.com\/ca\/wp-content\/uploads\/2018\/12\/Infographie-fruits-printempsBD-600x554.jpg 600w, https:\/\/www.alexetalex.com\/ca\/wp-content\/uploads\/2018\/12\/Infographie-fruits-printempsBD-250x231.jpg 250w, https:\/\/www.alexetalex.com\/ca\/wp-content\/uploads\/2018\/12\/Infographie-fruits-printempsBD-768x709.jpg 768w, https:\/\/www.alexetalex.com\/ca\/wp-content\/uploads\/2018\/12\/Infographie-fruits-printempsBD-700x647.jpg 700w, https:\/\/www.alexetalex.com\/ca\/wp-content\/uploads\/2018\/12\/Infographie-fruits-printempsBD-120x111.jpg 120w, https:\/\/www.alexetalex.com\/ca\/wp-content\/uploads\/2018\/12\/Infographie-fruits-printempsBD-320x296.jpg 320w\" sizes=\"(max-width: 827px) 100vw, 827px\" \/><\/p>\n<p><\/br><\/p>\n <div class=\"hsg-featured-numb\">\n    <div>\n <p>1<\/p>\n <p><H3>Avril<\/H3><\/p>\n\n<\/div>\n  \n<\/div>\n<p><\/br><\/p>\n<p>Avocat <br \/>Citron <br \/>Orange <br \/>Kiwi <br \/>Pamplemousse <br \/>Pomme <br \/>Rhubarbe<\/p>\n<p><\/br><\/p>\n <div class=\"hsg-featured-numb\">\n    <div>\n <p>2<\/p>\n <p><H3>Mai<\/H3><\/p>\n\n<\/div>\n  \n<\/div>\n<p><\/br><\/p>\n<p>Cerise <br \/>Fraise <br \/>Framboise <br \/>Rhubarbe<\/p>\n<p><\/br><\/p>\n <div class=\"hsg-featured-numb\">\n    <div>\n <p>3<\/p>\n <p><H3>Juin<\/H3><\/p>\n\n<\/div>\n  \n<\/div>\n<p><\/br><\/p>\n<p>Abricot <br \/>Cassis <br \/>Cerise <br \/>Fraise <br \/>Framboise <br \/>Groseille <br \/>Melon <br \/>Pomme <br \/>Tomate cerise<\/p>\n<p><\/br><\/p>\n<p><H2>III] \u00c9T\u00c9 : les fruits de saison<\/H2><\/p>\n<p><\/br><\/p>\n<p><img loading=\"lazy\" width=\"827\" height=\"823\" src=\"https:\/\/www.alexetalex.com\/wp-content\/uploads\/2018\/12\/Infographie-fruits-\u00e9t\u00e9BD.jpg\" alt=\"Infographie fruits \u00e9t\u00e9BD\" class=\"alignnone size-full wp-image-9796\" srcset=\"https:\/\/www.alexetalex.com\/ca\/wp-content\/uploads\/2018\/12\/Infographie-fruits-\u00e9t\u00e9BD.jpg 827w, https:\/\/www.alexetalex.com\/ca\/wp-content\/uploads\/2018\/12\/Infographie-fruits-\u00e9t\u00e9BD-300x300.jpg 300w, https:\/\/www.alexetalex.com\/ca\/wp-content\/uploads\/2018\/12\/Infographie-fruits-\u00e9t\u00e9BD-100x100.jpg 100w, https:\/\/www.alexetalex.com\/ca\/wp-content\/uploads\/2018\/12\/Infographie-fruits-\u00e9t\u00e9BD-600x597.jpg 600w, https:\/\/www.alexetalex.com\/ca\/wp-content\/uploads\/2018\/12\/Infographie-fruits-\u00e9t\u00e9BD-250x249.jpg 250w, https:\/\/www.alexetalex.com\/ca\/wp-content\/uploads\/2018\/12\/Infographie-fruits-\u00e9t\u00e9BD-768x764.jpg 768w, https:\/\/www.alexetalex.com\/ca\/wp-content\/uploads\/2018\/12\/Infographie-fruits-\u00e9t\u00e9BD-700x697.jpg 700w, https:\/\/www.alexetalex.com\/ca\/wp-content\/uploads\/2018\/12\/Infographie-fruits-\u00e9t\u00e9BD-120x119.jpg 120w, https:\/\/www.alexetalex.com\/ca\/wp-content\/uploads\/2018\/12\/Infographie-fruits-\u00e9t\u00e9BD-260x260.jpg 260w, https:\/\/www.alexetalex.com\/ca\/wp-content\/uploads\/2018\/12\/Infographie-fruits-\u00e9t\u00e9BD-320x318.jpg 320w\" sizes=\"(max-width: 827px) 100vw, 827px\" \/><\/p>\n<p><\/br><\/p>\n <div class=\"hsg-featured-numb\">\n    <div>\n <p>1<\/p>\n <p><H3>Juillet<\/H3><\/p>\n\n<\/div>\n  \n<\/div>\n<p><\/br><\/p>\n<p>Abricot <br \/>Cassis <br \/>Cerise <br \/>Figue <br \/>Fraise <br \/>Framboise <br \/>Groseille <br \/>Melon <br \/>Mirabelle <br \/>Nectarine <br \/>P\u00eache <br \/>Pomme <br \/>Prune <br \/>Tomate<\/p>\n<p><\/br><\/p>\n <div class=\"hsg-featured-numb\">\n    <div>\n <p>2<\/p>\n <p><H3>Ao\u00fbt<\/H3><\/p>\n\n<\/div>\n  \n<\/div>\n<p><\/br><\/p>\n<p>Abricot <br \/>Cassis <br \/>Figue <br \/>Melon <br \/>Mirabelle <br \/>M\u00fbre <br \/>Myrtille <br \/>Nectarine <br \/>Past\u00e8que <br \/>P\u00eache <br \/>Poire <br \/>Prune <br \/>Pruneau <br \/>Tomate<\/p>\n<p><\/br><\/p>\n <div class=\"hsg-featured-numb\">\n    <div>\n <p>3<\/p>\n <p><H3>Septembre<\/H3><\/p>\n\n<\/div>\n  \n<\/div>\n<p><\/br><\/p>\n<p>Melon <br \/>M\u00fbre <br \/>Myrtille <br \/>Pamplemousse <br \/>Past\u00e8que <br \/>P\u00eache <br \/>Poire <br \/>Pomme <br \/>Prune <br \/>Pruneau <br \/>Raisin<\/p>\n<p><\/br><\/p>\n<p><H2>IV] AUTOMNE : les fruits de saison<\/H2><\/p>\n<p><\/br><\/p>\n<p><img loading=\"lazy\" width=\"827\" height=\"732\" src=\"https:\/\/www.alexetalex.com\/wp-content\/uploads\/2018\/12\/Infographie-fruits-automneBD.jpg\" alt=\"Infographie fruits automneBD\" class=\"alignnone size-full wp-image-9795\" srcset=\"https:\/\/www.alexetalex.com\/ca\/wp-content\/uploads\/2018\/12\/Infographie-fruits-automneBD.jpg 827w, https:\/\/www.alexetalex.com\/ca\/wp-content\/uploads\/2018\/12\/Infographie-fruits-automneBD-600x531.jpg 600w, https:\/\/www.alexetalex.com\/ca\/wp-content\/uploads\/2018\/12\/Infographie-fruits-automneBD-250x221.jpg 250w, https:\/\/www.alexetalex.com\/ca\/wp-content\/uploads\/2018\/12\/Infographie-fruits-automneBD-768x680.jpg 768w, https:\/\/www.alexetalex.com\/ca\/wp-content\/uploads\/2018\/12\/Infographie-fruits-automneBD-700x620.jpg 700w, https:\/\/www.alexetalex.com\/ca\/wp-content\/uploads\/2018\/12\/Infographie-fruits-automneBD-120x106.jpg 120w, https:\/\/www.alexetalex.com\/ca\/wp-content\/uploads\/2018\/12\/Infographie-fruits-automneBD-320x283.jpg 320w\" sizes=\"(max-width: 827px) 100vw, 827px\" \/><\/p>\n<p><\/br><\/p>\n <div class=\"hsg-featured-numb\">\n    <div>\n <p>1<\/p>\n <p><H3>Octobre<\/H3><\/p>\n\n<\/div>\n  \n<\/div>\n<p><\/br><\/p>\n<p>Cl\u00e9mentine <br \/>Coing <br \/>Kaki <br \/>Pamplemousse <br \/>Pomme <br \/>Poire <br \/>Raisin<\/p>\n<p><\/br><\/p>\n <div class=\"hsg-featured-numb\">\n    <div>\n <p>2<\/p>\n <p><H3>Novembre<\/H3><\/p>\n\n<\/div>\n  \n<\/div>\n<p><\/br><\/p>\n<p>Cl\u00e9mentine <br \/>Mandarine <br \/>Kaki <br \/>Kiwi <br \/>Orange <br \/>Pamplemousse <br \/>Poire <br \/>Pomme <br \/>Raisin<\/p>\n<p><\/br><\/p>\n <div class=\"hsg-featured-numb\">\n    <div>\n <p>3<\/p>\n <p><H3>D\u00e9cembre<\/H3><\/p>\n\n<\/div>\n  \n<\/div>\n<p><\/br><\/p>\n<p>Cl\u00e9mentine <br \/>Mandarine <br \/>Kiwi <br \/>Litchi <br \/>Orange <br \/>Pamplemousse <br \/>Poire <br \/>Pomme<\/p>\n<p><\/br><\/p>\n<p><H2>V] HIVER : les fruits de saison<\/H2><\/p>\n<p><\/br><\/p>\n<p><img loading=\"lazy\" width=\"827\" height=\"714\" src=\"https:\/\/www.alexetalex.com\/wp-content\/uploads\/2018\/12\/Infographie-fruits-hiverBD.jpg\" alt=\"Infographie fruits hiverBD\" class=\"alignnone size-full wp-image-9797\" srcset=\"https:\/\/www.alexetalex.com\/ca\/wp-content\/uploads\/2018\/12\/Infographie-fruits-hiverBD.jpg 827w, https:\/\/www.alexetalex.com\/ca\/wp-content\/uploads\/2018\/12\/Infographie-fruits-hiverBD-600x518.jpg 600w, https:\/\/www.alexetalex.com\/ca\/wp-content\/uploads\/2018\/12\/Infographie-fruits-hiverBD-175x150.jpg 175w, https:\/\/www.alexetalex.com\/ca\/wp-content\/uploads\/2018\/12\/Infographie-fruits-hiverBD-250x216.jpg 250w, https:\/\/www.alexetalex.com\/ca\/wp-content\/uploads\/2018\/12\/Infographie-fruits-hiverBD-768x663.jpg 768w, https:\/\/www.alexetalex.com\/ca\/wp-content\/uploads\/2018\/12\/Infographie-fruits-hiverBD-700x604.jpg 700w, https:\/\/www.alexetalex.com\/ca\/wp-content\/uploads\/2018\/12\/Infographie-fruits-hiverBD-120x104.jpg 120w, https:\/\/www.alexetalex.com\/ca\/wp-content\/uploads\/2018\/12\/Infographie-fruits-hiverBD-320x276.jpg 320w\" sizes=\"(max-width: 827px) 100vw, 827px\" \/><\/p>\n<p><\/br><\/p>\n <div class=\"hsg-featured-numb\">\n    <div>\n <p>1<\/p>\n <p><H3>Janvier<\/H3><\/p>\n\n<\/div>\n  \n<\/div>\n<p><\/br><\/p>\n<p>Citron <br \/>Cl\u00e9mentine <br \/>Kiwi <br \/>Mandarine <br \/>Orange <br \/>Pamplemousse <br \/>Poire <br \/>Pomme<\/p>\n<p><\/br><\/p>\n <div class=\"hsg-featured-numb\">\n    <div>\n <p>2<\/p>\n <p><H3>F\u00e9vrier<\/H3><\/p>\n\n<\/div>\n  \n<\/div>\n<p><\/br><\/p>\n<p>Citron <br \/>Cl\u00e9mentine <br \/>Kiwi <br \/>Mandarine <br \/>Orange <br \/>Pamplemousse <br \/>Poire <br \/>Pomme<\/p>\n<p><\/br><\/p>\n <div class=\"hsg-featured-numb\">\n    <div>\n <p>3<\/p>\n <p><H3>Mars (fruits de saison)<\/H3><\/p>\n\n<\/div>\n  \n<\/div>\n<p><\/br><\/p>\n<p>Citron <br \/>Kiwi <br \/>Orange <br \/>Pamplemousse <br \/>Poire <br \/>Pomme<\/p>\n<p>Retrouvez aussi une version en full HD (300dpi), imprimable, avec le lien ci-contre : <a href=\"https:\/\/www.alexetalex.com\/wp-content\/uploads\/2019\/01\/Infographie-fruits-de-saison-300dpi.jpg\">infographie en 300dpi<\/a>.<\/p>\n<p><\/br><\/p>\n<p><strong>Pour continuer d&rsquo;apprendre avec des infographies libres de droits :<\/strong><\/p>\n<p>Retrouvez aussi d&rsquo;autres infographies r\u00e9alis\u00e9es par Alex&#038;Alex :<br \/>\n<br \/>&#8211; <a href=\"https:\/\/www.alexetalex.com\/ca\/dossiers-fruites\/infographie\/le-biologique-ce-nest-pas-systematique\/\" rel=\"noopener noreferrer\" target=\"_blank\">Le biologique ce n&rsquo;est pas syst\u00e9matique<\/a><br \/>\n<br \/>&#8211; <a href=\"https:\/\/www.alexetalex.com\/ca\/dossiers-fruites\/fruit-et-nutrition\/systeme-immunitaire\/\" rel=\"noopener noreferrer\" target=\"_blank\">10 conseils pour renforcer son syst\u00e8me immunitaire<\/a><br \/>\n<br \/>&#8211; <a href=\"https:\/\/www.alexetalex.com\/ca\/dossiers-fruites\/composition-des-paniers\/calendrier-fruits-legumes-saison\/\" rel=\"noopener noreferrer\" target=\"_blank\">Notre calendrier des fruits et l\u00e9gumes de saison<\/a><\/p>\n<p><i>Et pour finir en beaut\u00e9, et retrouver des fruits de saison toute l&rsquo;ann\u00e9e sur votre lieu de travail, d\u00e9couvrez notre service de livraison de paniers de fruits au bureau pour les <a href=\"https:\/\/www.alexetalex.com\/ca\/#nos-services\">entreprises <\/a>et les <a href=\"https:\/\/www.alexetalex.com\/ca\/categorie-produit\/particuliers\/\">particuliers<\/a>, sur la page d\u00e9di\u00e9e \u00e0 notre activit\u00e9 professionnelle, en cliquant sur l&rsquo;image ci-dessous<\/i><\/p>\n<p><a title=\"Alex &#038; Alex - Les Fruits au Bureau\" href=\"https:\/\/www.alexetalex.com\/ca\/\"><img loading=\"lazy\" width=\"658\" height=\"280\" src=\"https:\/\/www.alexetalex.com\/wp-content\/uploads\/2018\/01\/Call-to-action-2.jpg\" alt=\"Call to action 2\" class=\"alignnone size-full wp-image-8638\" srcset=\"https:\/\/www.alexetalex.com\/ca\/wp-content\/uploads\/2018\/01\/Call-to-action-2.jpg 658w, https:\/\/www.alexetalex.com\/ca\/wp-content\/uploads\/2018\/01\/Call-to-action-2-600x255.jpg 600w, https:\/\/www.alexetalex.com\/ca\/wp-content\/uploads\/2018\/01\/Call-to-action-2-270x115.jpg 270w, https:\/\/www.alexetalex.com\/ca\/wp-content\/uploads\/2018\/01\/Call-to-action-2-550x234.jpg 550w\" sizes=\"(max-width: 658px) 100vw, 658px\" \/><\/a><\/p>\n","protected":false},"excerpt":{"rendered":"<p>Fruits de saison : le calendrier Alex &#038; Alex Avec notre calendrier des fruits de saison, rien de plus simple que de consommer de saison ! Chaque semaine, dans le cadre de notre activit\u00e9 professionnelle, nous achetons pr\u00e8s de 20 tonnes de fruits. Alors autant bien les choisir ! Notre \u00e9quipe de professionnels vous a [&hellip;]<\/p>\n","protected":false},"author":4,"featured_media":9793,"parent":8732,"menu_order":0,"comment_status":"closed","ping_status":"closed","template":"","meta":{"_et_pb_use_builder":"","_et_pb_old_content":"","_et_gb_content_width":""},"acf":[],"yoast_head":"<!-- This site is optimized with the Yoast SEO plugin v17.6 - https:\/\/yoast.com\/wordpress\/plugins\/seo\/ -->\n<title>Fruits de saison : le calendrier du N\u00b01 des fruits au bureau - A &amp; A<\/title>\n<meta name=\"description\" content=\"Avec notre calendrier des fruits de saison, rien de plus simple que de consommer de saison ! Nous sommes sp\u00e9cialis\u00e9s dans les fruits au bureau, et nous achetons 20 tonnes par semaine\" \/>\n<meta name=\"robots\" content=\"index, follow, max-snippet:-1, max-image-preview:large, max-video-preview:-1\" \/>\n<link rel=\"canonical\" href=\"https:\/\/www.alexetalex.com\/ca\/dossiers-fruites\/route-des-fruits\/fruits-de-saison\/\" \/>\n<meta property=\"og:locale\" content=\"fr_FR\" \/>\n<meta property=\"og:type\" content=\"article\" \/>\n<meta property=\"og:title\" content=\"Fruits de saison : le calendrier du N\u00b01 des fruits au bureau - A &amp; A\" \/>\n<meta property=\"og:description\" content=\"Avec notre calendrier des fruits de saison, rien de plus simple que de consommer de saison ! Nous sommes sp\u00e9cialis\u00e9s dans les fruits au bureau, et nous achetons 20 tonnes par semaine\" \/>\n<meta property=\"og:url\" content=\"https:\/\/www.alexetalex.com\/ca\/dossiers-fruites\/route-des-fruits\/fruits-de-saison\/\" \/>\n<meta property=\"article:modified_time\" content=\"2020-11-07T10:39:43+00:00\" \/>\n<meta property=\"og:image\" content=\"https:\/\/www.alexetalex.com\/ca\/wp-content\/uploads\/2018\/12\/Infographie-fruits-printempsBDbis.jpg\" \/>\n\t<meta property=\"og:image:width\" content=\"827\" \/>\n\t<meta property=\"og:image:height\" content=\"688\" \/>\n<meta name=\"twitter:label1\" content=\"Dur\u00e9e de lecture estim\u00e9e\" \/>\n\t<meta name=\"twitter:data1\" content=\"3 minutes\" \/>\n<script type=\"application\/ld+json\" class=\"yoast-schema-graph\">{\"@context\":\"https:\/\/schema.org\",\"@graph\":[{\"@type\":\"Organization\",\"@id\":\"https:\/\/www.alexetalex.com\/ca\/#organization\",\"name\":\"Alex & Alex\",\"url\":\"https:\/\/www.alexetalex.com\/ca\/\",\"sameAs\":[],\"logo\":{\"@type\":\"ImageObject\",\"@id\":\"https:\/\/www.alexetalex.com\/ca\/#logo\",\"inLanguage\":\"fr-FR\",\"url\":\"https:\/\/www.alexetalex.com\/ca\/wp-content\/uploads\/2020\/04\/alexalex-1.png\",\"contentUrl\":\"https:\/\/www.alexetalex.com\/ca\/wp-content\/uploads\/2020\/04\/alexalex-1.png\",\"width\":51,\"height\":50,\"caption\":\"Alex & Alex\"},\"image\":{\"@id\":\"https:\/\/www.alexetalex.com\/ca\/#logo\"}},{\"@type\":\"WebSite\",\"@id\":\"https:\/\/www.alexetalex.com\/ca\/#website\",\"url\":\"https:\/\/www.alexetalex.com\/ca\/\",\"name\":\"\",\"description\":\"\",\"publisher\":{\"@id\":\"https:\/\/www.alexetalex.com\/ca\/#organization\"},\"potentialAction\":[{\"@type\":\"SearchAction\",\"target\":{\"@type\":\"EntryPoint\",\"urlTemplate\":\"https:\/\/www.alexetalex.com\/ca\/?s={search_term_string}\"},\"query-input\":\"required name=search_term_string\"}],\"inLanguage\":\"fr-FR\"},{\"@type\":\"ImageObject\",\"@id\":\"https:\/\/www.alexetalex.com\/ca\/dossiers-fruites\/route-des-fruits\/fruits-de-saison\/#primaryimage\",\"inLanguage\":\"fr-FR\",\"url\":\"https:\/\/www.alexetalex.com\/ca\/wp-content\/uploads\/2018\/12\/Infographie-fruits-printempsBDbis.jpg\",\"contentUrl\":\"https:\/\/www.alexetalex.com\/ca\/wp-content\/uploads\/2018\/12\/Infographie-fruits-printempsBDbis.jpg\",\"width\":827,\"height\":688},{\"@type\":\"WebPage\",\"@id\":\"https:\/\/www.alexetalex.com\/ca\/dossiers-fruites\/route-des-fruits\/fruits-de-saison\/#webpage\",\"url\":\"https:\/\/www.alexetalex.com\/ca\/dossiers-fruites\/route-des-fruits\/fruits-de-saison\/\",\"name\":\"Fruits de saison : le calendrier du N\\u00b01 des fruits au bureau - A & A\",\"isPartOf\":{\"@id\":\"https:\/\/www.alexetalex.com\/ca\/#website\"},\"primaryImageOfPage\":{\"@id\":\"https:\/\/www.alexetalex.com\/ca\/dossiers-fruites\/route-des-fruits\/fruits-de-saison\/#primaryimage\"},\"datePublished\":\"2018-12-21T13:17:53+00:00\",\"dateModified\":\"2020-11-07T10:39:43+00:00\",\"description\":\"Avec notre calendrier des fruits de saison, rien de plus simple que de consommer de saison ! Nous sommes sp\\u00e9cialis\\u00e9s dans les fruits au bureau, et nous achetons 20 tonnes par semaine\",\"breadcrumb\":{\"@id\":\"https:\/\/www.alexetalex.com\/ca\/dossiers-fruites\/route-des-fruits\/fruits-de-saison\/#breadcrumb\"},\"inLanguage\":\"fr-FR\",\"potentialAction\":[{\"@type\":\"ReadAction\",\"target\":[\"https:\/\/www.alexetalex.com\/ca\/dossiers-fruites\/route-des-fruits\/fruits-de-saison\/\"]}]},{\"@type\":\"BreadcrumbList\",\"@id\":\"https:\/\/www.alexetalex.com\/ca\/dossiers-fruites\/route-des-fruits\/fruits-de-saison\/#breadcrumb\",\"itemListElement\":[{\"@type\":\"ListItem\",\"position\":1,\"name\":\"Magazine\",\"item\":\"https:\/\/www.alexetalex.com\/ca\/dossiers-fruites\/\"},{\"@type\":\"ListItem\",\"position\":2,\"name\":\"Fruits\",\"item\":\"https:\/\/www.alexetalex.com\/ca\/dossiers-fruites\/route-des-fruits\/\"},{\"@type\":\"ListItem\",\"position\":3,\"name\":\"Dossier\"}]}]}<\/script>\n<!-- \/ Yoast SEO plugin. -->","yoast_head_json":{"title":"Fruits de saison : le calendrier du N\u00b01 des fruits au bureau - A & A","description":"Avec notre calendrier des fruits de saison, rien de plus simple que de consommer de saison ! Nous sommes sp\u00e9cialis\u00e9s dans les fruits au bureau, et nous achetons 20 tonnes par semaine","robots":{"index":"index","follow":"follow","max-snippet":"max-snippet:-1","max-image-preview":"max-image-preview:large","max-video-preview":"max-video-preview:-1"},"canonical":"https:\/\/www.alexetalex.com\/ca\/dossiers-fruites\/route-des-fruits\/fruits-de-saison\/","og_locale":"fr_FR","og_type":"article","og_title":"Fruits de saison : le calendrier du N\u00b01 des fruits au bureau - A & A","og_description":"Avec notre calendrier des fruits de saison, rien de plus simple que de consommer de saison ! Nous sommes sp\u00e9cialis\u00e9s dans les fruits au bureau, et nous achetons 20 tonnes par semaine","og_url":"https:\/\/www.alexetalex.com\/ca\/dossiers-fruites\/route-des-fruits\/fruits-de-saison\/","article_modified_time":"2020-11-07T10:39:43+00:00","og_image":[{"width":827,"height":688,"url":"https:\/\/www.alexetalex.com\/ca\/wp-content\/uploads\/2018\/12\/Infographie-fruits-printempsBDbis.jpg","type":"image\/jpeg"}],"twitter_misc":{"Dur\u00e9e de lecture estim\u00e9e":"3 minutes"},"schema":{"@context":"https:\/\/schema.org","@graph":[{"@type":"Organization","@id":"https:\/\/www.alexetalex.com\/ca\/#organization","name":"Alex & Alex","url":"https:\/\/www.alexetalex.com\/ca\/","sameAs":[],"logo":{"@type":"ImageObject","@id":"https:\/\/www.alexetalex.com\/ca\/#logo","inLanguage":"fr-FR","url":"https:\/\/www.alexetalex.com\/ca\/wp-content\/uploads\/2020\/04\/alexalex-1.png","contentUrl":"https:\/\/www.alexetalex.com\/ca\/wp-content\/uploads\/2020\/04\/alexalex-1.png","width":51,"height":50,"caption":"Alex & Alex"},"image":{"@id":"https:\/\/www.alexetalex.com\/ca\/#logo"}},{"@type":"WebSite","@id":"https:\/\/www.alexetalex.com\/ca\/#website","url":"https:\/\/www.alexetalex.com\/ca\/","name":"","description":"","publisher":{"@id":"https:\/\/www.alexetalex.com\/ca\/#organization"},"potentialAction":[{"@type":"SearchAction","target":{"@type":"EntryPoint","urlTemplate":"https:\/\/www.alexetalex.com\/ca\/?s={search_term_string}"},"query-input":"required name=search_term_string"}],"inLanguage":"fr-FR"},{"@type":"ImageObject","@id":"https:\/\/www.alexetalex.com\/ca\/dossiers-fruites\/route-des-fruits\/fruits-de-saison\/#primaryimage","inLanguage":"fr-FR","url":"https:\/\/www.alexetalex.com\/ca\/wp-content\/uploads\/2018\/12\/Infographie-fruits-printempsBDbis.jpg","contentUrl":"https:\/\/www.alexetalex.com\/ca\/wp-content\/uploads\/2018\/12\/Infographie-fruits-printempsBDbis.jpg","width":827,"height":688},{"@type":"WebPage","@id":"https:\/\/www.alexetalex.com\/ca\/dossiers-fruites\/route-des-fruits\/fruits-de-saison\/#webpage","url":"https:\/\/www.alexetalex.com\/ca\/dossiers-fruites\/route-des-fruits\/fruits-de-saison\/","name":"Fruits de saison : le calendrier du N\u00b01 des fruits au bureau - A & A","isPartOf":{"@id":"https:\/\/www.alexetalex.com\/ca\/#website"},"primaryImageOfPage":{"@id":"https:\/\/www.alexetalex.com\/ca\/dossiers-fruites\/route-des-fruits\/fruits-de-saison\/#primaryimage"},"datePublished":"2018-12-21T13:17:53+00:00","dateModified":"2020-11-07T10:39:43+00:00","description":"Avec notre calendrier des fruits de saison, rien de plus simple que de consommer de saison ! Nous sommes sp\u00e9cialis\u00e9s dans les fruits au bureau, et nous achetons 20 tonnes par semaine","breadcrumb":{"@id":"https:\/\/www.alexetalex.com\/ca\/dossiers-fruites\/route-des-fruits\/fruits-de-saison\/#breadcrumb"},"inLanguage":"fr-FR","potentialAction":[{"@type":"ReadAction","target":["https:\/\/www.alexetalex.com\/ca\/dossiers-fruites\/route-des-fruits\/fruits-de-saison\/"]}]},{"@type":"BreadcrumbList","@id":"https:\/\/www.alexetalex.com\/ca\/dossiers-fruites\/route-des-fruits\/fruits-de-saison\/#breadcrumb","itemListElement":[{"@type":"ListItem","position":1,"name":"Magazine","item":"https:\/\/www.alexetalex.com\/ca\/dossiers-fruites\/"},{"@type":"ListItem","position":2,"name":"Fruits","item":"https:\/\/www.alexetalex.com\/ca\/dossiers-fruites\/route-des-fruits\/"},{"@type":"ListItem","position":3,"name":"Dossier"}]}]}},"_links":{"self":[{"href":"https:\/\/www.alexetalex.com\/ca\/wp-json\/wp\/v2\/pages\/9792"}],"collection":[{"href":"https:\/\/www.alexetalex.com\/ca\/wp-json\/wp\/v2\/pages"}],"about":[{"href":"https:\/\/www.alexetalex.com\/ca\/wp-json\/wp\/v2\/types\/page"}],"author":[{"embeddable":true,"href":"https:\/\/www.alexetalex.com\/ca\/wp-json\/wp\/v2\/users\/4"}],"replies":[{"embeddable":true,"href":"https:\/\/www.alexetalex.com\/ca\/wp-json\/wp\/v2\/comments?post=9792"}],"version-history":[{"count":4,"href":"https:\/\/www.alexetalex.com\/ca\/wp-json\/wp\/v2\/pages\/9792\/revisions"}],"predecessor-version":[{"id":17448,"href":"https:\/\/www.alexetalex.com\/ca\/wp-json\/wp\/v2\/pages\/9792\/revisions\/17448"}],"up":[{"embeddable":true,"href":"https:\/\/www.alexetalex.com\/ca\/wp-json\/wp\/v2\/pages\/8732"}],"wp:featuredmedia":[{"embeddable":true,"href":"https:\/\/www.alexetalex.com\/ca\/wp-json\/wp\/v2\/media\/9793"}],"wp:attachment":[{"href":"https:\/\/www.alexetalex.com\/ca\/wp-json\/wp\/v2\/media?parent=9792"}],"curies":[{"name":"wp","href":"https:\/\/api.w.org\/{rel}","templated":true}]}}