{"id":16780,"date":"2020-05-05T01:34:44","date_gmt":"2020-05-05T00:34:44","guid":{"rendered":"https:\/\/www.alexetalex.com\/ca\/?post_type=product&#038;p=16780"},"modified":"2020-05-08T02:17:08","modified_gmt":"2020-05-08T01:17:08","slug":"panier-moyen-format-particuliers","status":"publish","type":"product","link":"https:\/\/www.alexetalex.com\/ca\/produit\/panier-moyen-format-particuliers\/","title":{"rendered":"Panier Moyen Format"},"content":{"rendered":"<p>(6kg &#8211; 3\/4 personnes)<\/p>\n","protected":false},"excerpt":{"rendered":"<p><strong>Pour 3 \u00e0 4 personnes<\/strong><br \/>\n10lbs de fruits et l\u00e9gumes<br \/>\n5 \u00e0 7 vari\u00e9t\u00e9s<br \/>\nSelon arrivages<br \/>\n36$ \/ livraison (4 livraisons)<\/p>\n","protected":false},"featured_media":16937,"template":"","meta":{"_et_pb_use_builder":"","_et_pb_old_content":"","_et_gb_content_width":""},"product_cat":[111],"product_tag":[],"acf":[],"yoast_head":"<!-- This site is optimized with the Yoast SEO plugin v17.6 - https:\/\/yoast.com\/wordpress\/plugins\/seo\/ -->\n<title>Panier Moyen Format -<\/title>\n<meta name=\"robots\" content=\"index, follow, max-snippet:-1, max-image-preview:large, max-video-preview:-1\" \/>\n<link rel=\"canonical\" href=\"https:\/\/www.alexetalex.com\/ca\/produit\/panier-moyen-format-particuliers\/\" \/>\n<meta property=\"og:locale\" content=\"fr_FR\" \/>\n<meta property=\"og:type\" content=\"article\" \/>\n<meta property=\"og:title\" content=\"Panier Moyen Format -\" \/>\n<meta property=\"og:description\" content=\"Pour 3 \u00e0 4 personnes 10lbs de fruits et l\u00e9gumes 5 \u00e0 7 vari\u00e9t\u00e9s Selon arrivages 36$ \/ livraison (4 livraisons)\" \/>\n<meta property=\"og:url\" content=\"https:\/\/www.alexetalex.com\/ca\/produit\/panier-moyen-format-particuliers\/\" \/>\n<meta property=\"article:modified_time\" content=\"2020-05-08T01:17:08+00:00\" \/>\n<meta property=\"og:image\" content=\"https:\/\/www.alexetalex.com\/ca\/wp-content\/uploads\/2020\/04\/panier-particuliers.jpg\" \/>\n\t<meta property=\"og:image:width\" content=\"800\" \/>\n\t<meta property=\"og:image:height\" content=\"500\" \/>\n<script type=\"application\/ld+json\" class=\"yoast-schema-graph\">{\"@context\":\"https:\/\/schema.org\",\"@graph\":[{\"@type\":\"Organization\",\"@id\":\"https:\/\/www.alexetalex.com\/ca\/#organization\",\"name\":\"Alex & Alex\",\"url\":\"https:\/\/www.alexetalex.com\/ca\/\",\"sameAs\":[],\"logo\":{\"@type\":\"ImageObject\",\"@id\":\"https:\/\/www.alexetalex.com\/ca\/#logo\",\"inLanguage\":\"fr-FR\",\"url\":\"https:\/\/www.alexetalex.com\/ca\/wp-content\/uploads\/2020\/04\/alexalex-1.png\",\"contentUrl\":\"https:\/\/www.alexetalex.com\/ca\/wp-content\/uploads\/2020\/04\/alexalex-1.png\",\"width\":51,\"height\":50,\"caption\":\"Alex & Alex\"},\"image\":{\"@id\":\"https:\/\/www.alexetalex.com\/ca\/#logo\"}},{\"@type\":\"WebSite\",\"@id\":\"https:\/\/www.alexetalex.com\/ca\/#website\",\"url\":\"https:\/\/www.alexetalex.com\/ca\/\",\"name\":\"\",\"description\":\"\",\"publisher\":{\"@id\":\"https:\/\/www.alexetalex.com\/ca\/#organization\"},\"potentialAction\":[{\"@type\":\"SearchAction\",\"target\":{\"@type\":\"EntryPoint\",\"urlTemplate\":\"https:\/\/www.alexetalex.com\/ca\/?s={search_term_string}\"},\"query-input\":\"required name=search_term_string\"}],\"inLanguage\":\"fr-FR\"},{\"@type\":\"ImageObject\",\"@id\":\"https:\/\/www.alexetalex.com\/ca\/produit\/panier-moyen-format-particuliers\/#primaryimage\",\"inLanguage\":\"fr-FR\",\"url\":\"https:\/\/www.alexetalex.com\/ca\/wp-content\/uploads\/2020\/04\/panier-particuliers.jpg\",\"contentUrl\":\"https:\/\/www.alexetalex.com\/ca\/wp-content\/uploads\/2020\/04\/panier-particuliers.jpg\",\"width\":800,\"height\":500},{\"@type\":\"WebPage\",\"@id\":\"https:\/\/www.alexetalex.com\/ca\/produit\/panier-moyen-format-particuliers\/#webpage\",\"url\":\"https:\/\/www.alexetalex.com\/ca\/produit\/panier-moyen-format-particuliers\/\",\"name\":\"Panier Moyen Format -\",\"isPartOf\":{\"@id\":\"https:\/\/www.alexetalex.com\/ca\/#website\"},\"primaryImageOfPage\":{\"@id\":\"https:\/\/www.alexetalex.com\/ca\/produit\/panier-moyen-format-particuliers\/#primaryimage\"},\"datePublished\":\"2020-05-05T00:34:44+00:00\",\"dateModified\":\"2020-05-08T01:17:08+00:00\",\"breadcrumb\":{\"@id\":\"https:\/\/www.alexetalex.com\/ca\/produit\/panier-moyen-format-particuliers\/#breadcrumb\"},\"inLanguage\":\"fr-FR\",\"potentialAction\":[{\"@type\":\"ReadAction\",\"target\":[\"https:\/\/www.alexetalex.com\/ca\/produit\/panier-moyen-format-particuliers\/\"]}]},{\"@type\":\"BreadcrumbList\",\"@id\":\"https:\/\/www.alexetalex.com\/ca\/produit\/panier-moyen-format-particuliers\/#breadcrumb\",\"itemListElement\":[{\"@type\":\"ListItem\",\"position\":1,\"name\":\"Produits\",\"item\":\"https:\/\/www.alexetalex.com\/ca\/shop\/\"},{\"@type\":\"ListItem\",\"position\":2,\"name\":\"Panier Moyen Format\"}]}]}<\/script>\n<!-- \/ Yoast SEO plugin. -->","yoast_head_json":{"title":"Panier Moyen Format -","robots":{"index":"index","follow":"follow","max-snippet":"max-snippet:-1","max-image-preview":"max-image-preview:large","max-video-preview":"max-video-preview:-1"},"canonical":"https:\/\/www.alexetalex.com\/ca\/produit\/panier-moyen-format-particuliers\/","og_locale":"fr_FR","og_type":"article","og_title":"Panier Moyen Format -","og_description":"Pour 3 \u00e0 4 personnes 10lbs de fruits et l\u00e9gumes 5 \u00e0 7 vari\u00e9t\u00e9s Selon arrivages 36$ \/ livraison (4 livraisons)","og_url":"https:\/\/www.alexetalex.com\/ca\/produit\/panier-moyen-format-particuliers\/","article_modified_time":"2020-05-08T01:17:08+00:00","og_image":[{"width":800,"height":500,"url":"https:\/\/www.alexetalex.com\/ca\/wp-content\/uploads\/2020\/04\/panier-particuliers.jpg","type":"image\/jpeg"}],"schema":{"@context":"https:\/\/schema.org","@graph":[{"@type":"Organization","@id":"https:\/\/www.alexetalex.com\/ca\/#organization","name":"Alex & Alex","url":"https:\/\/www.alexetalex.com\/ca\/","sameAs":[],"logo":{"@type":"ImageObject","@id":"https:\/\/www.alexetalex.com\/ca\/#logo","inLanguage":"fr-FR","url":"https:\/\/www.alexetalex.com\/ca\/wp-content\/uploads\/2020\/04\/alexalex-1.png","contentUrl":"https:\/\/www.alexetalex.com\/ca\/wp-content\/uploads\/2020\/04\/alexalex-1.png","width":51,"height":50,"caption":"Alex & Alex"},"image":{"@id":"https:\/\/www.alexetalex.com\/ca\/#logo"}},{"@type":"WebSite","@id":"https:\/\/www.alexetalex.com\/ca\/#website","url":"https:\/\/www.alexetalex.com\/ca\/","name":"","description":"","publisher":{"@id":"https:\/\/www.alexetalex.com\/ca\/#organization"},"potentialAction":[{"@type":"SearchAction","target":{"@type":"EntryPoint","urlTemplate":"https:\/\/www.alexetalex.com\/ca\/?s={search_term_string}"},"query-input":"required name=search_term_string"}],"inLanguage":"fr-FR"},{"@type":"ImageObject","@id":"https:\/\/www.alexetalex.com\/ca\/produit\/panier-moyen-format-particuliers\/#primaryimage","inLanguage":"fr-FR","url":"https:\/\/www.alexetalex.com\/ca\/wp-content\/uploads\/2020\/04\/panier-particuliers.jpg","contentUrl":"https:\/\/www.alexetalex.com\/ca\/wp-content\/uploads\/2020\/04\/panier-particuliers.jpg","width":800,"height":500},{"@type":"WebPage","@id":"https:\/\/www.alexetalex.com\/ca\/produit\/panier-moyen-format-particuliers\/#webpage","url":"https:\/\/www.alexetalex.com\/ca\/produit\/panier-moyen-format-particuliers\/","name":"Panier Moyen Format -","isPartOf":{"@id":"https:\/\/www.alexetalex.com\/ca\/#website"},"primaryImageOfPage":{"@id":"https:\/\/www.alexetalex.com\/ca\/produit\/panier-moyen-format-particuliers\/#primaryimage"},"datePublished":"2020-05-05T00:34:44+00:00","dateModified":"2020-05-08T01:17:08+00:00","breadcrumb":{"@id":"https:\/\/www.alexetalex.com\/ca\/produit\/panier-moyen-format-particuliers\/#breadcrumb"},"inLanguage":"fr-FR","potentialAction":[{"@type":"ReadAction","target":["https:\/\/www.alexetalex.com\/ca\/produit\/panier-moyen-format-particuliers\/"]}]},{"@type":"BreadcrumbList","@id":"https:\/\/www.alexetalex.com\/ca\/produit\/panier-moyen-format-particuliers\/#breadcrumb","itemListElement":[{"@type":"ListItem","position":1,"name":"Produits","item":"https:\/\/www.alexetalex.com\/ca\/shop\/"},{"@type":"ListItem","position":2,"name":"Panier Moyen Format"}]}]}},"_links":{"self":[{"href":"https:\/\/www.alexetalex.com\/ca\/wp-json\/wp\/v2\/product\/16780"}],"collection":[{"href":"https:\/\/www.alexetalex.com\/ca\/wp-json\/wp\/v2\/product"}],"about":[{"href":"https:\/\/www.alexetalex.com\/ca\/wp-json\/wp\/v2\/types\/product"}],"wp:featuredmedia":[{"embeddable":true,"href":"https:\/\/www.alexetalex.com\/ca\/wp-json\/wp\/v2\/media\/16937"}],"wp:attachment":[{"href":"https:\/\/www.alexetalex.com\/ca\/wp-json\/wp\/v2\/media?parent=16780"}],"wp:term":[{"taxonomy":"product_cat","embeddable":true,"href":"https:\/\/www.alexetalex.com\/ca\/wp-json\/wp\/v2\/product_cat?post=16780"},{"taxonomy":"product_tag","embeddable":true,"href":"https:\/\/www.alexetalex.com\/ca\/wp-json\/wp\/v2\/product_tag?post=16780"}],"curies":[{"name":"wp","href":"https:\/\/api.w.org\/{rel}","templated":true}]}}